{"id":1006,"date":"2023-07-13T11:04:43","date_gmt":"2023-07-13T11:04:43","guid":{"rendered":"https:\/\/hotelencinardesotogrande.com\/?page_id=1006"},"modified":"2026-02-02T13:39:24","modified_gmt":"2026-02-02T13:39:24","slug":"junior-suite-con-vistas","status":"publish","type":"page","link":"https:\/\/hotelencinardesotogrande.com\/de\/zimmer\/junior-suite-con-vistas\/","title":{"rendered":"JUNIOR-SUITE MIT AUSSICHT"},"content":{"rendered":"<div class=\"row wpb_row row-fluid no-row-padding full-width-row no-column-padding vc_custom_1689241089835 row-has-fill\"><div class=\"wpb_column columns medium-12 thb-dark-column small-12\"><div class=\"vc_column-inner\"><div class=\"wpb_wrapper\"><div class=\"vc_empty_space\" id=\"thb-empty-space-69de16f96d763\"  style=\"height: 7vh\" ><span class=\"vc_empty_space_inner\"><\/span><\/div>\n\n\t<div class=\"wpb_text_column wpb_content_element\" >\n\t\t<div class=\"wpb_wrapper\">\n\t\t\t<h3 style=\"text-align: center;\">JUNIOR-SUITE MIT AUSSICHT<\/h3>\n<h6 style=\"text-align: center;\"><a href=\"https:\/\/hotelencinardesotogrande.com\/de\/zimmer\/\">&lt; ALLE ZIMMER<\/a><\/h6>\n\n\t\t<\/div>\n\t<\/div>\n<div class=\"vc_empty_space\" id=\"thb-empty-space-69de16f96d8d8\"  style=\"height: 3vh\" ><span class=\"vc_empty_space_inner\"><\/span><\/div>\n<\/div><\/div><\/div><\/div><div class=\"row wpb_row row-fluid no-row-padding full-width-row no-column-padding vc_custom_1689241236857 row-has-fill row-o-content-top row-flex\"><div class=\"wpb_column columns medium-6 thb-dark-column small-12\"><div class=\"vc_column-inner   vc_custom_1689241035572\"><div class=\"wpb_wrapper\">\n\t<div class=\"wpb_text_column wpb_content_element\" >\n\t\t<div class=\"wpb_wrapper\">\n\t\t\t<p>Sch\u00f6ne und ger\u00e4umige Zimmer von 43m2. Ger\u00e4umiges Wohnzimmer mit TV. Schlafzimmer mit hellem en-suite Badezimmer.<\/p>\n<p>Es hat 2 Terrassen: eine ohne Aussicht, sehr diskret zum Entspannen, und eine andere sehr gro\u00dfe mit sch\u00f6nem Blick auf den Gartenbereich.<span class=\"Apple-converted-space\">\u00a0 <\/span>und Golf La Ca\u00f1ada und verf\u00fcgt au\u00dferdem \u00fcber zwei Liegest\u00fchle und einen privaten Whirlpool.<\/p>\n<p>Klimaanlage, WLAN, Anwesenheitssensor f\u00fcr die Nachtbeleuchtung, Nespresso\u00ae-Kaffee- und Teezubereitungsm\u00f6glichkeiten, Bademantel, Rituals\u00ae-Pflegeprodukte, Kissenauswahl im Zimmer (auf Anfrage), Haartrockner, Vergr\u00f6\u00dferungsspiegel, Minibar, Safe, TV 50\" mit Satellitenkan\u00e4len, B\u00fcgeleisen und B\u00fcgelbrett.<\/p>\n\n\t\t<\/div>\n\t<\/div>\n<\/div><\/div><\/div><div class=\"wpb_column columns medium-6 thb-dark-column small-12\"><div class=\"vc_column-inner\"><div class=\"wpb_wrapper\"><div class=\"row wpb_row vc_inner row-fluid max_width\"><div class=\"wpb_column columns medium-4 thb-dark-column small-12\"><div class=\"vc_column-inner\"><div class=\"wpb_wrapper\">\n\t<div class=\"wpb_text_column wpb_content_element\" >\n\t\t<div class=\"wpb_wrapper\">\n\t\t\t<ul>\n<li>50\u2033 FERNSEHER<\/li>\n<li>Eisen<\/li>\n<li>Wohnbereich<\/li>\n<li class=\"\">Nespresso\u00ae Kaffeemaschine\/Teekocher<\/li>\n<li class=\"\">Schreibtisch<\/li>\n<li class=\"\">Balkon<\/li>\n<li class=\"\">Telefon<\/li>\n<li class=\"\">Klimatisierung<\/li>\n<li class=\"\">Heizung<\/li>\n<\/ul>\n\n\t\t<\/div>\n\t<\/div>\n<\/div><\/div><\/div><div class=\"wpb_column columns medium-4 thb-dark-column small-12\"><div class=\"vc_column-inner\"><div class=\"wpb_wrapper\">\n\t<div class=\"wpb_text_column wpb_content_element\" >\n\t\t<div class=\"wpb_wrapper\">\n\t\t\t<ul>\n<li>Bezahlte Minibar<\/li>\n<li class=\"\">Kostenloser Safe<\/li>\n<li class=\"\">Kostenloses WiFi-Internet<\/li>\n<li class=\"\">Gefliester Boden<\/li>\n<li class=\"\">Weckdienst<\/li>\n<li class=\"\">M\u00f6glichkeit des Fr\u00fchst\u00fccks auf dem Zimmer<\/li>\n<li class=\"\">Schalldichte Fenster<\/li>\n<\/ul>\n\n\t\t<\/div>\n\t<\/div>\n<\/div><\/div><\/div><div class=\"wpb_column columns medium-4 thb-dark-column small-12\"><div class=\"vc_column-inner\"><div class=\"wpb_wrapper\">\n\t<div class=\"wpb_text_column wpb_content_element\" >\n\t\t<div class=\"wpb_wrapper\">\n\t\t\t<h6>Privates Badezimmer:<\/h6>\n<ul>\n<li class=\"\">Toilette<\/li>\n<li class=\"\">Dusche<\/li>\n<li>Badewanne<\/li>\n<li class=\"\">Haartrockner<\/li>\n<li class=\"\">Schminkspiegel<\/li>\n<li>Rituals\u00ae Badezus\u00e4tze<\/li>\n<li>Bademantel und Hausschuhe<\/li>\n<li><\/li>\n<\/ul>\n\n\t\t<\/div>\n\t<\/div>\n<\/div><\/div><\/div><\/div><\/div><\/div><\/div><\/div><div class=\"row wpb_row row-fluid no-row-padding full-width-row no-column-padding vc_custom_1689241089835 row-has-fill\"><div class=\"wpb_column columns medium-12 thb-dark-column small-12\"><div class=\"vc_column-inner\"><div class=\"wpb_wrapper\">\t<div id=\"thb-image-slider-273\" class=\"thb-image-slider thb-carousel row  overflow-visible  thb_equal_height\" data-pagination=\"true\" data-center=\"\" data-columns=\"small-12 medium-6\" data-infinite=\"true\" data-autoplay=\"true\" data-autoplay-speed=\"4000\" data-navigation=\"\">\n\t\t\t\t\t\t<figure class=\"columns\">\n\t\t\t\t\t\t\t\t<img loading=\"lazy\" decoding=\"async\" width=\"2560\" height=\"1707\" src=\"https:\/\/hotelencinardesotogrande.com\/wp-content\/uploads\/2026\/02\/241024-HOTEL-ENCINAR-SOTOGRANDE-27-scaled.jpg\" class=\"attachment-full size-full\" alt=\"\" srcset=\"https:\/\/hotelencinardesotogrande.com\/wp-content\/uploads\/2026\/02\/241024-HOTEL-ENCINAR-SOTOGRANDE-27-scaled.jpg 2560w, https:\/\/hotelencinardesotogrande.com\/wp-content\/uploads\/2026\/02\/241024-HOTEL-ENCINAR-SOTOGRANDE-27-300x200.jpg 300w, https:\/\/hotelencinardesotogrande.com\/wp-content\/uploads\/2026\/02\/241024-HOTEL-ENCINAR-SOTOGRANDE-27-1024x683.jpg 1024w, https:\/\/hotelencinardesotogrande.com\/wp-content\/uploads\/2026\/02\/241024-HOTEL-ENCINAR-SOTOGRANDE-27-768x512.jpg 768w, https:\/\/hotelencinardesotogrande.com\/wp-content\/uploads\/2026\/02\/241024-HOTEL-ENCINAR-SOTOGRANDE-27-1536x1024.jpg 1536w, https:\/\/hotelencinardesotogrande.com\/wp-content\/uploads\/2026\/02\/241024-HOTEL-ENCINAR-SOTOGRANDE-27-2048x1365.jpg 2048w, https:\/\/hotelencinardesotogrande.com\/wp-content\/uploads\/2026\/02\/241024-HOTEL-ENCINAR-SOTOGRANDE-27-18x12.jpg 18w, https:\/\/hotelencinardesotogrande.com\/wp-content\/uploads\/2026\/02\/241024-HOTEL-ENCINAR-SOTOGRANDE-27-380x253.jpg 380w, https:\/\/hotelencinardesotogrande.com\/wp-content\/uploads\/2026\/02\/241024-HOTEL-ENCINAR-SOTOGRANDE-27-190x127.jpg 190w, https:\/\/hotelencinardesotogrande.com\/wp-content\/uploads\/2026\/02\/241024-HOTEL-ENCINAR-SOTOGRANDE-27-760x507.jpg 760w, https:\/\/hotelencinardesotogrande.com\/wp-content\/uploads\/2026\/02\/241024-HOTEL-ENCINAR-SOTOGRANDE-27-1140x760.jpg 1140w, https:\/\/hotelencinardesotogrande.com\/wp-content\/uploads\/2026\/02\/241024-HOTEL-ENCINAR-SOTOGRANDE-27-20x13.jpg 20w\" sizes=\"auto, (max-width: 2560px) 100vw, 2560px\" \/>\t\t\t\t\t\t\t\t<\/figure>\n\t\t\t\t\t\t\t<figure class=\"columns\">\n\t\t\t\t\t\t\t\t<img loading=\"lazy\" decoding=\"async\" width=\"2560\" height=\"1707\" src=\"https:\/\/hotelencinardesotogrande.com\/wp-content\/uploads\/2026\/02\/241024-HOTEL-ENCINAR-SOTOGRANDE-19-scaled.jpg\" class=\"attachment-full size-full\" alt=\"\" srcset=\"https:\/\/hotelencinardesotogrande.com\/wp-content\/uploads\/2026\/02\/241024-HOTEL-ENCINAR-SOTOGRANDE-19-scaled.jpg 2560w, https:\/\/hotelencinardesotogrande.com\/wp-content\/uploads\/2026\/02\/241024-HOTEL-ENCINAR-SOTOGRANDE-19-300x200.jpg 300w, https:\/\/hotelencinardesotogrande.com\/wp-content\/uploads\/2026\/02\/241024-HOTEL-ENCINAR-SOTOGRANDE-19-1024x683.jpg 1024w, https:\/\/hotelencinardesotogrande.com\/wp-content\/uploads\/2026\/02\/241024-HOTEL-ENCINAR-SOTOGRANDE-19-768x512.jpg 768w, https:\/\/hotelencinardesotogrande.com\/wp-content\/uploads\/2026\/02\/241024-HOTEL-ENCINAR-SOTOGRANDE-19-1536x1024.jpg 1536w, https:\/\/hotelencinardesotogrande.com\/wp-content\/uploads\/2026\/02\/241024-HOTEL-ENCINAR-SOTOGRANDE-19-2048x1365.jpg 2048w, https:\/\/hotelencinardesotogrande.com\/wp-content\/uploads\/2026\/02\/241024-HOTEL-ENCINAR-SOTOGRANDE-19-18x12.jpg 18w, https:\/\/hotelencinardesotogrande.com\/wp-content\/uploads\/2026\/02\/241024-HOTEL-ENCINAR-SOTOGRANDE-19-380x253.jpg 380w, https:\/\/hotelencinardesotogrande.com\/wp-content\/uploads\/2026\/02\/241024-HOTEL-ENCINAR-SOTOGRANDE-19-190x127.jpg 190w, https:\/\/hotelencinardesotogrande.com\/wp-content\/uploads\/2026\/02\/241024-HOTEL-ENCINAR-SOTOGRANDE-19-760x507.jpg 760w, https:\/\/hotelencinardesotogrande.com\/wp-content\/uploads\/2026\/02\/241024-HOTEL-ENCINAR-SOTOGRANDE-19-1140x760.jpg 1140w, https:\/\/hotelencinardesotogrande.com\/wp-content\/uploads\/2026\/02\/241024-HOTEL-ENCINAR-SOTOGRANDE-19-20x13.jpg 20w\" sizes=\"auto, (max-width: 2560px) 100vw, 2560px\" \/>\t\t\t\t\t\t\t\t<\/figure>\n\t\t\t\t\t\t\t<figure class=\"columns\">\n\t\t\t\t\t\t\t\t<img loading=\"lazy\" decoding=\"async\" width=\"1707\" height=\"2560\" src=\"https:\/\/hotelencinardesotogrande.com\/wp-content\/uploads\/2026\/02\/241024-HOTEL-ENCINAR-SOTOGRANDE-26-scaled.jpg\" class=\"attachment-full size-full\" alt=\"\" srcset=\"https:\/\/hotelencinardesotogrande.com\/wp-content\/uploads\/2026\/02\/241024-HOTEL-ENCINAR-SOTOGRANDE-26-scaled.jpg 1707w, https:\/\/hotelencinardesotogrande.com\/wp-content\/uploads\/2026\/02\/241024-HOTEL-ENCINAR-SOTOGRANDE-26-200x300.jpg 200w, https:\/\/hotelencinardesotogrande.com\/wp-content\/uploads\/2026\/02\/241024-HOTEL-ENCINAR-SOTOGRANDE-26-683x1024.jpg 683w, https:\/\/hotelencinardesotogrande.com\/wp-content\/uploads\/2026\/02\/241024-HOTEL-ENCINAR-SOTOGRANDE-26-768x1152.jpg 768w, https:\/\/hotelencinardesotogrande.com\/wp-content\/uploads\/2026\/02\/241024-HOTEL-ENCINAR-SOTOGRANDE-26-1024x1536.jpg 1024w, https:\/\/hotelencinardesotogrande.com\/wp-content\/uploads\/2026\/02\/241024-HOTEL-ENCINAR-SOTOGRANDE-26-1365x2048.jpg 1365w, https:\/\/hotelencinardesotogrande.com\/wp-content\/uploads\/2026\/02\/241024-HOTEL-ENCINAR-SOTOGRANDE-26-8x12.jpg 8w, https:\/\/hotelencinardesotogrande.com\/wp-content\/uploads\/2026\/02\/241024-HOTEL-ENCINAR-SOTOGRANDE-26-380x570.jpg 380w, https:\/\/hotelencinardesotogrande.com\/wp-content\/uploads\/2026\/02\/241024-HOTEL-ENCINAR-SOTOGRANDE-26-20x30.jpg 20w, https:\/\/hotelencinardesotogrande.com\/wp-content\/uploads\/2026\/02\/241024-HOTEL-ENCINAR-SOTOGRANDE-26-190x285.jpg 190w, https:\/\/hotelencinardesotogrande.com\/wp-content\/uploads\/2026\/02\/241024-HOTEL-ENCINAR-SOTOGRANDE-26-760x1140.jpg 760w, https:\/\/hotelencinardesotogrande.com\/wp-content\/uploads\/2026\/02\/241024-HOTEL-ENCINAR-SOTOGRANDE-26-1140x1710.jpg 1140w\" sizes=\"auto, (max-width: 1707px) 100vw, 1707px\" \/>\t\t\t\t\t\t\t\t<\/figure>\n\t\t\t\t\t\t\t<figure class=\"columns\">\n\t\t\t\t\t\t\t\t<img loading=\"lazy\" decoding=\"async\" width=\"2560\" height=\"1707\" src=\"https:\/\/hotelencinardesotogrande.com\/wp-content\/uploads\/2026\/02\/241024-HOTEL-ENCINAR-SOTOGRANDE-28-scaled.jpg\" class=\"attachment-full size-full\" alt=\"\" srcset=\"https:\/\/hotelencinardesotogrande.com\/wp-content\/uploads\/2026\/02\/241024-HOTEL-ENCINAR-SOTOGRANDE-28-scaled.jpg 2560w, https:\/\/hotelencinardesotogrande.com\/wp-content\/uploads\/2026\/02\/241024-HOTEL-ENCINAR-SOTOGRANDE-28-300x200.jpg 300w, https:\/\/hotelencinardesotogrande.com\/wp-content\/uploads\/2026\/02\/241024-HOTEL-ENCINAR-SOTOGRANDE-28-1024x683.jpg 1024w, https:\/\/hotelencinardesotogrande.com\/wp-content\/uploads\/2026\/02\/241024-HOTEL-ENCINAR-SOTOGRANDE-28-768x512.jpg 768w, https:\/\/hotelencinardesotogrande.com\/wp-content\/uploads\/2026\/02\/241024-HOTEL-ENCINAR-SOTOGRANDE-28-1536x1024.jpg 1536w, https:\/\/hotelencinardesotogrande.com\/wp-content\/uploads\/2026\/02\/241024-HOTEL-ENCINAR-SOTOGRANDE-28-2048x1365.jpg 2048w, https:\/\/hotelencinardesotogrande.com\/wp-content\/uploads\/2026\/02\/241024-HOTEL-ENCINAR-SOTOGRANDE-28-18x12.jpg 18w, https:\/\/hotelencinardesotogrande.com\/wp-content\/uploads\/2026\/02\/241024-HOTEL-ENCINAR-SOTOGRANDE-28-380x253.jpg 380w, https:\/\/hotelencinardesotogrande.com\/wp-content\/uploads\/2026\/02\/241024-HOTEL-ENCINAR-SOTOGRANDE-28-190x127.jpg 190w, https:\/\/hotelencinardesotogrande.com\/wp-content\/uploads\/2026\/02\/241024-HOTEL-ENCINAR-SOTOGRANDE-28-760x507.jpg 760w, https:\/\/hotelencinardesotogrande.com\/wp-content\/uploads\/2026\/02\/241024-HOTEL-ENCINAR-SOTOGRANDE-28-1140x760.jpg 1140w, https:\/\/hotelencinardesotogrande.com\/wp-content\/uploads\/2026\/02\/241024-HOTEL-ENCINAR-SOTOGRANDE-28-20x13.jpg 20w\" sizes=\"auto, (max-width: 2560px) 100vw, 2560px\" \/>\t\t\t\t\t\t\t\t<\/figure>\n\t\t\t\t\t\t\t<figure class=\"columns\">\n\t\t\t\t\t\t\t\t<img loading=\"lazy\" decoding=\"async\" width=\"1707\" height=\"2560\" src=\"https:\/\/hotelencinardesotogrande.com\/wp-content\/uploads\/2026\/02\/241024-HOTEL-ENCINAR-SOTOGRANDE-22-scaled.jpg\" class=\"attachment-full size-full\" alt=\"\" srcset=\"https:\/\/hotelencinardesotogrande.com\/wp-content\/uploads\/2026\/02\/241024-HOTEL-ENCINAR-SOTOGRANDE-22-scaled.jpg 1707w, https:\/\/hotelencinardesotogrande.com\/wp-content\/uploads\/2026\/02\/241024-HOTEL-ENCINAR-SOTOGRANDE-22-200x300.jpg 200w, https:\/\/hotelencinardesotogrande.com\/wp-content\/uploads\/2026\/02\/241024-HOTEL-ENCINAR-SOTOGRANDE-22-683x1024.jpg 683w, https:\/\/hotelencinardesotogrande.com\/wp-content\/uploads\/2026\/02\/241024-HOTEL-ENCINAR-SOTOGRANDE-22-768x1152.jpg 768w, https:\/\/hotelencinardesotogrande.com\/wp-content\/uploads\/2026\/02\/241024-HOTEL-ENCINAR-SOTOGRANDE-22-1024x1536.jpg 1024w, https:\/\/hotelencinardesotogrande.com\/wp-content\/uploads\/2026\/02\/241024-HOTEL-ENCINAR-SOTOGRANDE-22-1365x2048.jpg 1365w, https:\/\/hotelencinardesotogrande.com\/wp-content\/uploads\/2026\/02\/241024-HOTEL-ENCINAR-SOTOGRANDE-22-8x12.jpg 8w, https:\/\/hotelencinardesotogrande.com\/wp-content\/uploads\/2026\/02\/241024-HOTEL-ENCINAR-SOTOGRANDE-22-380x570.jpg 380w, https:\/\/hotelencinardesotogrande.com\/wp-content\/uploads\/2026\/02\/241024-HOTEL-ENCINAR-SOTOGRANDE-22-20x30.jpg 20w, https:\/\/hotelencinardesotogrande.com\/wp-content\/uploads\/2026\/02\/241024-HOTEL-ENCINAR-SOTOGRANDE-22-190x285.jpg 190w, https:\/\/hotelencinardesotogrande.com\/wp-content\/uploads\/2026\/02\/241024-HOTEL-ENCINAR-SOTOGRANDE-22-760x1140.jpg 760w, https:\/\/hotelencinardesotogrande.com\/wp-content\/uploads\/2026\/02\/241024-HOTEL-ENCINAR-SOTOGRANDE-22-1140x1710.jpg 1140w\" sizes=\"auto, (max-width: 1707px) 100vw, 1707px\" \/>\t\t\t\t\t\t\t\t<\/figure>\n\t\t\t\t\t\t\t<figure class=\"columns\">\n\t\t\t\t\t\t\t\t<img loading=\"lazy\" decoding=\"async\" width=\"2560\" height=\"1707\" src=\"https:\/\/hotelencinardesotogrande.com\/wp-content\/uploads\/2026\/02\/241024-HOTEL-ENCINAR-SOTOGRANDE-21-scaled.jpg\" class=\"attachment-full size-full\" alt=\"\" srcset=\"https:\/\/hotelencinardesotogrande.com\/wp-content\/uploads\/2026\/02\/241024-HOTEL-ENCINAR-SOTOGRANDE-21-scaled.jpg 2560w, https:\/\/hotelencinardesotogrande.com\/wp-content\/uploads\/2026\/02\/241024-HOTEL-ENCINAR-SOTOGRANDE-21-300x200.jpg 300w, https:\/\/hotelencinardesotogrande.com\/wp-content\/uploads\/2026\/02\/241024-HOTEL-ENCINAR-SOTOGRANDE-21-1024x683.jpg 1024w, https:\/\/hotelencinardesotogrande.com\/wp-content\/uploads\/2026\/02\/241024-HOTEL-ENCINAR-SOTOGRANDE-21-768x512.jpg 768w, https:\/\/hotelencinardesotogrande.com\/wp-content\/uploads\/2026\/02\/241024-HOTEL-ENCINAR-SOTOGRANDE-21-1536x1024.jpg 1536w, https:\/\/hotelencinardesotogrande.com\/wp-content\/uploads\/2026\/02\/241024-HOTEL-ENCINAR-SOTOGRANDE-21-2048x1365.jpg 2048w, https:\/\/hotelencinardesotogrande.com\/wp-content\/uploads\/2026\/02\/241024-HOTEL-ENCINAR-SOTOGRANDE-21-18x12.jpg 18w, https:\/\/hotelencinardesotogrande.com\/wp-content\/uploads\/2026\/02\/241024-HOTEL-ENCINAR-SOTOGRANDE-21-380x253.jpg 380w, https:\/\/hotelencinardesotogrande.com\/wp-content\/uploads\/2026\/02\/241024-HOTEL-ENCINAR-SOTOGRANDE-21-190x127.jpg 190w, https:\/\/hotelencinardesotogrande.com\/wp-content\/uploads\/2026\/02\/241024-HOTEL-ENCINAR-SOTOGRANDE-21-760x507.jpg 760w, https:\/\/hotelencinardesotogrande.com\/wp-content\/uploads\/2026\/02\/241024-HOTEL-ENCINAR-SOTOGRANDE-21-1140x760.jpg 1140w, https:\/\/hotelencinardesotogrande.com\/wp-content\/uploads\/2026\/02\/241024-HOTEL-ENCINAR-SOTOGRANDE-21-20x13.jpg 20w\" sizes=\"auto, (max-width: 2560px) 100vw, 2560px\" \/>\t\t\t\t\t\t\t\t<\/figure>\n\t\t\t\t\t\t\t<figure class=\"columns\">\n\t\t\t\t\t\t\t\t<img loading=\"lazy\" decoding=\"async\" width=\"2560\" height=\"1707\" src=\"https:\/\/hotelencinardesotogrande.com\/wp-content\/uploads\/2026\/02\/241024-HOTEL-ENCINAR-SOTOGRANDE-20-scaled.jpg\" class=\"attachment-full size-full\" alt=\"\" srcset=\"https:\/\/hotelencinardesotogrande.com\/wp-content\/uploads\/2026\/02\/241024-HOTEL-ENCINAR-SOTOGRANDE-20-scaled.jpg 2560w, https:\/\/hotelencinardesotogrande.com\/wp-content\/uploads\/2026\/02\/241024-HOTEL-ENCINAR-SOTOGRANDE-20-300x200.jpg 300w, https:\/\/hotelencinardesotogrande.com\/wp-content\/uploads\/2026\/02\/241024-HOTEL-ENCINAR-SOTOGRANDE-20-1024x683.jpg 1024w, https:\/\/hotelencinardesotogrande.com\/wp-content\/uploads\/2026\/02\/241024-HOTEL-ENCINAR-SOTOGRANDE-20-768x512.jpg 768w, https:\/\/hotelencinardesotogrande.com\/wp-content\/uploads\/2026\/02\/241024-HOTEL-ENCINAR-SOTOGRANDE-20-1536x1024.jpg 1536w, https:\/\/hotelencinardesotogrande.com\/wp-content\/uploads\/2026\/02\/241024-HOTEL-ENCINAR-SOTOGRANDE-20-2048x1365.jpg 2048w, https:\/\/hotelencinardesotogrande.com\/wp-content\/uploads\/2026\/02\/241024-HOTEL-ENCINAR-SOTOGRANDE-20-18x12.jpg 18w, https:\/\/hotelencinardesotogrande.com\/wp-content\/uploads\/2026\/02\/241024-HOTEL-ENCINAR-SOTOGRANDE-20-380x253.jpg 380w, https:\/\/hotelencinardesotogrande.com\/wp-content\/uploads\/2026\/02\/241024-HOTEL-ENCINAR-SOTOGRANDE-20-190x127.jpg 190w, https:\/\/hotelencinardesotogrande.com\/wp-content\/uploads\/2026\/02\/241024-HOTEL-ENCINAR-SOTOGRANDE-20-760x507.jpg 760w, https:\/\/hotelencinardesotogrande.com\/wp-content\/uploads\/2026\/02\/241024-HOTEL-ENCINAR-SOTOGRANDE-20-1140x760.jpg 1140w, https:\/\/hotelencinardesotogrande.com\/wp-content\/uploads\/2026\/02\/241024-HOTEL-ENCINAR-SOTOGRANDE-20-20x13.jpg 20w\" sizes=\"auto, (max-width: 2560px) 100vw, 2560px\" \/>\t\t\t\t\t\t\t\t<\/figure>\n\t\t\t\t\t\t\t<figure class=\"columns\">\n\t\t\t\t\t\t\t\t<img loading=\"lazy\" decoding=\"async\" width=\"2560\" height=\"1707\" src=\"https:\/\/hotelencinardesotogrande.com\/wp-content\/uploads\/2026\/02\/241024-HOTEL-ENCINAR-SOTOGRANDE-17-scaled.jpg\" class=\"attachment-full size-full\" alt=\"\" srcset=\"https:\/\/hotelencinardesotogrande.com\/wp-content\/uploads\/2026\/02\/241024-HOTEL-ENCINAR-SOTOGRANDE-17-scaled.jpg 2560w, https:\/\/hotelencinardesotogrande.com\/wp-content\/uploads\/2026\/02\/241024-HOTEL-ENCINAR-SOTOGRANDE-17-300x200.jpg 300w, https:\/\/hotelencinardesotogrande.com\/wp-content\/uploads\/2026\/02\/241024-HOTEL-ENCINAR-SOTOGRANDE-17-1024x683.jpg 1024w, https:\/\/hotelencinardesotogrande.com\/wp-content\/uploads\/2026\/02\/241024-HOTEL-ENCINAR-SOTOGRANDE-17-768x512.jpg 768w, https:\/\/hotelencinardesotogrande.com\/wp-content\/uploads\/2026\/02\/241024-HOTEL-ENCINAR-SOTOGRANDE-17-1536x1024.jpg 1536w, https:\/\/hotelencinardesotogrande.com\/wp-content\/uploads\/2026\/02\/241024-HOTEL-ENCINAR-SOTOGRANDE-17-2048x1365.jpg 2048w, https:\/\/hotelencinardesotogrande.com\/wp-content\/uploads\/2026\/02\/241024-HOTEL-ENCINAR-SOTOGRANDE-17-18x12.jpg 18w, https:\/\/hotelencinardesotogrande.com\/wp-content\/uploads\/2026\/02\/241024-HOTEL-ENCINAR-SOTOGRANDE-17-380x253.jpg 380w, https:\/\/hotelencinardesotogrande.com\/wp-content\/uploads\/2026\/02\/241024-HOTEL-ENCINAR-SOTOGRANDE-17-190x127.jpg 190w, https:\/\/hotelencinardesotogrande.com\/wp-content\/uploads\/2026\/02\/241024-HOTEL-ENCINAR-SOTOGRANDE-17-760x507.jpg 760w, https:\/\/hotelencinardesotogrande.com\/wp-content\/uploads\/2026\/02\/241024-HOTEL-ENCINAR-SOTOGRANDE-17-1140x760.jpg 1140w, https:\/\/hotelencinardesotogrande.com\/wp-content\/uploads\/2026\/02\/241024-HOTEL-ENCINAR-SOTOGRANDE-17-20x13.jpg 20w\" sizes=\"auto, (max-width: 2560px) 100vw, 2560px\" \/>\t\t\t\t\t\t\t\t<\/figure>\n\t\t\t\t\t\t\t<figure class=\"columns\">\n\t\t\t\t\t\t\t\t<img loading=\"lazy\" decoding=\"async\" width=\"1707\" height=\"2560\" src=\"https:\/\/hotelencinardesotogrande.com\/wp-content\/uploads\/2026\/02\/241024-HOTEL-ENCINAR-SOTOGRANDE-16-scaled.jpg\" class=\"attachment-full size-full\" alt=\"\" srcset=\"https:\/\/hotelencinardesotogrande.com\/wp-content\/uploads\/2026\/02\/241024-HOTEL-ENCINAR-SOTOGRANDE-16-scaled.jpg 1707w, https:\/\/hotelencinardesotogrande.com\/wp-content\/uploads\/2026\/02\/241024-HOTEL-ENCINAR-SOTOGRANDE-16-200x300.jpg 200w, https:\/\/hotelencinardesotogrande.com\/wp-content\/uploads\/2026\/02\/241024-HOTEL-ENCINAR-SOTOGRANDE-16-683x1024.jpg 683w, https:\/\/hotelencinardesotogrande.com\/wp-content\/uploads\/2026\/02\/241024-HOTEL-ENCINAR-SOTOGRANDE-16-768x1152.jpg 768w, https:\/\/hotelencinardesotogrande.com\/wp-content\/uploads\/2026\/02\/241024-HOTEL-ENCINAR-SOTOGRANDE-16-1024x1536.jpg 1024w, https:\/\/hotelencinardesotogrande.com\/wp-content\/uploads\/2026\/02\/241024-HOTEL-ENCINAR-SOTOGRANDE-16-1365x2048.jpg 1365w, https:\/\/hotelencinardesotogrande.com\/wp-content\/uploads\/2026\/02\/241024-HOTEL-ENCINAR-SOTOGRANDE-16-8x12.jpg 8w, https:\/\/hotelencinardesotogrande.com\/wp-content\/uploads\/2026\/02\/241024-HOTEL-ENCINAR-SOTOGRANDE-16-380x570.jpg 380w, https:\/\/hotelencinardesotogrande.com\/wp-content\/uploads\/2026\/02\/241024-HOTEL-ENCINAR-SOTOGRANDE-16-20x30.jpg 20w, https:\/\/hotelencinardesotogrande.com\/wp-content\/uploads\/2026\/02\/241024-HOTEL-ENCINAR-SOTOGRANDE-16-190x285.jpg 190w, https:\/\/hotelencinardesotogrande.com\/wp-content\/uploads\/2026\/02\/241024-HOTEL-ENCINAR-SOTOGRANDE-16-760x1140.jpg 760w, https:\/\/hotelencinardesotogrande.com\/wp-content\/uploads\/2026\/02\/241024-HOTEL-ENCINAR-SOTOGRANDE-16-1140x1710.jpg 1140w\" sizes=\"auto, (max-width: 1707px) 100vw, 1707px\" \/>\t\t\t\t\t\t\t\t<\/figure>\n\t\t\t\t<\/div>\n\t<\/div><\/div><\/div><\/div>","protected":false},"excerpt":{"rendered":"JUNIOR SUITE MIT BLICK &lt; ALLE ZIMMER Sch\u00f6nes und ger\u00e4umiges Zimmer von 43m2. Ger\u00e4umiges Wohnzimmer mit TV. Zimmer mit hellem en-suite Badezimmer. Es hat 2 Terrassen: eine ohne Blick zum Entspannen, sehr diskret, und eine andere sehr gro\u00dfe mit sch\u00f6nem Blick auf den Garten und La Ca\u00f1ada Golfplatz, die auch zwei Terrassen hat...","protected":false},"author":1,"featured_media":1265,"parent":578,"menu_order":0,"comment_status":"closed","ping_status":"closed","template":"","meta":{"footnotes":""},"class_list":["post-1006","page","type-page","status-publish","has-post-thumbnail","hentry"],"_links":{"self":[{"href":"https:\/\/hotelencinardesotogrande.com\/de\/wp-json\/wp\/v2\/pages\/1006","targetHints":{"allow":["GET"]}}],"collection":[{"href":"https:\/\/hotelencinardesotogrande.com\/de\/wp-json\/wp\/v2\/pages"}],"about":[{"href":"https:\/\/hotelencinardesotogrande.com\/de\/wp-json\/wp\/v2\/types\/page"}],"author":[{"embeddable":true,"href":"https:\/\/hotelencinardesotogrande.com\/de\/wp-json\/wp\/v2\/users\/1"}],"replies":[{"embeddable":true,"href":"https:\/\/hotelencinardesotogrande.com\/de\/wp-json\/wp\/v2\/comments?post=1006"}],"version-history":[{"count":10,"href":"https:\/\/hotelencinardesotogrande.com\/de\/wp-json\/wp\/v2\/pages\/1006\/revisions"}],"predecessor-version":[{"id":1817,"href":"https:\/\/hotelencinardesotogrande.com\/de\/wp-json\/wp\/v2\/pages\/1006\/revisions\/1817"}],"up":[{"embeddable":true,"href":"https:\/\/hotelencinardesotogrande.com\/de\/wp-json\/wp\/v2\/pages\/578"}],"wp:featuredmedia":[{"embeddable":true,"href":"https:\/\/hotelencinardesotogrande.com\/de\/wp-json\/wp\/v2\/media\/1265"}],"wp:attachment":[{"href":"https:\/\/hotelencinardesotogrande.com\/de\/wp-json\/wp\/v2\/media?parent=1006"}],"curies":[{"name":"wp","href":"https:\/\/api.w.org\/{rel}","templated":true}]}}