{"id":1366,"date":"2024-11-18T14:48:45","date_gmt":"2024-11-18T14:48:45","guid":{"rendered":"https:\/\/hotelencinardesotogrande.com\/?page_id=1366"},"modified":"2024-11-18T15:34:36","modified_gmt":"2024-11-18T15:34:36","slug":"menus-empresa","status":"publish","type":"page","link":"https:\/\/hotelencinardesotogrande.com\/de\/weihnachten-2024\/menus-unternehmen\/","title":{"rendered":"Men\u00fcs des Unternehmens"},"content":{"rendered":"<div data-vide-bg=\"mp4: https:\/\/hotelencinardesotogrande.com\/wp-content\/uploads\/2024\/11\/xmas-background-2023-11-27-05-31-03-utc.mp4\" data-vide-options=\"posterType: none, loop: true, muted: true, position: 50% 50%, resizing: true\" class=\"row wpb_row row-fluid no-row-padding full-width-row no-column-padding thb_video_bg\"><div class=\"wpb_column columns medium-3 thb-dark-column small-12\"><div class=\"vc_column-inner\"><div class=\"wpb_wrapper\"><\/div><\/div><\/div><div class=\"wpb_column columns medium-6 thb-dark-column small-12\"><div class=\"vc_column-inner\"><div class=\"wpb_wrapper\"><div class=\"vc_empty_space\" id=\"thb-empty-space-69f64538c009f\"  style=\"height: 20vh\" ><span class=\"vc_empty_space_inner\"><\/span><\/div>\n<div class=\"row wpb_row vc_inner row-fluid max_width\"><div class=\"wpb_column columns medium-4 thb-dark-column small-12\"><div class=\"vc_column-inner\"><div class=\"wpb_wrapper\"><\/div><\/div><\/div><div class=\"wpb_column columns medium-4 thb-dark-column small-12\"><div class=\"vc_column-inner\"><div class=\"wpb_wrapper\">\n\t<div  class=\"wpb_single_image wpb_content_element vc_align_center\">\n\t\t\n\t\t<figure class=\"wpb_wrapper vc_figure\">\n\t\t\t<div class=\"vc_single_image-wrapper   vc_box_border_grey\"><img loading=\"lazy\" decoding=\"async\" width=\"1190\" height=\"794\" src=\"https:\/\/hotelencinardesotogrande.com\/wp-content\/uploads\/2024\/11\/sotogrande-dorado.png\" class=\"vc_single_image-img attachment-full\" alt=\"\" title=\"sotogrande-dorado\" srcset=\"https:\/\/hotelencinardesotogrande.com\/wp-content\/uploads\/2024\/11\/sotogrande-dorado.png 1190w, https:\/\/hotelencinardesotogrande.com\/wp-content\/uploads\/2024\/11\/sotogrande-dorado-300x200.png 300w, https:\/\/hotelencinardesotogrande.com\/wp-content\/uploads\/2024\/11\/sotogrande-dorado-1024x683.png 1024w, https:\/\/hotelencinardesotogrande.com\/wp-content\/uploads\/2024\/11\/sotogrande-dorado-768x512.png 768w, https:\/\/hotelencinardesotogrande.com\/wp-content\/uploads\/2024\/11\/sotogrande-dorado-18x12.png 18w, https:\/\/hotelencinardesotogrande.com\/wp-content\/uploads\/2024\/11\/sotogrande-dorado-380x254.png 380w, https:\/\/hotelencinardesotogrande.com\/wp-content\/uploads\/2024\/11\/sotogrande-dorado-190x127.png 190w, https:\/\/hotelencinardesotogrande.com\/wp-content\/uploads\/2024\/11\/sotogrande-dorado-760x507.png 760w, https:\/\/hotelencinardesotogrande.com\/wp-content\/uploads\/2024\/11\/sotogrande-dorado-1140x761.png 1140w, https:\/\/hotelencinardesotogrande.com\/wp-content\/uploads\/2024\/11\/sotogrande-dorado-20x13.png 20w\" sizes=\"auto, (max-width: 1190px) 100vw, 1190px\" \/><\/div>\n\t\t<\/figure>\n\t<\/div>\n<\/div><\/div><\/div><div class=\"wpb_column columns medium-4 thb-dark-column small-12\"><div class=\"vc_column-inner\"><div class=\"wpb_wrapper\"><\/div><\/div><\/div><\/div><div class=\"row wpb_row vc_inner row-fluid max_width\"><div class=\"wpb_column columns medium-12 thb-dark-column small-12\"><div class=\"vc_column-inner\"><div class=\"wpb_wrapper\">\t<div id=\"thb-gradienttype-69f64538c0e23\" class=\"thb-gradienttype center  on-hover-\">\n\t\t\n<h1>Men\u00fcs des Unternehmens<\/h1>\n\t\t\t<style>\n\t\t\t\t\t\t#thb-gradienttype-69f64538c0e23 * {\n\t\t\t\tbackground:#68421d;background:linear-gradient( -135deg,#e6bf8e,#68421d );\t}\n\t\t\t\t<\/style>\n\t<\/div>\n\n\t<\/div><\/div><\/div><\/div><div class=\"row wpb_row vc_inner row-fluid max_width\"><div class=\"wpb_column columns medium-12 thb-light-column small-12\"><div class=\"vc_column-inner\"><div class=\"wpb_wrapper\">\n\t<div class=\"wpb_text_column wpb_content_element\" >\n\t\t<div class=\"wpb_wrapper\">\n\t\t\t<h4 style=\"text-align: center;\">Entdecken Sie unsere Unternehmensmen\u00fcs und feiern Sie mit Ihrem Team das Ergebnis eines ganzen Jahres!<\/h4>\n\n\t\t<\/div>\n\t<\/div>\n<\/div><\/div><\/div><\/div><div class=\"vc_empty_space\" id=\"thb-empty-space-69f64538c123b\"  style=\"height: 3vh\" ><span class=\"vc_empty_space_inner\"><\/span><\/div>\n<\/div><\/div><\/div><div class=\"wpb_column columns medium-3 thb-dark-column small-12\"><div class=\"vc_column-inner\"><div class=\"wpb_wrapper\"><\/div><\/div><\/div><div class=\"wpb_column columns medium-12 thb-dark-column small-12\"><div class=\"vc_column-inner\"><div class=\"wpb_wrapper\"><div class=\"row wpb_row vc_inner row-fluid max_width\"><div class=\"wpb_column columns medium-12 thb-dark-column small-12\"><div class=\"vc_column-inner\"><div class=\"wpb_wrapper\">\n\t<div class=\"wpb_text_column wpb_content_element\" >\n\t\t<div class=\"wpb_wrapper\">\n\t\t\t<hr \/>\n\n\t\t<\/div>\n\t<\/div>\n<\/div><\/div><\/div><\/div><div class=\"row wpb_row vc_inner row-fluid max_width\"><div class=\"wpb_column columns medium-4 thb-light-column small-12\"><div class=\"vc_column-inner\"><div class=\"wpb_wrapper\">\n\t<div class=\"wpb_text_column wpb_content_element   vc_custom_1731942074276\" >\n\t\t<div class=\"wpb_wrapper\">\n\t\t\t<p style=\"text-align: center;\"><span style=\"font-family: house-of-montague; font-size: 36pt;\">Men\u00fc 1<\/span><\/p>\n<p style=\"text-align: center;\"><strong>VORSPEISE DES K\u00dcCHENCHEFS<\/strong><\/p>\n<p style=\"text-align: center;\"><strong>VORSPEISEN AM TISCH<\/strong><br \/>\nSalat mit gegrilltem Ziegenk\u00e4se und N\u00fcssen<br \/>\nKandierte Artischocken, pulverisierter iberischer Schinken und karamellisierte Zwiebel<br \/>\nEmpanadas criollas<\/p>\n<p style=\"text-align: center;\"><strong>ZWEITER KURS (NACH WAHL)<\/strong><br \/>\nGebackener Lachs garniert mit sautiertem Gem\u00fcse der Saison und Sojasauce<br \/>\n-o-<br \/>\nBrath\u00e4hnchen Supreme und Schenkel<\/p>\n<p style=\"text-align: center;\"><strong>DESSERT<\/strong><br \/>\nSchokoladencoulant mit Vanilleeis und Waldbeeren<\/p>\n<h2 style=\"text-align: center;\"><strong>45<\/strong>\u20ac<\/h2>\n\n\t\t<\/div>\n\t<\/div>\n<\/div><\/div><\/div><div class=\"wpb_column columns medium-4 thb-light-column small-12\"><div class=\"vc_column-inner\"><div class=\"wpb_wrapper\">\n\t<div class=\"wpb_text_column wpb_content_element   vc_custom_1731941857136\" >\n\t\t<div class=\"wpb_wrapper\">\n\t\t\t<p style=\"text-align: center;\"><span style=\"font-family: house-of-montague; font-size: 36pt;\">Men\u00fc 2<\/span><\/p>\n<p style=\"text-align: center;\"><strong>VORSPEISE DES K\u00dcCHENCHEFS<\/strong><\/p>\n<p style=\"text-align: center;\"><strong>VORSPEISEN AM TISCH<\/strong><br \/>\nSortiment an iberischen Wurstwaren und Ziegenk\u00e4se Payoya D.O. C\u00e1diz<br \/>\nCroquetones aus iberischem Schinken mit Aioli-Sauce<br \/>\nWarmer Salat von Garnelen mit Pil-Pil-Sauce und knusprigem Speck<\/p>\n<p style=\"text-align: center;\"><strong>ZWEITER KURS (NACH WAHL)<\/strong><br \/>\nSteinbuttlende mit Chilipfeffersauce<br \/>\nIberische gep\u00f6kelte Schweineschulter mit Rote-Bete-Hummus und karamellisierten Waln\u00fcssen<\/p>\n<p style=\"text-align: center;\"><strong>DESSERT<\/strong><br \/>\nAltmodischer Apfelkuchen mit Zimteis<\/p>\n<h2 style=\"text-align: center;\"><strong>55<\/strong>\u20ac<\/h2>\n\n\t\t<\/div>\n\t<\/div>\n<\/div><\/div><\/div><div class=\"wpb_column columns medium-4 thb-light-column small-12\"><div class=\"vc_column-inner\"><div class=\"wpb_wrapper\">\n\t<div class=\"wpb_text_column wpb_content_element   vc_custom_1731941861610\" >\n\t\t<div class=\"wpb_wrapper\">\n\t\t\t<p style=\"text-align: center;\"><span style=\"font-family: house-of-montague; font-size: 36pt;\">Men\u00fc 3<\/span><\/p>\n<p style=\"text-align: center;\"><strong>VORSPEISE DES K\u00dcCHENCHEFS<\/strong><\/p>\n<p style=\"text-align: center;\"><strong>VORSPEISEN AM TISCH<\/strong><br \/>\nL'Scala Sardellen mit ger\u00f6steter Paprika Iberischer Schinken mit Toast und rasierter Tomate<br \/>\nAuberginen-Millefeuille mit Sonnenblumenkern\u00f6l<br \/>\nGeschmorter Oktopus auf einem Bett aus gebundenem Knoblauch und Paprika\u00f6l<\/p>\n<p style=\"text-align: center;\"><strong>ZWEITER KURS (NACH WAHL)<\/strong><br \/>\n\u00dcberbackene Kabeljau-Lende mit schwarzer Knoblauch-Aioli<br \/>\n-o-<br \/>\nSeehecht mit Venusmuscheln und Manzanilla-Sauce<br \/>\n-o-<br \/>\nEnte und rote Fr\u00fcchte ganbaru<br \/>\n-o-<br \/>\nEntrecote vom Kalb Retinta<\/p>\n<p style=\"text-align: center;\"><strong>DESSERT<\/strong><br \/>\nBesondere Trilogie<br \/>\nHotel Encinar de Sotogrande<\/p>\n<h2 style=\"text-align: center;\"><strong>65<\/strong>\u20ac<\/h2>\n\n\t\t<\/div>\n\t<\/div>\n<\/div><\/div><\/div><\/div><div class=\"row wpb_row vc_inner row-fluid max_width\"><div class=\"wpb_column columns medium-12 thb-light-column small-12\"><div class=\"vc_column-inner\"><div class=\"wpb_wrapper\">\n\t<div class=\"wpb_text_column wpb_content_element\" >\n\t\t<div class=\"wpb_wrapper\">\n\t\t\t<hr \/>\n\n\t\t<\/div>\n\t<\/div>\n<\/div><\/div><\/div><\/div><div class=\"row wpb_row vc_inner row-fluid max_width\"><div class=\"wpb_column columns medium-8 thb-light-column small-12\"><div class=\"vc_column-inner\"><div class=\"wpb_wrapper\">\n\t<div class=\"wpb_text_column wpb_content_element\" >\n\t\t<div class=\"wpb_wrapper\">\n\t\t\t<p style=\"text-align: left;\"><strong>Preis pro Person. Inklusive MwSt.<\/strong><br \/>\n<strong>Getr\u00e4nke<\/strong>Wasser, alkoholfreie Getr\u00e4nke, Biere, Wei\u00df- und Rotwein des Hauses<\/p>\n\n\t\t<\/div>\n\t<\/div>\n<\/div><\/div><\/div><div class=\"wpb_column columns medium-4 thb-dark-column small-12\"><div class=\"vc_column-inner\"><div class=\"wpb_wrapper\">\t<a id=\"thb-button-69f64538c209c\" class=\"btn style1 medium full accent pill-radius\" href=\"https:\/\/hotelencinardesotogrande.com\/de\/weihnachten-2024\/\" target=\"_self\" role=\"button\">\n\t\t<span>ZUR\u00dcCK ZU WEIHNACHTEN SPEZIAL<\/span>\n\t\t\t<\/a>\n\t\t<\/div><\/div><\/div><\/div><div class=\"vc_empty_space\" id=\"thb-empty-space-69f64538c214a\"  style=\"height: 20vh\" ><span class=\"vc_empty_space_inner\"><\/span><\/div>\n<\/div><\/div><\/div><div class=\"thb_video_overlay\" style=\"background-color: rgba(0,0,0,0.22);\"><\/div><\/div>","protected":false},"excerpt":{"rendered":"Unternehmensmen\u00fcs Entdecken Sie unsere Unternehmensmen\u00fcs und feiern Sie mit Ihrem Team das Ergebnis eines ganzen Jahres! Men\u00fc 1 CHEF'S APPETIZER AM TISCH Vorspeisen Salat mit gratiniertem Ziegenk\u00e4se und N\u00fcssen Kandierte Artischocken, iberisches Schinkenpulver und karamellisierte Zwiebeln Creole Empanadas ZWEITES GERICHT (AUSWAHL) Gebackener Lachs mit...","protected":false},"author":1,"featured_media":0,"parent":1341,"menu_order":0,"comment_status":"closed","ping_status":"closed","template":"","meta":{"footnotes":""},"class_list":["post-1366","page","type-page","status-publish","hentry"],"_links":{"self":[{"href":"https:\/\/hotelencinardesotogrande.com\/de\/wp-json\/wp\/v2\/pages\/1366","targetHints":{"allow":["GET"]}}],"collection":[{"href":"https:\/\/hotelencinardesotogrande.com\/de\/wp-json\/wp\/v2\/pages"}],"about":[{"href":"https:\/\/hotelencinardesotogrande.com\/de\/wp-json\/wp\/v2\/types\/page"}],"author":[{"embeddable":true,"href":"https:\/\/hotelencinardesotogrande.com\/de\/wp-json\/wp\/v2\/users\/1"}],"replies":[{"embeddable":true,"href":"https:\/\/hotelencinardesotogrande.com\/de\/wp-json\/wp\/v2\/comments?post=1366"}],"version-history":[{"count":9,"href":"https:\/\/hotelencinardesotogrande.com\/de\/wp-json\/wp\/v2\/pages\/1366\/revisions"}],"predecessor-version":[{"id":1396,"href":"https:\/\/hotelencinardesotogrande.com\/de\/wp-json\/wp\/v2\/pages\/1366\/revisions\/1396"}],"up":[{"embeddable":true,"href":"https:\/\/hotelencinardesotogrande.com\/de\/wp-json\/wp\/v2\/pages\/1341"}],"wp:attachment":[{"href":"https:\/\/hotelencinardesotogrande.com\/de\/wp-json\/wp\/v2\/media?parent=1366"}],"curies":[{"name":"wp","href":"https:\/\/api.w.org\/{rel}","templated":true}]}}