{"id":621,"date":"2023-04-11T00:34:13","date_gmt":"2023-04-11T00:34:13","guid":{"rendered":"https:\/\/hotelencinardesotogrande.com\/?page_id=621"},"modified":"2026-02-02T15:23:50","modified_gmt":"2026-02-02T15:23:50","slug":"gastronomia","status":"publish","type":"page","link":"https:\/\/hotelencinardesotogrande.com\/de\/gastronomie\/","title":{"rendered":"Gastronomie"},"content":{"rendered":"<div class=\"row wpb_row row-fluid no-row-padding full-width-row no-column-padding thb-arrow-enabled thb-overlay-enabled vc_custom_1770040427464 row-has-fill\"><div class=\"text-center wpb_column columns medium-12 thb-light-column small-12\"><div class=\"vc_column-inner   vc_custom_1681142433874\"><div class=\"wpb_wrapper\"><div class=\"row wpb_row vc_inner row-fluid max_width\"><div class=\"wpb_column columns medium-2 thb-dark-column small-12\"><div class=\"vc_column-inner\"><div class=\"wpb_wrapper\"><\/div><\/div><\/div><div class=\"wpb_column columns medium-8 thb-dark-column small-12\"><div class=\"vc_column-inner   vc_custom_1681139473962\"><div class=\"wpb_wrapper\">\n\t<div class=\"wpb_text_column wpb_content_element animation bottom-to-top\" >\n\t\t<div class=\"wpb_wrapper\">\n\t\t\t<h1 style=\"text-align: center;\">VERKOSTUNG MIT DEN 5 SINNEN<\/h1>\n\n\t\t<\/div>\n\t<\/div>\n<\/div><\/div><\/div><div class=\"wpb_column columns medium-2 thb-dark-column small-12\"><div class=\"vc_column-inner\"><div class=\"wpb_wrapper\"><\/div><\/div><\/div><\/div><\/div><\/div><\/div><div class=\"scroll-bottom light style2\"><div><\/div><\/div><div id=\"thb-row-overlay-69d3a8f6d3d54\" class=\"thb-row-overlay\"><\/div><style>\n  \t#thb-row-overlay-69d3a8f6d3d54 {background:rgba(0,0,0,0.25);background:linear-gradient( -135deg,rgba(0,0,0,0.25),rgba(0,0,0,0.25) ); }<\/style><\/div><div class=\"row wpb_row row-fluid bookingbar finder-fixed no-row-padding full-width-row no-column-padding vc_custom_1743504474286 row-has-fill\"><div class=\"box-finder wpb_column columns medium-12 thb-dark-column small-12\"><div class=\"vc_column-inner   vc_custom_1743504506645\"><div class=\"wpb_wrapper\">\n\t<div class=\"wpb_raw_code wpb_content_element wpb_raw_html\" >\n\t\t<div class=\"wpb_wrapper\">\n\t\t\t<div data-mirai-component=\"finder\"><\/div>\n\t\t<\/div>\n\t<\/div>\n<\/div><\/div><\/div><\/div><div id=\"finder-test\" class=\"row wpb_row row-fluid bookingbar no-row-padding full-width-row no-column-padding vc_custom_1743504435257 row-has-fill\"><div class=\"wpb_column columns medium-12 thb-dark-column small-12\"><div class=\"vc_column-inner   vc_custom_1686644866728\"><div class=\"wpb_wrapper\"><div class=\"row wpb_row vc_inner row-fluid max_width vc_custom_1690387342354\"><div class=\"wpb_column columns medium-2 thb-dark-column small-12\"><div class=\"vc_column-inner\"><div class=\"wpb_wrapper\"><\/div><\/div><\/div><div class=\"wpb_column columns medium-8 thb-dark-column small-12\"><div class=\"vc_column-inner\"><div class=\"wpb_wrapper\"><div class=\"vc_empty_space\" id=\"thb-empty-space-69d3a8f6d4436\"  style=\"height: 3vh\" ><span class=\"vc_empty_space_inner\"><\/span><\/div>\n<div class=\"vc_empty_space\" id=\"thb-empty-space-69d3a8f6d44a0\"  style=\"height: 3vh\" ><span class=\"vc_empty_space_inner\"><\/span><\/div>\n\n\t<div class=\"wpb_text_column wpb_content_element   vc_custom_1687340928293\" >\n\t\t<div class=\"wpb_wrapper\">\n\t\t\t<p style=\"text-align: center;\"><div data-mirai-component=\"finder\"><\/div>\n\n\t\t<\/div>\n\t<\/div>\n<\/div><\/div><\/div><div class=\"wpb_column columns medium-2 thb-dark-column small-12\"><div class=\"vc_column-inner\"><div class=\"wpb_wrapper\"><\/div><\/div><\/div><\/div><\/div><\/div><\/div><\/div><div class=\"row wpb_row row-fluid bookingunder vc_custom_1743504583718\"><div class=\"wpb_column columns medium-12 thb-dark-column small-12\"><div class=\"vc_column-inner\"><div class=\"wpb_wrapper\"><\/div><\/div><\/div><\/div><div class=\"row wpb_row row-fluid no-row-padding full-width-row no-column-padding vc_custom_1681171486870 row-has-fill\"><div class=\"wpb_column columns medium-12 thb-dark-column small-12\"><div class=\"vc_column-inner\"><div class=\"wpb_wrapper\"><div class='gambit_row_scroll' data-row-entrance='scale-smaller' data-row-exit='none' data--5p-center-top-entrance=\"transform: scale(1);transform-origin: !50% 0%;opacity: 1;\" data-bottom-top-entrance=\"transform: scale(1.2);transform-origin: !50% 0%;opacity: 0.4;\" ><\/div><div class=\"vc_empty_space\" id=\"thb-empty-space-69d3a8f6d49fc\"  style=\"height: 5vh\" ><span class=\"vc_empty_space_inner\"><\/span><\/div>\n<div class=\"row wpb_row vc_inner row-fluid max_width\"><div class=\"wpb_column columns medium-5 thb-dark-column small-12\"><div class=\"vc_column-inner   vc_custom_1687944552572\"><div class=\"wpb_wrapper\"><div class=\"vc_empty_space\" id=\"thb-empty-space-69d3a8f6d4baa\"  style=\"height: 25px\" ><span class=\"vc_empty_space_inner\"><\/span><\/div>\n\n\t<div class=\"wpb_text_column wpb_content_element\" >\n\t\t<div class=\"wpb_wrapper\">\n\t\t\t<h2>DIE GESCHMACKSRICHTUNGEN VON IMMER. WIE NIE.<\/h2>\n\n\t\t<\/div>\n\t<\/div>\n\n\t<div class=\"wpb_text_column wpb_content_element animation bottom-to-top-3d\" >\n\t\t<div class=\"wpb_wrapper\">\n\t\t\t<p>Mit dem Restaurant Acebuche und dem Imbiss La Bellota setzt El Encinar de Sotogrande auf ein gastronomisches Konzept, bei dem die N\u00e4he und der Schutz des Km O-Konsums zu den S\u00e4ulen eines gastronomischen Angebots werden, das mit allen f\u00fcnf Sinnen durch Texturen, Aromen, Geschm\u00e4cker und Erfahrungen genossen werden kann, die es zu einem herausragenden Ort im lokalen Angebot machen.<\/p>\n\n\t\t<\/div>\n\t<\/div>\n<\/div><\/div><\/div><div class=\"wpb_column columns medium-7 thb-dark-column small-12\"><div class=\"vc_column-inner\"><div class=\"wpb_wrapper\">\t<div class=\"thb_cascading_images cascade\">\n\t\t\t<figure class=\"cascading_image\">\n\t\t<div class=\"cascading_inner animation bottom-to-top-3d\">\n\t\t\t<img decoding=\"async\" src=\"https:\/\/hotelencinardesotogrande.com\/wp-content\/uploads\/2026\/02\/IMG_3054.jpg\" alt=\"\" style=\"transform: translateX(0%) translateY(0%); \" width=\"2048\" class=\"\"\/>\n\t\t<\/div>\n\t<\/figure>\n\t\t<\/div>\n\t\n\t<div  class=\"wpb_single_image wpb_content_element vc_align_center   mobileonly\">\n\t\t\n\t\t<figure class=\"wpb_wrapper vc_figure\">\n\t\t\t<div class=\"vc_single_image-wrapper   vc_box_border_grey\"><img loading=\"lazy\" decoding=\"async\" width=\"1707\" height=\"2560\" src=\"https:\/\/hotelencinardesotogrande.com\/wp-content\/uploads\/2026\/02\/IMG_5690-scaled.jpg\" class=\"vc_single_image-img attachment-full\" alt=\"\" title=\"IMG_5690\" srcset=\"https:\/\/hotelencinardesotogrande.com\/wp-content\/uploads\/2026\/02\/IMG_5690-scaled.jpg 1707w, https:\/\/hotelencinardesotogrande.com\/wp-content\/uploads\/2026\/02\/IMG_5690-200x300.jpg 200w, https:\/\/hotelencinardesotogrande.com\/wp-content\/uploads\/2026\/02\/IMG_5690-683x1024.jpg 683w, https:\/\/hotelencinardesotogrande.com\/wp-content\/uploads\/2026\/02\/IMG_5690-768x1152.jpg 768w, https:\/\/hotelencinardesotogrande.com\/wp-content\/uploads\/2026\/02\/IMG_5690-1024x1536.jpg 1024w, https:\/\/hotelencinardesotogrande.com\/wp-content\/uploads\/2026\/02\/IMG_5690-1366x2048.jpg 1366w, https:\/\/hotelencinardesotogrande.com\/wp-content\/uploads\/2026\/02\/IMG_5690-8x12.jpg 8w, https:\/\/hotelencinardesotogrande.com\/wp-content\/uploads\/2026\/02\/IMG_5690-380x570.jpg 380w, https:\/\/hotelencinardesotogrande.com\/wp-content\/uploads\/2026\/02\/IMG_5690-20x30.jpg 20w, https:\/\/hotelencinardesotogrande.com\/wp-content\/uploads\/2026\/02\/IMG_5690-190x285.jpg 190w, https:\/\/hotelencinardesotogrande.com\/wp-content\/uploads\/2026\/02\/IMG_5690-760x1140.jpg 760w, https:\/\/hotelencinardesotogrande.com\/wp-content\/uploads\/2026\/02\/IMG_5690-1140x1710.jpg 1140w\" sizes=\"auto, (max-width: 1707px) 100vw, 1707px\" \/><\/div>\n\t\t<\/figure>\n\t<\/div>\n<\/div><\/div><\/div><\/div><div class=\"vc_empty_space\" id=\"thb-empty-space-69d3a8f6d586e\"  style=\"height: 15vh\" ><span class=\"vc_empty_space_inner\"><\/span><\/div>\n<style>\n\t@media screen and (max-width: 640px) {\n\t\t#thb-empty-space-69d3a8f6d586e {\n\t\t\theight: 0vh !important;\n\t\t}\n\t}\n<\/style>\n\t<\/div><\/div><\/div><\/div><div class=\"row wpb_row row-fluid no-row-padding full-width-row no-column-padding vc_custom_1687944657357 row-has-fill\"><div class=\"wpb_column columns medium-12 thb-dark-column small-12\"><div class=\"vc_column-inner\"><div class=\"wpb_wrapper\"><div class='gambit_row_scroll' data-row-entrance='fly-left' data-row-exit='fade' data-top-bottom-exit=\"transform: translateX(0vw);opacity: 0.0;\" data--5p-center-bottom-exit=\"transform: translateX(0vw);opacity: 1;\" data--5p-center-top-entrance=\"transform: translateX(0vw);opacity: 1;\" data-bottom-top-entrance=\"transform: translateX(100vw);opacity: 1;\" ><\/div><div class=\"row wpb_row vc_inner row-fluid swap-on-mobile\"><div class=\"wpb_column columns medium-4 thb-dark-column small-12\"><div class=\"vc_column-inner   vc_custom_1681173036865\"><div class=\"wpb_wrapper\"><div class=\"vc_empty_space\" id=\"thb-empty-space-69d3a8f6d5d1c\"  style=\"height: 4vh\" ><span class=\"vc_empty_space_inner\"><\/span><\/div>\n<style>\n\t@media screen and (max-width: 640px) {\n\t\t#thb-empty-space-69d3a8f6d5d1c {\n\t\t\theight: 0vh !important;\n\t\t}\n\t}\n<\/style>\n\t\n\t<div class=\"wpb_text_column wpb_content_element\" >\n\t\t<div class=\"wpb_wrapper\">\n\t\t\t<h5 style=\"text-align: center;\"><\/h5>\n<h5 style=\"text-align: center;\"><span style=\"font-size: 24pt;\"><img loading=\"lazy\" decoding=\"async\" class=\"aligncenter wp-image-1068\" src=\"https:\/\/hotelencinardesotogrande.com\/wp-content\/uploads\/2023\/09\/Captura-de-pantalla-2023-09-11-a-las-12.37.39.png\" alt=\"Hotel Encinar de Sotogrande - Lobby Bar\" width=\"276\" height=\"157\" srcset=\"https:\/\/hotelencinardesotogrande.com\/wp-content\/uploads\/2023\/09\/Captura-de-pantalla-2023-09-11-a-las-12.37.39.png 1704w, https:\/\/hotelencinardesotogrande.com\/wp-content\/uploads\/2023\/09\/Captura-de-pantalla-2023-09-11-a-las-12.37.39-18x10.png 18w, https:\/\/hotelencinardesotogrande.com\/wp-content\/uploads\/2023\/09\/Captura-de-pantalla-2023-09-11-a-las-12.37.39-20x11.png 20w, https:\/\/hotelencinardesotogrande.com\/wp-content\/uploads\/2023\/09\/Captura-de-pantalla-2023-09-11-a-las-12.37.39-190x108.png 190w\" sizes=\"auto, (max-width: 276px) 100vw, 276px\" \/><\/span><\/h5>\n<h5 style=\"text-align: center;\"><span style=\"font-size: 24pt;\">EINE PAUSE MIT KAFFEEGESCHMACK<\/span><\/h5>\n<p style=\"text-align: center;\">Genie\u00dfen Sie das ultimative Vergn\u00fcgen der Entspannung und des Wohlbefindens in unserer intimen und komfortablen Lobby Bar, wo Sie eine Pause einlegen k\u00f6nnen, in der Sie die besten Aromen der Nespresso\u00ae-Kreationen zusammen mit einer gro\u00dfen Auswahl an Geb\u00e4ck und s\u00fc\u00dfen Backwaren genie\u00dfen k\u00f6nnen.<\/p>\n\n\t\t<\/div>\n\t<\/div>\n<div class=\"vc_empty_space\" id=\"thb-empty-space-69d3a8f6d5df3\"  style=\"height: 15px\" ><span class=\"vc_empty_space_inner\"><\/span><\/div>\n<div class=\"vc_btn3-container vc_btn3-center\" ><a style=\"background-color:#a98353; color:#ffffff;\" class=\"vc_general vc_btn3 vc_btn3-size-md vc_btn3-shape-round vc_btn3-style-custom vc_btn3-block\" href=\"https:\/\/hotelencinardesotogrande.com\/wp-content\/uploads\/2023\/09\/Diptic_Sotogrande_120x240mm_v1.pdf\" title=\"\" target=\"_blank\">SIEHE NESPRESSO\u00ae-MEN\u00dc<\/a><\/div><div class=\"vc_empty_space\" id=\"thb-empty-space-69d3a8f6d5f68\"  style=\"height: 4vh\" ><span class=\"vc_empty_space_inner\"><\/span><\/div>\n<\/div><\/div><\/div><div class=\"wpb_column columns medium-8 thb-dark-column has-fill small-12\"><div class=\"vc_column-inner   vc_custom_1770040606167\"><div class=\"wpb_wrapper\"><div class=\"vc_empty_space\" id=\"thb-empty-space-69d3a8f6d60b8\"  style=\"height: 15vh\" ><span class=\"vc_empty_space_inner\"><\/span><\/div>\n<style>\n\t@media screen and (max-width: 640px) {\n\t\t#thb-empty-space-69d3a8f6d60b8 {\n\t\t\theight: 39vh !important;\n\t\t}\n\t}\n<\/style>\n\t<\/div><\/div><\/div><\/div><\/div><\/div><\/div><\/div><div class=\"row wpb_row row-fluid no-row-padding full-width-row no-column-padding vc_custom_1681172951553 row-has-fill\"><div class=\"wpb_column columns medium-12 thb-dark-column small-12\"><div class=\"vc_column-inner\"><div class=\"wpb_wrapper\"><div class='gambit_row_scroll' data-row-entrance='fly-right' data-row-exit='fade' data-top-bottom-exit=\"transform: translateX(0vw);opacity: 0.0;\" data--5p-center-bottom-exit=\"transform: translateX(0vw);opacity: 1;\" data--5p-center-top-entrance=\"transform: translateX(0vw);opacity: 1;\" data-bottom-top-entrance=\"transform: translateX(-100vw);opacity: 1;\" ><\/div><div class=\"row wpb_row vc_inner row-fluid\"><div class=\"wpb_column columns medium-8 thb-dark-column has-fill small-12\"><div class=\"vc_column-inner   vc_custom_1770040338292\"><div class=\"wpb_wrapper\"><div class=\"vc_empty_space\" id=\"thb-empty-space-69d3a8f6d6481\"  style=\"height: 15vh\" ><span class=\"vc_empty_space_inner\"><\/span><\/div>\n<style>\n\t@media screen and (max-width: 640px) {\n\t\t#thb-empty-space-69d3a8f6d6481 {\n\t\t\theight: 39vh !important;\n\t\t}\n\t}\n<\/style>\n\t<\/div><\/div><\/div><div class=\"wpb_column columns medium-4 thb-dark-column small-12\"><div class=\"vc_column-inner   vc_custom_1681173036865\"><div class=\"wpb_wrapper\"><div class=\"vc_empty_space\" id=\"thb-empty-space-69d3a8f6d6589\"  style=\"height: 4vh\" ><span class=\"vc_empty_space_inner\"><\/span><\/div>\n\n\t<div class=\"wpb_text_column wpb_content_element\" >\n\t\t<div class=\"wpb_wrapper\">\n\t\t\t<h5 style=\"text-align: center;\"><\/h5>\n<h5 style=\"text-align: center;\"><span style=\"font-size: 24pt;\"><img loading=\"lazy\" decoding=\"async\" class=\"size-medium wp-image-631 aligncenter\" src=\"https:\/\/hotelencinardesotogrande.com\/wp-content\/uploads\/2023\/04\/Logo-Acebuche-Restaurant-2-300x257.jpg\" alt=\"\" width=\"300\" height=\"257\" srcset=\"https:\/\/hotelencinardesotogrande.com\/wp-content\/uploads\/2023\/04\/Logo-Acebuche-Restaurant-2-300x257.jpg 300w, https:\/\/hotelencinardesotogrande.com\/wp-content\/uploads\/2023\/04\/Logo-Acebuche-Restaurant-2-20x17.jpg 20w, https:\/\/hotelencinardesotogrande.com\/wp-content\/uploads\/2023\/04\/Logo-Acebuche-Restaurant-2-190x163.jpg 190w\" sizes=\"auto, (max-width: 300px) 100vw, 300px\" \/><\/span><\/h5>\n<h5 style=\"text-align: center;\"><span style=\"font-size: 24pt;\">EINE K\u00dcCHE DER ESSENZEN UND NUANCEN<\/span><\/h5>\n<p style=\"text-align: center;\">Die Essenz der mediterranen und internationalen K\u00fcche mit kosmopolitischem Charakter, wo Kreativit\u00e4t und Umgebung unsere Kreationen begleiten und den sozialen und entspannten Charakter der Gastronomie hervorheben.<\/p>\n\n\t\t<\/div>\n\t<\/div>\n<div class=\"vc_empty_space\" id=\"thb-empty-space-69d3a8f6d664f\"  style=\"height: 15px\" ><span class=\"vc_empty_space_inner\"><\/span><\/div>\n<div class=\"vc_btn3-container vc_btn3-center\" ><a style=\"background-color:#a98353; color:#ffffff;\" class=\"vc_general vc_btn3 vc_btn3-size-md vc_btn3-shape-round vc_btn3-style-custom vc_btn3-block\" href=\"https:\/\/hotelencinardesotogrande.com\/wp-content\/uploads\/2024\/11\/Carta-Restaurante-Room-24-25-1.pdf\" title=\"\" target=\"_blank\">BRIEF SEHEN<\/a><\/div><div class=\"vc_empty_space\" id=\"thb-empty-space-69d3a8f6d677e\"  style=\"height: 4vh\" ><span class=\"vc_empty_space_inner\"><\/span><\/div>\n<style>\n\t@media screen and (max-width: 640px) {\n\t\t#thb-empty-space-69d3a8f6d677e {\n\t\t\theight: 2vh !important;\n\t\t}\n\t}\n<\/style>\n\t<\/div><\/div><\/div><\/div><\/div><\/div><\/div><\/div><div class=\"row wpb_row row-fluid no-row-padding full-width-row no-column-padding vc_custom_1687944657357 row-has-fill\"><div class=\"wpb_column columns medium-12 thb-dark-column small-12\"><div class=\"vc_column-inner\"><div class=\"wpb_wrapper\"><div class='gambit_row_scroll' data-row-entrance='fly-left' data-row-exit='fade' data-top-bottom-exit=\"transform: translateX(0vw);opacity: 0.0;\" data--5p-center-bottom-exit=\"transform: translateX(0vw);opacity: 1;\" data--5p-center-top-entrance=\"transform: translateX(0vw);opacity: 1;\" data-bottom-top-entrance=\"transform: translateX(100vw);opacity: 1;\" ><\/div><div class=\"row wpb_row vc_inner row-fluid swap-on-mobile\"><div class=\"wpb_column columns medium-4 thb-dark-column small-12\"><div class=\"vc_column-inner   vc_custom_1681173036865\"><div class=\"wpb_wrapper\"><div class=\"vc_empty_space\" id=\"thb-empty-space-69d3a8f6d6b3b\"  style=\"height: 4vh\" ><span class=\"vc_empty_space_inner\"><\/span><\/div>\n<style>\n\t@media screen and (max-width: 640px) {\n\t\t#thb-empty-space-69d3a8f6d6b3b {\n\t\t\theight: 0vh !important;\n\t\t}\n\t}\n<\/style>\n\t\n\t<div class=\"wpb_text_column wpb_content_element\" >\n\t\t<div class=\"wpb_wrapper\">\n\t\t\t<h5 style=\"text-align: center;\"><\/h5>\n<h5 style=\"text-align: center;\"><span style=\"font-size: 24pt;\"><img loading=\"lazy\" decoding=\"async\" class=\"wp-image-658 size-medium aligncenter\" src=\"https:\/\/hotelencinardesotogrande.com\/wp-content\/uploads\/2023\/04\/Logo-La-Bellota-2-300x217.jpg\" alt=\"\" width=\"300\" height=\"217\" srcset=\"https:\/\/hotelencinardesotogrande.com\/wp-content\/uploads\/2023\/04\/Logo-La-Bellota-2-300x217.jpg 300w, https:\/\/hotelencinardesotogrande.com\/wp-content\/uploads\/2023\/04\/Logo-La-Bellota-2-20x14.jpg 20w, https:\/\/hotelencinardesotogrande.com\/wp-content\/uploads\/2023\/04\/Logo-La-Bellota-2-190x137.jpg 190w\" sizes=\"auto, (max-width: 300px) 100vw, 300px\" \/><\/span><\/h5>\n<h5 style=\"text-align: center;\"><span style=\"font-size: 24pt;\">SNACKS, POOL UND LEBEN<\/span><\/h5>\n<p style=\"text-align: center;\">Qualit\u00e4tsgastronomie sollte nicht im Widerspruch zu den zwanglosesten Formaten stehen. In der La Bellota Snack Bar bieten wir Ihnen eine ganze Reihe von M\u00f6glichkeiten, um die besten Geschmacksrichtungen in der unvergleichlichen Umgebung unseres Gartens mit Blick auf den Pool zu genie\u00dfen.<\/p>\n<p>&nbsp;<\/p>\n<p style=\"text-align: center;\"><strong>In der Wintersaison bedienen wir Sie weiterhin im Restaurant Acebuche.<\/strong><\/p>\n\n\t\t<\/div>\n\t<\/div>\n<div class=\"vc_empty_space\" id=\"thb-empty-space-69d3a8f6d6c2c\"  style=\"height: 15px\" ><span class=\"vc_empty_space_inner\"><\/span><\/div>\n<div class=\"vc_btn3-container vc_btn3-center\" ><a style=\"background-color:#a98353; color:#ffffff;\" class=\"vc_general vc_btn3 vc_btn3-size-md vc_btn3-shape-round vc_btn3-style-custom vc_btn3-block\" href=\"https:\/\/hotelencinardesotogrande.com\/wp-content\/uploads\/2025\/06\/PRUEBA_CARTA-SNACK-PISCINA_triptico.pdf\" title=\"\" target=\"_blank\">SIEHE DIE EICHEL-CHARTA<\/a><\/div><div class=\"vc_btn3-container vc_btn3-center\" ><a style=\"background-color:#a98353; color:#ffffff;\" class=\"vc_general vc_btn3 vc_btn3-size-md vc_btn3-shape-round vc_btn3-style-custom vc_btn3-block\" href=\"https:\/\/hotelencinardesotogrande.com\/wp-content\/uploads\/2025\/06\/PRUEBA_CARTA-BEBIDAS-PISCINA.pdf\" title=\"\" target=\"_blank\">SIEHE GETR\u00c4NKEKARTE<\/a><\/div><div class=\"vc_empty_space\" id=\"thb-empty-space-69d3a8f6d6de2\"  style=\"height: 4vh\" ><span class=\"vc_empty_space_inner\"><\/span><\/div>\n<\/div><\/div><\/div><div class=\"wpb_column columns medium-8 thb-dark-column has-fill small-12\"><div class=\"vc_column-inner   vc_custom_1770040368834\"><div class=\"wpb_wrapper\"><div class=\"vc_empty_space\" id=\"thb-empty-space-69d3a8f6d6eee\"  style=\"height: 15vh\" ><span class=\"vc_empty_space_inner\"><\/span><\/div>\n<style>\n\t@media screen and (max-width: 640px) {\n\t\t#thb-empty-space-69d3a8f6d6eee {\n\t\t\theight: 39vh !important;\n\t\t}\n\t}\n<\/style>\n\t<\/div><\/div><\/div><\/div><\/div><\/div><\/div><\/div>","protected":false},"excerpt":{"rendered":"DEGUSTAR CON LOS 5 SENTIDOS LOS SABORES DE SIEMPRE. COMO NUNCA. A trav\u00e9s de su Restaurante Acebuche y La Bellota Snack Bar, el Encinar de Sotogrande apuesta por un concepto gastron\u00f3mico donde la cercan\u00eda y la defensa del consumo de Km O se convierten en los pilares de una oferta de gastronom\u00eda que se disfruta&hellip;","protected":false},"author":1,"featured_media":1824,"parent":0,"menu_order":0,"comment_status":"closed","ping_status":"closed","template":"","meta":{"footnotes":""},"class_list":["post-621","page","type-page","status-publish","has-post-thumbnail","hentry"],"_links":{"self":[{"href":"https:\/\/hotelencinardesotogrande.com\/de\/wp-json\/wp\/v2\/pages\/621","targetHints":{"allow":["GET"]}}],"collection":[{"href":"https:\/\/hotelencinardesotogrande.com\/de\/wp-json\/wp\/v2\/pages"}],"about":[{"href":"https:\/\/hotelencinardesotogrande.com\/de\/wp-json\/wp\/v2\/types\/page"}],"author":[{"embeddable":true,"href":"https:\/\/hotelencinardesotogrande.com\/de\/wp-json\/wp\/v2\/users\/1"}],"replies":[{"embeddable":true,"href":"https:\/\/hotelencinardesotogrande.com\/de\/wp-json\/wp\/v2\/comments?post=621"}],"version-history":[{"count":61,"href":"https:\/\/hotelencinardesotogrande.com\/de\/wp-json\/wp\/v2\/pages\/621\/revisions"}],"predecessor-version":[{"id":1844,"href":"https:\/\/hotelencinardesotogrande.com\/de\/wp-json\/wp\/v2\/pages\/621\/revisions\/1844"}],"wp:featuredmedia":[{"embeddable":true,"href":"https:\/\/hotelencinardesotogrande.com\/de\/wp-json\/wp\/v2\/media\/1824"}],"wp:attachment":[{"href":"https:\/\/hotelencinardesotogrande.com\/de\/wp-json\/wp\/v2\/media?parent=621"}],"curies":[{"name":"wp","href":"https:\/\/api.w.org\/{rel}","templated":true}]}}