{"id":718,"date":"2023-04-24T14:42:51","date_gmt":"2023-04-24T14:42:51","guid":{"rendered":"https:\/\/hotelencinardesotogrande.com\/?page_id=718"},"modified":"2026-02-02T15:26:33","modified_gmt":"2026-02-02T15:26:33","slug":"sostenibilidad","status":"publish","type":"page","link":"https:\/\/hotelencinardesotogrande.com\/de\/nachhaltigkeit\/","title":{"rendered":"Nachhaltigkeit"},"content":{"rendered":"<div class=\"row wpb_row row-fluid no-row-padding full-width-row no-column-padding thb-arrow-enabled thb-overlay-enabled vc_custom_1770041372638 row-has-fill\"><div class=\"text-center wpb_column columns medium-12 thb-light-column small-12\"><div class=\"vc_column-inner   vc_custom_1681142433874\"><div class=\"wpb_wrapper\"><div class=\"row wpb_row vc_inner row-fluid max_width\"><div class=\"wpb_column columns medium-2 thb-dark-column small-12\"><div class=\"vc_column-inner\"><div class=\"wpb_wrapper\"><\/div><\/div><\/div><div class=\"wpb_column columns medium-8 thb-dark-column small-12\"><div class=\"vc_column-inner   vc_custom_1681139473962\"><div class=\"wpb_wrapper\">\n\t<div class=\"wpb_text_column wpb_content_element animation bottom-to-top\" >\n\t\t<div class=\"wpb_wrapper\">\n\t\t\t<h1 style=\"text-align: center;\">NACHHALTIGKEIT<\/h1>\n\n\t\t<\/div>\n\t<\/div>\n\n\t<div class=\"wpb_text_column wpb_content_element animation bottom-to-top\" >\n\t\t<div class=\"wpb_wrapper\">\n\t\t\t<p style=\"text-align: center;\"><span style=\"font-size: x-large;\">Engagement f\u00fcr die Umwelt, die Umwelt und den lokalen Verbrauch<\/span><\/p>\n\n\t\t<\/div>\n\t<\/div>\n<\/div><\/div><\/div><div class=\"wpb_column columns medium-2 thb-dark-column small-12\"><div class=\"vc_column-inner\"><div class=\"wpb_wrapper\"><\/div><\/div><\/div><\/div><\/div><\/div><\/div><div class=\"scroll-bottom light style2\"><div><\/div><\/div><div id=\"thb-row-overlay-69de7b1b0871f\" class=\"thb-row-overlay\"><\/div><style>\n  \t#thb-row-overlay-69de7b1b0871f {background:rgba(0,0,0,0.25);background:linear-gradient( -135deg,rgba(0,0,0,0.25),rgba(0,0,0,0.25) ); }<\/style><\/div><div class=\"row wpb_row row-fluid bookingbar finder-fixed no-row-padding full-width-row no-column-padding vc_custom_1743502162258 row-has-fill\"><div class=\"box-finder wpb_column columns medium-12 thb-dark-column small-12\"><div class=\"vc_column-inner   vc_custom_1743502330624\"><div class=\"wpb_wrapper\">\n\t<div class=\"wpb_raw_code wpb_content_element wpb_raw_html\" >\n\t\t<div class=\"wpb_wrapper\">\n\t\t\t<div data-mirai-component=\"finder\"><\/div>\n\t\t<\/div>\n\t<\/div>\n<\/div><\/div><\/div><\/div><div id=\"finder-test\" class=\"row wpb_row row-fluid bookingbar no-row-padding full-width-row no-column-padding vc_custom_1743502114526 row-has-fill\"><div class=\"wpb_column columns medium-12 thb-dark-column small-12\"><div class=\"vc_column-inner   vc_custom_1686644866728\"><div class=\"wpb_wrapper\"><div class=\"row wpb_row vc_inner row-fluid max_width vc_custom_1690387392689\"><div class=\"wpb_column columns medium-2 thb-dark-column small-12\"><div class=\"vc_column-inner\"><div class=\"wpb_wrapper\"><\/div><\/div><\/div><div class=\"wpb_column columns medium-8 thb-dark-column small-12\"><div class=\"vc_column-inner\"><div class=\"wpb_wrapper\"><div class=\"vc_empty_space\" id=\"thb-empty-space-69de7b1b09191\"  style=\"height: 3vh\" ><span class=\"vc_empty_space_inner\"><\/span><\/div>\n<div class=\"vc_empty_space\" id=\"thb-empty-space-69de7b1b09215\"  style=\"height: 3vh\" ><span class=\"vc_empty_space_inner\"><\/span><\/div>\n\n\t<div class=\"wpb_text_column wpb_content_element   vc_custom_1687340928293\" >\n\t\t<div class=\"wpb_wrapper\">\n\t\t\t<p style=\"text-align: center;\"><div data-mirai-component=\"finder\"><\/div>\n\n\t\t<\/div>\n\t<\/div>\n<\/div><\/div><\/div><div class=\"wpb_column columns medium-2 thb-dark-column small-12\"><div class=\"vc_column-inner\"><div class=\"wpb_wrapper\"><\/div><\/div><\/div><\/div><\/div><\/div><\/div><\/div><div class=\"row wpb_row row-fluid bookingunder\"><div class=\"wpb_column columns medium-12 thb-dark-column small-12\"><div class=\"vc_column-inner   vc_custom_1743502553495\"><div class=\"wpb_wrapper\"><\/div><\/div><\/div><\/div><div class=\"row wpb_row row-fluid no-row-padding full-width-row no-column-padding vc_custom_1681144036511 row-has-fill\"><div class=\"wpb_column columns medium-12 thb-dark-column small-12\"><div class=\"vc_column-inner\"><div class=\"wpb_wrapper\"><div class='gambit_row_scroll' data-row-entrance='scale-smaller' data-row-exit='none' data--5p-center-top-entrance=\"transform: scale(1);transform-origin: !50% 0%;opacity: 1;\" data-bottom-top-entrance=\"transform: scale(1.2);transform-origin: !50% 0%;opacity: 0.4;\" ><\/div><div class=\"vc_empty_space\" id=\"thb-empty-space-69de7b1b09d79\"  style=\"height: 5vh\" ><span class=\"vc_empty_space_inner\"><\/span><\/div>\n<div class=\"row wpb_row vc_inner row-fluid max_width\"><div class=\"wpb_column columns medium-5 thb-dark-column small-12\"><div class=\"vc_column-inner\"><div class=\"wpb_wrapper\"><div class=\"vc_empty_space\" id=\"thb-empty-space-69de7b1b0a00e\"  style=\"height: 25px\" ><span class=\"vc_empty_space_inner\"><\/span><\/div>\n\n\t<div class=\"wpb_text_column wpb_content_element\" >\n\t\t<div class=\"wpb_wrapper\">\n\t\t\t<h2>EIN ENGAGEMENT F\u00dcR UNSERE UMWELT<\/h2>\n\n\t\t<\/div>\n\t<\/div>\n\n\t<div class=\"wpb_text_column wpb_content_element animation bottom-to-top-3d\" >\n\t\t<div class=\"wpb_wrapper\">\n\t\t\t<p>Nachhaltigkeit und maximale Symbiose mit der Umwelt ist eine der S\u00e4ulen der Philosophie des Hotels Encinar de Sotogrande.<\/p>\n<p>Ein Engagement, das jeden Betrieb und jede Dienstleistung des Hotels durchdringt, immer auf der Suche nach maximaler Effizienz und dem gr\u00f6\u00dften Respekt f\u00fcr die Umwelt.<span class=\"Apple-converted-space\">\u00a0<\/span><\/p>\n<p>Zwei Werte, die sich in jeder Aktion, die wir im Hotel Encinar de Sotogrande entwickeln, vereinen und die vom Design des Hotels selbst bis hin zu seiner Gastronomie mit lokalem Konsum oder den innovativsten Luftqualit\u00e4ts-Ismen integriert sind.<\/p>\n\n\t\t<\/div>\n\t<\/div>\n<\/div><\/div><\/div><div class=\"wpb_column columns medium-7 thb-dark-column small-12\"><div class=\"vc_column-inner\"><div class=\"wpb_wrapper\">\t<div class=\"thb_cascading_images cascade\">\n\t\t\t<figure class=\"cascading_image\">\n\t\t<div class=\"cascading_inner animation bottom-to-top-3d\">\n\t\t\t<img decoding=\"async\" src=\"https:\/\/hotelencinardesotogrande.com\/wp-content\/uploads\/2026\/02\/241024-HOTEL-ENCINAR-SOTOGRANDE-95-scaled.jpg\" alt=\"\" style=\"transform: translateX(0%) translateY(0%); \" width=\"1707\" class=\"\"\/>\n\t\t<\/div>\n\t<\/figure>\n\t\t<figure class=\"cascading_image\">\n\t\t<div class=\"cascading_inner animation top-to-bottom-3d\">\n\t\t\t<img decoding=\"async\" src=\"\" alt=\"\" style=\"transform: translateX(45%) translateY(80%); \" width=\"\" class=\"\"\/>\n\t\t<\/div>\n\t<\/figure>\n\t\t<figure class=\"cascading_image\">\n\t\t<div class=\"cascading_inner animation bottom-to-top-3d\">\n\t\t\t<img decoding=\"async\" src=\"\" alt=\"\" style=\"transform: translateX(-40%) translateY(90%); \" width=\"\" class=\"\"\/>\n\t\t<\/div>\n\t<\/figure>\n\t\t<\/div>\n\t\n\t<div  class=\"wpb_single_image wpb_content_element vc_align_center   mobileonly\">\n\t\t\n\t\t<figure class=\"wpb_wrapper vc_figure\">\n\t\t\t<div class=\"vc_single_image-wrapper   vc_box_border_grey\"><img loading=\"lazy\" decoding=\"async\" width=\"1707\" height=\"2560\" src=\"https:\/\/hotelencinardesotogrande.com\/wp-content\/uploads\/2026\/02\/241024-HOTEL-ENCINAR-SOTOGRANDE-95-scaled.jpg\" class=\"vc_single_image-img attachment-full\" alt=\"\" title=\"241024 HOTEL ENCINAR SOTOGRANDE (95)\" srcset=\"https:\/\/hotelencinardesotogrande.com\/wp-content\/uploads\/2026\/02\/241024-HOTEL-ENCINAR-SOTOGRANDE-95-scaled.jpg 1707w, https:\/\/hotelencinardesotogrande.com\/wp-content\/uploads\/2026\/02\/241024-HOTEL-ENCINAR-SOTOGRANDE-95-200x300.jpg 200w, https:\/\/hotelencinardesotogrande.com\/wp-content\/uploads\/2026\/02\/241024-HOTEL-ENCINAR-SOTOGRANDE-95-683x1024.jpg 683w, https:\/\/hotelencinardesotogrande.com\/wp-content\/uploads\/2026\/02\/241024-HOTEL-ENCINAR-SOTOGRANDE-95-768x1152.jpg 768w, https:\/\/hotelencinardesotogrande.com\/wp-content\/uploads\/2026\/02\/241024-HOTEL-ENCINAR-SOTOGRANDE-95-1024x1536.jpg 1024w, https:\/\/hotelencinardesotogrande.com\/wp-content\/uploads\/2026\/02\/241024-HOTEL-ENCINAR-SOTOGRANDE-95-1365x2048.jpg 1365w, https:\/\/hotelencinardesotogrande.com\/wp-content\/uploads\/2026\/02\/241024-HOTEL-ENCINAR-SOTOGRANDE-95-8x12.jpg 8w, https:\/\/hotelencinardesotogrande.com\/wp-content\/uploads\/2026\/02\/241024-HOTEL-ENCINAR-SOTOGRANDE-95-380x570.jpg 380w, https:\/\/hotelencinardesotogrande.com\/wp-content\/uploads\/2026\/02\/241024-HOTEL-ENCINAR-SOTOGRANDE-95-20x30.jpg 20w, https:\/\/hotelencinardesotogrande.com\/wp-content\/uploads\/2026\/02\/241024-HOTEL-ENCINAR-SOTOGRANDE-95-190x285.jpg 190w, https:\/\/hotelencinardesotogrande.com\/wp-content\/uploads\/2026\/02\/241024-HOTEL-ENCINAR-SOTOGRANDE-95-760x1140.jpg 760w, https:\/\/hotelencinardesotogrande.com\/wp-content\/uploads\/2026\/02\/241024-HOTEL-ENCINAR-SOTOGRANDE-95-1140x1710.jpg 1140w\" sizes=\"auto, (max-width: 1707px) 100vw, 1707px\" \/><\/div>\n\t\t<\/figure>\n\t<\/div>\n<\/div><\/div><\/div><\/div><div class=\"vc_empty_space\" id=\"thb-empty-space-69de7b1b0d8ec\"  style=\"height: 20vh\" ><span class=\"vc_empty_space_inner\"><\/span><\/div>\n<style>\n\t@media screen and (max-width: 640px) {\n\t\t#thb-empty-space-69de7b1b0d8ec {\n\t\t\theight: 5vh !important;\n\t\t}\n\t}\n<\/style>\n\t<\/div><\/div><\/div><\/div><div class=\"row wpb_row row-fluid no-row-padding full-width-row no-column-padding vc_custom_1681144116034 row-has-fill\"><div class=\"wpb_column columns medium-12 thb-dark-column small-12\"><div class=\"vc_column-inner\"><div class=\"wpb_wrapper\"><div class='gambit_row_scroll' data-row-entrance='fly-right' data-row-exit='none' data--5p-center-top-entrance=\"transform: translateX(0vw);\" data-bottom-top-entrance=\"transform: translateX(-100vw);\" ><\/div><\/div><\/div><\/div><div class=\"wpb_column columns medium-8 thb-dark-column has-fill small-12\"><div class=\"vc_column-inner   vc_custom_1770041393433\"><div class=\"wpb_wrapper\"><div class=\"vc_empty_space\" id=\"thb-empty-space-69de7b1b0deae\"  style=\"height: 12vh\" ><span class=\"vc_empty_space_inner\"><\/span><\/div>\n<style>\n\t@media screen and (max-width: 640px) {\n\t\t#thb-empty-space-69de7b1b0deae {\n\t\t\theight: 39vh !important;\n\t\t}\n\t}\n<\/style>\n\t<\/div><\/div><\/div><div class=\"wpb_column columns medium-4 thb-dark-column small-12\"><div class=\"vc_column-inner\"><div class=\"wpb_wrapper\"><div class=\"vc_empty_space\" id=\"thb-empty-space-69de7b1b0e046\"  style=\"height: 11vh\" ><span class=\"vc_empty_space_inner\"><\/span><\/div>\n<style>\n\t@media screen and (max-width: 640px) {\n\t\t#thb-empty-space-69de7b1b0e046 {\n\t\t\theight: 0vh !important;\n\t\t}\n\t}\n<\/style>\n\t\n\t<div class=\"wpb_text_column wpb_content_element animation fade-in  vc_custom_1682346725802\" >\n\t\t<div class=\"wpb_wrapper\">\n\t\t\t<h3>DESIGN<\/h3>\n<p>Das Design und die Innenarchitektur der R\u00e4ume wurden unter Verwendung von organischen Materialien renoviert, wobei Holz eine wichtige Rolle spielt und stets versucht wird, das nat\u00fcrliche Licht optimal zu nutzen.<\/p>\n\n\t\t<\/div>\n\t<\/div>\n<div class=\"vc_empty_space\" id=\"thb-empty-space-69de7b1b0e19c\"  style=\"height: 11vh\" ><span class=\"vc_empty_space_inner\"><\/span><\/div>\n<style>\n\t@media screen and (max-width: 640px) {\n\t\t#thb-empty-space-69de7b1b0e19c {\n\t\t\theight: 0vh !important;\n\t\t}\n\t}\n<\/style>\n\t<\/div><\/div><\/div><\/div><div class=\"row wpb_row row-fluid swap-on-mobile no-row-padding full-width-row no-column-padding vc_custom_1687945485450 row-has-fill row-o-content-middle row-flex\"><div class=\"wpb_column columns medium-12 thb-dark-column has-fill small-12\"><div class=\"vc_column-inner   vc_custom_1681144998546\"><div class=\"wpb_wrapper\"><div class='gambit_row_scroll' data-row-entrance='fly-left' data-row-exit='none' data--5p-center-top-entrance=\"transform: translateX(0vw);\" data-bottom-top-entrance=\"transform: translateX(100vw);\" ><\/div><\/div><\/div><\/div><div class=\"wpb_column columns medium-4 thb-light-column has-fill small-12\"><div class=\"vc_column-inner   vc_custom_1681144936667\"><div class=\"wpb_wrapper\"><div class=\"vc_empty_space\" id=\"thb-empty-space-69de7b1b0e655\"  style=\"height: 11vh\" ><span class=\"vc_empty_space_inner\"><\/span><\/div>\n<style>\n\t@media screen and (max-width: 640px) {\n\t\t#thb-empty-space-69de7b1b0e655 {\n\t\t\theight: 0vh !important;\n\t\t}\n\t}\n<\/style>\n\t\n\t<div class=\"wpb_text_column wpb_content_element animation fade-in  vc_custom_1682346952948\" >\n\t\t<div class=\"wpb_wrapper\">\n\t\t\t<h3>GASTRONOMIE<\/h3>\n<p>Das gastronomische Angebot von \"Acebuche\" und \"La Bellota\" basiert auf einem Angebot, in dem lokale und nahegelegene Produkte vorherrschen und das den lokalen Handel im Gebiet von San Roque und der Provinz C\u00e1diz unterst\u00fctzt.<\/p>\n\n\t\t<\/div>\n\t<\/div>\n<div class=\"vc_btn3-container  wpb_animate_when_almost_visible wpb_fadeIn fadeIn vc_btn3-inline vc_custom_1687945629950\" ><a style=\"background-color:#9f8356; color:#ffffff;\" class=\"vc_general vc_btn3 vc_btn3-size-md vc_btn3-shape-round vc_btn3-style-custom\" href=\"https:\/\/hotelencinardesotogrande.com\/de\/gastronomie\/\" title=\"Gastronomie\"><b>ENTDECKUNG DER GASTRONOMIE<\/b><\/a><\/div><div class=\"vc_empty_space\" id=\"thb-empty-space-69de7b1b0e942\"  style=\"height: 11vh\" ><span class=\"vc_empty_space_inner\"><\/span><\/div>\n<style>\n\t@media screen and (max-width: 640px) {\n\t\t#thb-empty-space-69de7b1b0e942 {\n\t\t\theight: 0vh !important;\n\t\t}\n\t}\n<\/style>\n\t<\/div><\/div><\/div><div class=\"wpb_column columns medium-8 thb-dark-column has-fill small-12\"><div class=\"vc_column-inner   vc_custom_1770041417002\"><div class=\"wpb_wrapper\"><div class=\"vc_empty_space\" id=\"thb-empty-space-69de7b1b0eac9\"  style=\"height: 24vh\" ><span class=\"vc_empty_space_inner\"><\/span><\/div>\n<style>\n\t@media screen and (max-width: 640px) {\n\t\t#thb-empty-space-69de7b1b0eac9 {\n\t\t\theight: 39vh !important;\n\t\t}\n\t}\n<\/style>\n\t<\/div><\/div><\/div><\/div><div class=\"row wpb_row row-fluid no-row-padding full-width-row no-column-padding vc_custom_1681145454583 row-has-fill row-o-content-middle row-flex\"><div class=\"wpb_column columns medium-12 thb-dark-column small-12\"><div class=\"vc_column-inner\"><div class=\"wpb_wrapper\"><div class='gambit_row_scroll' data-row-entrance='fly-right' data-row-exit='none' data--5p-center-top-entrance=\"transform: translateX(0vw);\" data-bottom-top-entrance=\"transform: translateX(-100vw);\" ><\/div><\/div><\/div><\/div><div class=\"wpb_column columns medium-8 thb-dark-column has-fill small-12\"><div class=\"vc_column-inner   vc_custom_1770045220142\"><div class=\"wpb_wrapper\"><div class=\"vc_empty_space\" id=\"thb-empty-space-69de7b1b0ee88\"  style=\"height: 24vh\" ><span class=\"vc_empty_space_inner\"><\/span><\/div>\n<style>\n\t@media screen and (max-width: 640px) {\n\t\t#thb-empty-space-69de7b1b0ee88 {\n\t\t\theight: 39vh !important;\n\t\t}\n\t}\n<\/style>\n\t<\/div><\/div><\/div><div class=\"wpb_column columns medium-4 thb-dark-column small-12\"><div class=\"vc_column-inner\"><div class=\"wpb_wrapper\"><div class=\"vc_empty_space\" id=\"thb-empty-space-69de7b1b0efe4\"  style=\"height: 11vh\" ><span class=\"vc_empty_space_inner\"><\/span><\/div>\n<style>\n\t@media screen and (max-width: 640px) {\n\t\t#thb-empty-space-69de7b1b0efe4 {\n\t\t\theight: 0vh !important;\n\t\t}\n\t}\n<\/style>\n\t\n\t<div class=\"wpb_text_column wpb_content_element animation fade-in  vc_custom_1682347001601\" >\n\t\t<div class=\"wpb_wrapper\">\n\t\t\t<h3>ENERGIE-EFFIZIENZ<\/h3>\n<p>Das Hotel Encinar de Sotogrande verf\u00fcgt \u00fcber die fortschrittlichste Technologie, die derzeit auf dem Markt in Bezug auf Klimaanlagen, Bel\u00fcftung und Warmwasserbereitung verf\u00fcgbar ist. Neben einer sehr hohen Effizienz der Anlagen werden durch ein doppeltes Filtersystem sowohl der Komfort als auch die hygienischen Bedingungen verbessert.<\/p>\n\n\t\t<\/div>\n\t<\/div>\n<div class=\"vc_btn3-container  wpb_animate_when_almost_visible wpb_fadeIn fadeIn vc_btn3-inline vc_custom_1681145212433\" ><a style=\"background-color:#9f8356; color:#ffffff;\" class=\"vc_general vc_btn3 vc_btn3-size-md vc_btn3-shape-round vc_btn3-style-custom\" href=\"https:\/\/hotelencinardesotogrande.com\/de\/zimmer\/\" title=\"\"><b>ENTDECKEN SIE DIE ZIMMER<\/b><\/a><\/div><div class=\"vc_empty_space\" id=\"thb-empty-space-69de7b1b0f890\"  style=\"height: 11vh\" ><span class=\"vc_empty_space_inner\"><\/span><\/div>\n<style>\n\t@media screen and (max-width: 640px) {\n\t\t#thb-empty-space-69de7b1b0f890 {\n\t\t\theight: 0vh !important;\n\t\t}\n\t}\n<\/style>\n\t<\/div><\/div><\/div><\/div><div class=\"row wpb_row row-fluid swap-on-mobile no-row-padding full-width-row no-column-padding vc_custom_1687945546467 row-has-fill row-o-content-middle row-flex\"><div class=\"wpb_column columns medium-12 thb-dark-column has-fill small-12\"><div class=\"vc_column-inner   vc_custom_1681144998546\"><div class=\"wpb_wrapper\"><div class='gambit_row_scroll' data-row-entrance='fly-left' data-row-exit='none' data--5p-center-top-entrance=\"transform: translateX(0vw);\" data-bottom-top-entrance=\"transform: translateX(100vw);\" ><\/div><\/div><\/div><\/div><div class=\"wpb_column columns medium-4 thb-light-column has-fill small-12\"><div class=\"vc_column-inner   vc_custom_1681144936667\"><div class=\"wpb_wrapper\"><div class=\"vc_empty_space\" id=\"thb-empty-space-69de7b1b0fc72\"  style=\"height: 11vh\" ><span class=\"vc_empty_space_inner\"><\/span><\/div>\n<style>\n\t@media screen and (max-width: 640px) {\n\t\t#thb-empty-space-69de7b1b0fc72 {\n\t\t\theight: 0vh !important;\n\t\t}\n\t}\n<\/style>\n\t\n\t<div class=\"wpb_text_column wpb_content_element animation fade-in  vc_custom_1682347058112\" >\n\t\t<div class=\"wpb_wrapper\">\n\t\t\t<h3>SICHERE AUFENTHALTE<\/h3>\n<p>Jeder Raum ist mit einem zweistufigen Luftfiltersystem ausgestattet, das in den Klimager\u00e4ten installiert ist und die Quad-Plasma-Technologie verwendet, die eine Luftqualit\u00e4t \u00e4hnlich der von reiner Luft bietet. Diese innovative Filtertechnologie funktioniert im Gegensatz zu anderen Technologien, die in der Regel durch das Einfangen von Partikeln arbeiten, durch die Erzeugung eines Plasmas, das die W\u00e4nde und Membranen von Bakterien, Viren, Pilzen, Allergenen und anderen zerst\u00f6rt, sie inaktiviert und anschlie\u00dfend zur\u00fcckh\u00e4lt. Es kann Viren wie SARS -COV-2 mit 99,8% deaktivieren, was von der SEAIC (Spanische Gesellschaft f\u00fcr Allergologie und klinische Immunologie) zertifiziert wurde.<\/p>\n\n\t\t<\/div>\n\t<\/div>\n<div class=\"vc_empty_space\" id=\"thb-empty-space-69de7b1b0fd8a\"  style=\"height: 11vh\" ><span class=\"vc_empty_space_inner\"><\/span><\/div>\n<style>\n\t@media screen and (max-width: 640px) {\n\t\t#thb-empty-space-69de7b1b0fd8a {\n\t\t\theight: 0vh !important;\n\t\t}\n\t}\n<\/style>\n\t<\/div><\/div><\/div><div class=\"wpb_column columns medium-8 thb-dark-column has-fill small-12\"><div class=\"vc_column-inner   vc_custom_1770041462838\"><div class=\"wpb_wrapper\"><div class=\"vc_empty_space\" id=\"thb-empty-space-69de7b1b0fef0\"  style=\"height: 24vh\" ><span class=\"vc_empty_space_inner\"><\/span><\/div>\n<style>\n\t@media screen and (max-width: 640px) {\n\t\t#thb-empty-space-69de7b1b0fef0 {\n\t\t\theight: 39vh !important;\n\t\t}\n\t}\n<\/style>\n\t<\/div><\/div><\/div><\/div>","protected":false},"excerpt":{"rendered":"NACHHALTIGKEIT Engagement f\u00fcr die Umgebung, die Umwelt und den lokalen Verbrauch EIN ENGAGEMENT F\u00dcR UNSERE UMWELT Nachhaltigkeit und maximale Symbiose mit der Umwelt ist eine der S\u00e4ulen der Philosophie des Hotels Encinar de Sotogrande. Eine Verpflichtung, die jeden Betrieb und jede Dienstleistung des Hotels durchdringt, immer auf der Suche nach der maximalen Effizienz...","protected":false},"author":1,"featured_media":1788,"parent":0,"menu_order":0,"comment_status":"closed","ping_status":"closed","template":"","meta":{"footnotes":""},"class_list":["post-718","page","type-page","status-publish","has-post-thumbnail","hentry"],"_links":{"self":[{"href":"https:\/\/hotelencinardesotogrande.com\/de\/wp-json\/wp\/v2\/pages\/718","targetHints":{"allow":["GET"]}}],"collection":[{"href":"https:\/\/hotelencinardesotogrande.com\/de\/wp-json\/wp\/v2\/pages"}],"about":[{"href":"https:\/\/hotelencinardesotogrande.com\/de\/wp-json\/wp\/v2\/types\/page"}],"author":[{"embeddable":true,"href":"https:\/\/hotelencinardesotogrande.com\/de\/wp-json\/wp\/v2\/users\/1"}],"replies":[{"embeddable":true,"href":"https:\/\/hotelencinardesotogrande.com\/de\/wp-json\/wp\/v2\/comments?post=718"}],"version-history":[{"count":22,"href":"https:\/\/hotelencinardesotogrande.com\/de\/wp-json\/wp\/v2\/pages\/718\/revisions"}],"predecessor-version":[{"id":1845,"href":"https:\/\/hotelencinardesotogrande.com\/de\/wp-json\/wp\/v2\/pages\/718\/revisions\/1845"}],"wp:featuredmedia":[{"embeddable":true,"href":"https:\/\/hotelencinardesotogrande.com\/de\/wp-json\/wp\/v2\/media\/1788"}],"wp:attachment":[{"href":"https:\/\/hotelencinardesotogrande.com\/de\/wp-json\/wp\/v2\/media?parent=718"}],"curies":[{"name":"wp","href":"https:\/\/api.w.org\/{rel}","templated":true}]}}