{"id":731,"date":"2023-04-24T14:47:47","date_gmt":"2023-04-24T14:47:47","guid":{"rendered":"https:\/\/hotelencinardesotogrande.com\/?page_id=731"},"modified":"2025-04-01T12:11:50","modified_gmt":"2025-04-01T12:11:50","slug":"el-entorno","status":"publish","type":"page","link":"https:\/\/hotelencinardesotogrande.com\/de\/die-umwelt\/","title":{"rendered":"DIE UMWELT"},"content":{"rendered":"<div class=\"row wpb_row row-fluid no-row-padding full-width-row no-column-padding thb-arrow-enabled thb-overlay-enabled vc_custom_1682347501867 row-has-fill\"><div class=\"text-center wpb_column columns medium-12 thb-light-column small-12\"><div class=\"vc_column-inner   vc_custom_1681142433874\"><div class=\"wpb_wrapper\"><div class=\"row wpb_row vc_inner row-fluid max_width\"><div class=\"wpb_column columns medium-2 thb-dark-column small-12\"><div class=\"vc_column-inner\"><div class=\"wpb_wrapper\"><\/div><\/div><\/div><div class=\"wpb_column columns medium-8 thb-dark-column small-12\"><div class=\"vc_column-inner   vc_custom_1681139473962\"><div class=\"wpb_wrapper\">\n\t<div class=\"wpb_text_column wpb_content_element animation bottom-to-top\" >\n\t\t<div class=\"wpb_wrapper\">\n\t\t\t<h1 style=\"text-align: center;\">DIE UMWELT<\/h1>\n\n\t\t<\/div>\n\t<\/div>\n\n\t<div class=\"wpb_text_column wpb_content_element animation bottom-to-top\" >\n\t\t<div class=\"wpb_wrapper\">\n\t\t\t<p style=\"text-align: center;\"><span style=\"font-size: x-large;\">Sotogrande: ein Reiseziel mit eigenem Charakter.<\/span><\/p>\n\n\t\t<\/div>\n\t<\/div>\n<\/div><\/div><\/div><div class=\"wpb_column columns medium-2 thb-dark-column small-12\"><div class=\"vc_column-inner\"><div class=\"wpb_wrapper\"><\/div><\/div><\/div><\/div><\/div><\/div><\/div><div class=\"scroll-bottom light style2\"><div><\/div><\/div><div id=\"thb-row-overlay-69de15d89d6c7\" class=\"thb-row-overlay\"><\/div><style>\n  \t#thb-row-overlay-69de15d89d6c7 {background:rgba(0,0,0,0.25);background:linear-gradient( -135deg,rgba(0,0,0,0.25),rgba(0,0,0,0.25) ); }<\/style><\/div><div class=\"row wpb_row row-fluid bookingbar finder-fixed no-row-padding full-width-row no-column-padding vc_custom_1743507899408 row-has-fill\"><div class=\"box-finder wpb_column columns medium-12 thb-dark-column small-12\"><div class=\"vc_column-inner   vc_custom_1743507884887\"><div class=\"wpb_wrapper\">\n\t<div class=\"wpb_raw_code wpb_content_element wpb_raw_html\" >\n\t\t<div class=\"wpb_wrapper\">\n\t\t\t<div data-mirai-component=\"finder\"><\/div>\n\t\t<\/div>\n\t<\/div>\n<\/div><\/div><\/div><\/div><div class=\"row wpb_row row-fluid bookingunder\"><div class=\"wpb_column columns medium-12 thb-dark-column small-12\"><div class=\"vc_column-inner\"><div class=\"wpb_wrapper\"><\/div><\/div><\/div><\/div><div class=\"row wpb_row row-fluid\"><div class=\"wpb_column columns medium-12 thb-dark-column small-12\"><div class=\"vc_column-inner\"><div class=\"wpb_wrapper\"><div class=\"row wpb_row vc_inner row-fluid max_width\"><div class=\"wpb_column columns medium-12 thb-dark-column small-12\"><div class=\"vc_column-inner\"><div class=\"wpb_wrapper\"><div class=\"vc_empty_space\" id=\"thb-empty-space-69de15d89de7e\"  style=\"height: 8vh\" ><span class=\"vc_empty_space_inner\"><\/span><\/div>\n<style>\n\t@media screen and (max-width: 640px) {\n\t\t#thb-empty-space-69de15d89de7e {\n\t\t\theight: 3vh !important;\n\t\t}\n\t}\n<\/style>\n\t<\/div><\/div><\/div><\/div>\n\t<div class=\"wpb_text_column wpb_content_element\" >\n\t\t<div class=\"wpb_wrapper\">\n\t\t\t<h3 style=\"text-align: center;\">EINE OASE DER EXKLUSIVIT\u00c4T<\/h3>\n<p style=\"text-align: center;\">Sotogrande gilt als eine der privilegiertesten Gegenden an der s\u00fcdspanischen K\u00fcste und ist zu einem Synonym f\u00fcr Avantgarde und Exklusivit\u00e4t in einer urbanen Oase geworden, die sich zu einem internationalen Referenzziel entwickelt hat, sowohl f\u00fcr Reisende, die sich f\u00fcr einen Lebensstil der Entspannung und des Komforts begeistern, als auch f\u00fcr diejenigen, die von dem breiten Sportangebot der Gegend angezogen werden.<\/p>\n\n\t\t<\/div>\n\t<\/div>\n<\/div><\/div><\/div><\/div><div class=\"row wpb_row row-fluid swap-on-mobile no-row-padding full-width-row no-column-padding vc_custom_1689759783749 row-has-fill row-o-content-middle row-flex\"><div class=\"wpb_column columns medium-7 thb-dark-column small-12\"><div class=\"vc_column-inner   vc_custom_1689758170049\"><div class=\"wpb_wrapper\">\n\t<div class=\"wpb_text_column wpb_content_element\" >\n\t\t<div class=\"wpb_wrapper\">\n\t\t\t<h4 style=\"text-align: center;\">EIN ZIEL<br \/>\nIN IHREM EIGENEN RECHT<\/h4>\n<p style=\"text-align: center;\">Seine strategische Lage mit Anbindung an die wichtigsten st\u00e4dtischen Zentren der Umgebung macht Sotogrande zu einem einzigartigen Reiseziel f\u00fcr Tausende von Reisenden, die einen Urlaub suchen, der auch den h\u00f6chsten Anspr\u00fcchen gerecht wird.<\/p>\n\n\t\t<\/div>\n\t<\/div>\n<div class=\"row wpb_row vc_inner row-fluid max_width\"><div class=\"wpb_column columns medium-1\/5 small-4 thb-dark-column\"><div class=\"vc_column-inner\"><div class=\"wpb_wrapper\">\n\t<div  class=\"wpb_single_image wpb_content_element vc_align_center  vc_custom_1689759131250\">\n\t\t\n\t\t<figure class=\"wpb_wrapper vc_figure\">\n\t\t\t<div class=\"vc_single_image-wrapper   vc_box_border_grey\"><img loading=\"lazy\" decoding=\"async\" class=\"vc_single_image-img\" src=\"https:\/\/hotelencinardesotogrande.com\/wp-content\/uploads\/2023\/07\/ENCINAR-SOTOGRANDE-ICONOS_0003_Objeto-inteligente-vectorial-70x70.png\" width=\"70\" height=\"70\" alt=\"ENCINAR-SOTOGRANDE-ICONS_0003_Intelligenter-Vektor-Gegenstand\" title=\"ENCINAR-SOTOGRANDE-ICONS_0003_Intelligenter-Vektor-Gegenstand\" \/><\/div>\n\t\t<\/figure>\n\t<\/div>\n\t<div class=\"thb-counter counter-style5 thb-side left\" id=\"thb-counter-69de15d89e8e9\" data-separator=\"\" data-format=\"(,ddd).dd\">\n\t\t\t\t\t<div class=\"counter-container\">\n\t\t\t\t\t\t\t\t\t<div class=\"counter-text counter\">+<\/div>\t\t\t\t<div class=\"h1 counter\" data-count=\"+300\" data-speed=\"2000\">0<\/div>\n\t\t\t\t\t\t\t<\/div>\n\t\t\t<h6 class=\"thb-title\"><\/h6>\n\t\t\t\t\t\t\t\t\t\t<style>\n\t\t\t#thb-counter-69de15d89e8e9 .odometer.odometer-auto-theme.odometer-animating-up .odometer-ribbon-inner,\n\t\t\t#thb-counter-69de15d89e8e9 .odometer.odometer-theme-minimal.odometer-animating-up .odometer-ribbon-inner {\n\t\t\t\ttransition: transform 2s;\n\t\t\t}\n\t\t\t\t\t\t\t\t\t\t\t\t\t\t<\/style>\n\t<\/div>\n\t\n\t<div class=\"wpb_text_column wpb_content_element   vc_custom_1689759721785\" >\n\t\t<div class=\"wpb_wrapper\">\n\t\t\t<p style=\"text-align: center;\">Sonnentage pro Jahr<\/p>\n\n\t\t<\/div>\n\t<\/div>\n<\/div><\/div><\/div><div class=\"wpb_column columns medium-1\/5 small-4 thb-dark-column\"><div class=\"vc_column-inner\"><div class=\"wpb_wrapper\">\n\t<div  class=\"wpb_single_image wpb_content_element vc_align_center  vc_custom_1689759190478\">\n\t\t\n\t\t<figure class=\"wpb_wrapper vc_figure\">\n\t\t\t<div class=\"vc_single_image-wrapper   vc_box_border_grey\"><img loading=\"lazy\" decoding=\"async\" class=\"vc_single_image-img\" src=\"https:\/\/hotelencinardesotogrande.com\/wp-content\/uploads\/2023\/07\/ENCINAR-SOTOGRANDE-ICONOS_0002_Objeto-inteligente-vectorial-70x70.png\" width=\"70\" height=\"70\" alt=\"ENCINAR-SOTOGRANDE-ICONS_0002_Intelligenter-Vektor-Gegenstand\" title=\"ENCINAR-SOTOGRANDE-ICONS_0002_Intelligenter-Vektor-Gegenstand\" \/><\/div>\n\t\t<\/figure>\n\t<\/div>\n\t<div class=\"thb-counter counter-style5 thb-side left\" id=\"thb-counter-69de15d89efc0\" data-separator=\"\" data-format=\"(,ddd).dd\">\n\t\t\t\t\t<div class=\"counter-container\">\n\t\t\t\t\t\t\t\t<div class=\"h1 counter\" data-count=\"24\" data-speed=\"2000\">0<\/div>\n\t\t\t\t\t\t\t\t\t<div class=\"counter-text counter\">\u00ba<\/div>\t\t\t<\/div>\n\t\t\t<h6 class=\"thb-title\"><\/h6>\n\t\t\t\t\t\t\t\t\t\t<style>\n\t\t\t#thb-counter-69de15d89efc0 .odometer.odometer-auto-theme.odometer-animating-up .odometer-ribbon-inner,\n\t\t\t#thb-counter-69de15d89efc0 .odometer.odometer-theme-minimal.odometer-animating-up .odometer-ribbon-inner {\n\t\t\t\ttransition: transform 2s;\n\t\t\t}\n\t\t\t\t\t\t\t\t\t\t\t\t\t\t<\/style>\n\t<\/div>\n\t\n\t<div class=\"wpb_text_column wpb_content_element   vc_custom_1689759726433\" >\n\t\t<div class=\"wpb_wrapper\">\n\t\t\t<p style=\"text-align: center;\">Durchschnittstemperatur<\/p>\n\n\t\t<\/div>\n\t<\/div>\n<\/div><\/div><\/div><div class=\"wpb_column columns medium-1\/5 small-4 thb-dark-column\"><div class=\"vc_column-inner\"><div class=\"wpb_wrapper\">\n\t<div  class=\"wpb_single_image wpb_content_element vc_align_center  vc_custom_1689759195731\">\n\t\t\n\t\t<figure class=\"wpb_wrapper vc_figure\">\n\t\t\t<div class=\"vc_single_image-wrapper   vc_box_border_grey\"><img loading=\"lazy\" decoding=\"async\" class=\"vc_single_image-img\" src=\"https:\/\/hotelencinardesotogrande.com\/wp-content\/uploads\/2023\/07\/ENCINAR-SOTOGRANDE-ICONOS_0001_Objeto-inteligente-vectorial-70x70.png\" width=\"70\" height=\"70\" alt=\"ENCINAR-SOTOGRANDE-ICONS_0001_Intelligentes-Vektor-Objekt\" title=\"ENCINAR-SOTOGRANDE-ICONS_0001_Intelligentes-Vektor-Objekt\" \/><\/div>\n\t\t<\/figure>\n\t<\/div>\n\t<div class=\"thb-counter counter-style5 thb-side left\" id=\"thb-counter-69de15d89f54a\" data-separator=\"\" data-format=\"(,ddd).dd\">\n\t\t\t\t\t<div class=\"counter-container\">\n\t\t\t\t\t\t\t\t\t<div class=\"counter-text counter\">+<\/div>\t\t\t\t<div class=\"h1 counter\" data-count=\"+500\" data-speed=\"2000\">0<\/div>\n\t\t\t\t\t\t\t\t\t<div class=\"counter-text counter\">K<\/div>\t\t\t<\/div>\n\t\t\t<h6 class=\"thb-title\"><\/h6>\n\t\t\t\t\t\t\t\t\t\t<style>\n\t\t\t#thb-counter-69de15d89f54a .odometer.odometer-auto-theme.odometer-animating-up .odometer-ribbon-inner,\n\t\t\t#thb-counter-69de15d89f54a .odometer.odometer-theme-minimal.odometer-animating-up .odometer-ribbon-inner {\n\t\t\t\ttransition: transform 2s;\n\t\t\t}\n\t\t\t\t\t\t\t\t\t\t\t\t\t\t<\/style>\n\t<\/div>\n\t\n\t<div class=\"wpb_text_column wpb_content_element   vc_custom_1689759730770\" >\n\t\t<div class=\"wpb_wrapper\">\n\t\t\t<p style=\"text-align: center;\">j\u00e4hrliche Besucher<\/p>\n\n\t\t<\/div>\n\t<\/div>\n<\/div><\/div><\/div><div class=\"wpb_column columns medium-1\/5 small-6 thb-dark-column\"><div class=\"vc_column-inner\"><div class=\"wpb_wrapper\">\n\t<div  class=\"wpb_single_image wpb_content_element vc_align_center  vc_custom_1689759200709\">\n\t\t\n\t\t<figure class=\"wpb_wrapper vc_figure\">\n\t\t\t<div class=\"vc_single_image-wrapper   vc_box_border_grey\"><img loading=\"lazy\" decoding=\"async\" class=\"vc_single_image-img\" src=\"https:\/\/hotelencinardesotogrande.com\/wp-content\/uploads\/2023\/07\/ENCINAR-SOTOGRANDE-ICONOS_0000_Objeto-inteligente-vectorial-70x70.png\" width=\"70\" height=\"70\" alt=\"ENCINAR-SOTOGRANDE-ICONS_0000_Intelligent-Vector Objekt\" title=\"ENCINAR-SOTOGRANDE-ICONS_0000_Intelligent-Vector Objekt\" \/><\/div>\n\t\t<\/figure>\n\t<\/div>\n\t<div class=\"thb-counter counter-style5 thb-side left\" id=\"thb-counter-69de15d89fb2d\" data-separator=\"\" data-format=\"(,ddd).dd\">\n\t\t\t\t\t<div class=\"counter-container\">\n\t\t\t\t\t\t\t\t\t<div class=\"counter-text counter\">+<\/div>\t\t\t\t<div class=\"h1 counter\" data-count=\"12\" data-speed=\"2000\">0<\/div>\n\t\t\t\t\t\t\t<\/div>\n\t\t\t<h6 class=\"thb-title\"><\/h6>\n\t\t\t\t\t\t\t\t\t\t<style>\n\t\t\t#thb-counter-69de15d89fb2d .odometer.odometer-auto-theme.odometer-animating-up .odometer-ribbon-inner,\n\t\t\t#thb-counter-69de15d89fb2d .odometer.odometer-theme-minimal.odometer-animating-up .odometer-ribbon-inner {\n\t\t\t\ttransition: transform 2s;\n\t\t\t}\n\t\t\t\t\t\t\t\t\t\t\t\t\t\t<\/style>\n\t<\/div>\n\t\n\t<div class=\"wpb_text_column wpb_content_element   vc_custom_1689759734684\" >\n\t\t<div class=\"wpb_wrapper\">\n\t\t\t<p style=\"text-align: center;\">Nationalit\u00e4ten<\/p>\n\n\t\t<\/div>\n\t<\/div>\n<\/div><\/div><\/div><div class=\"wpb_column columns medium-1\/5 small-6 thb-dark-column\"><div class=\"vc_column-inner\"><div class=\"wpb_wrapper\">\n\t<div  class=\"wpb_single_image wpb_content_element vc_align_center  vc_custom_1689759233763\">\n\t\t\n\t\t<figure class=\"wpb_wrapper vc_figure\">\n\t\t\t<div class=\"vc_single_image-wrapper   vc_box_border_grey\"><img loading=\"lazy\" decoding=\"async\" class=\"vc_single_image-img\" src=\"https:\/\/hotelencinardesotogrande.com\/wp-content\/uploads\/2023\/07\/campos-de-golf-70x70.png\" width=\"70\" height=\"70\" alt=\"Golfpl\u00e4tze\" title=\"Golfpl\u00e4tze\" \/><\/div>\n\t\t<\/figure>\n\t<\/div>\n\t<div class=\"thb-counter counter-style5 thb-side left\" id=\"thb-counter-69de15d8a0190\" data-separator=\"\" data-format=\"(,ddd).dd\">\n\t\t\t\t\t<div class=\"counter-container\">\n\t\t\t\t\t\t\t\t<div class=\"h1 counter\" data-count=\"9\" data-speed=\"2000\">0<\/div>\n\t\t\t\t\t\t\t<\/div>\n\t\t\t<h6 class=\"thb-title\"><\/h6>\n\t\t\t\t\t\t\t\t\t\t<style>\n\t\t\t#thb-counter-69de15d8a0190 .odometer.odometer-auto-theme.odometer-animating-up .odometer-ribbon-inner,\n\t\t\t#thb-counter-69de15d8a0190 .odometer.odometer-theme-minimal.odometer-animating-up .odometer-ribbon-inner {\n\t\t\t\ttransition: transform 2s;\n\t\t\t}\n\t\t\t\t\t\t\t\t\t\t\t\t\t\t<\/style>\n\t<\/div>\n\t\n\t<div class=\"wpb_text_column wpb_content_element   vc_custom_1689759739217\" >\n\t\t<div class=\"wpb_wrapper\">\n\t\t\t<p style=\"text-align: center;\">Golfpl\u00e4tze<\/p>\n\n\t\t<\/div>\n\t<\/div>\n<\/div><\/div><\/div><\/div><\/div><\/div><\/div><div class=\"wpb_column columns medium-5 thb-dark-column small-12\"><div class=\"vc_column-inner\"><div class=\"wpb_wrapper\">\n\t<div  class=\"wpb_single_image wpb_content_element vc_align_center\">\n\t\t\n\t\t<figure class=\"wpb_wrapper vc_figure\">\n\t\t\t<div class=\"vc_single_image-wrapper   vc_box_border_grey\"><img loading=\"lazy\" decoding=\"async\" width=\"2552\" height=\"1996\" src=\"https:\/\/hotelencinardesotogrande.com\/wp-content\/uploads\/2023\/07\/mapa-higueron.jpg\" class=\"vc_single_image-img attachment-full\" alt=\"\" title=\"karte-higueron\" srcset=\"https:\/\/hotelencinardesotogrande.com\/wp-content\/uploads\/2023\/07\/mapa-higueron.jpg 2552w, https:\/\/hotelencinardesotogrande.com\/wp-content\/uploads\/2023\/07\/mapa-higueron-300x235.jpg 300w, https:\/\/hotelencinardesotogrande.com\/wp-content\/uploads\/2023\/07\/mapa-higueron-1024x801.jpg 1024w, https:\/\/hotelencinardesotogrande.com\/wp-content\/uploads\/2023\/07\/mapa-higueron-768x601.jpg 768w, https:\/\/hotelencinardesotogrande.com\/wp-content\/uploads\/2023\/07\/mapa-higueron-1536x1201.jpg 1536w, https:\/\/hotelencinardesotogrande.com\/wp-content\/uploads\/2023\/07\/mapa-higueron-2048x1602.jpg 2048w, https:\/\/hotelencinardesotogrande.com\/wp-content\/uploads\/2023\/07\/mapa-higueron-15x12.jpg 15w, https:\/\/hotelencinardesotogrande.com\/wp-content\/uploads\/2023\/07\/mapa-higueron-380x297.jpg 380w, https:\/\/hotelencinardesotogrande.com\/wp-content\/uploads\/2023\/07\/mapa-higueron-20x16.jpg 20w, https:\/\/hotelencinardesotogrande.com\/wp-content\/uploads\/2023\/07\/mapa-higueron-190x149.jpg 190w, https:\/\/hotelencinardesotogrande.com\/wp-content\/uploads\/2023\/07\/mapa-higueron-760x594.jpg 760w, https:\/\/hotelencinardesotogrande.com\/wp-content\/uploads\/2023\/07\/mapa-higueron-1140x892.jpg 1140w\" sizes=\"auto, (max-width: 2552px) 100vw, 2552px\" \/><\/div>\n\t\t<\/figure>\n\t<\/div>\n<\/div><\/div><\/div><\/div><div class=\"row wpb_row row-fluid\"><div class=\"wpb_column columns medium-12 thb-dark-column small-12\"><div class=\"vc_column-inner\"><div class=\"wpb_wrapper\"><div class=\"vc_empty_space\" id=\"thb-empty-space-69de15d8a0e32\"  style=\"height: 5vh\" ><span class=\"vc_empty_space_inner\"><\/span><\/div>\n<\/div><\/div><\/div><\/div><div class=\"row wpb_row row-fluid full-width-row row-o-content-top row-flex\"><div class=\"wpb_column columns medium-4 thb-dark-column small-12\"><div class=\"vc_column-inner\"><div class=\"wpb_wrapper\">\n\t<div  class=\"wpb_single_image wpb_content_element vc_align_center\">\n\t\t\n\t\t<figure class=\"wpb_wrapper vc_figure\">\n\t\t\t<div class=\"vc_single_image-wrapper   vc_box_border_grey\"><img loading=\"lazy\" decoding=\"async\" width=\"1336\" height=\"892\" src=\"https:\/\/hotelencinardesotogrande.com\/wp-content\/uploads\/2023\/07\/HOTEL-ENCINAR-DE-SOTOGRANDE_0002_GOLF.jpg\" class=\"vc_single_image-img attachment-full\" alt=\"\" title=\"HOTEL-ENCINAR-DE-SOTOGRANDE_0002_GOLF\" srcset=\"https:\/\/hotelencinardesotogrande.com\/wp-content\/uploads\/2023\/07\/HOTEL-ENCINAR-DE-SOTOGRANDE_0002_GOLF.jpg 1336w, https:\/\/hotelencinardesotogrande.com\/wp-content\/uploads\/2023\/07\/HOTEL-ENCINAR-DE-SOTOGRANDE_0002_GOLF-300x200.jpg 300w, https:\/\/hotelencinardesotogrande.com\/wp-content\/uploads\/2023\/07\/HOTEL-ENCINAR-DE-SOTOGRANDE_0002_GOLF-1024x684.jpg 1024w, https:\/\/hotelencinardesotogrande.com\/wp-content\/uploads\/2023\/07\/HOTEL-ENCINAR-DE-SOTOGRANDE_0002_GOLF-768x513.jpg 768w, https:\/\/hotelencinardesotogrande.com\/wp-content\/uploads\/2023\/07\/HOTEL-ENCINAR-DE-SOTOGRANDE_0002_GOLF-18x12.jpg 18w, https:\/\/hotelencinardesotogrande.com\/wp-content\/uploads\/2023\/07\/HOTEL-ENCINAR-DE-SOTOGRANDE_0002_GOLF-380x254.jpg 380w, https:\/\/hotelencinardesotogrande.com\/wp-content\/uploads\/2023\/07\/HOTEL-ENCINAR-DE-SOTOGRANDE_0002_GOLF-190x127.jpg 190w, https:\/\/hotelencinardesotogrande.com\/wp-content\/uploads\/2023\/07\/HOTEL-ENCINAR-DE-SOTOGRANDE_0002_GOLF-760x507.jpg 760w, https:\/\/hotelencinardesotogrande.com\/wp-content\/uploads\/2023\/07\/HOTEL-ENCINAR-DE-SOTOGRANDE_0002_GOLF-1140x761.jpg 1140w, https:\/\/hotelencinardesotogrande.com\/wp-content\/uploads\/2023\/07\/HOTEL-ENCINAR-DE-SOTOGRANDE_0002_GOLF-20x13.jpg 20w\" sizes=\"auto, (max-width: 1336px) 100vw, 1336px\" \/><\/div>\n\t\t<\/figure>\n\t<\/div>\n\n\t<div class=\"wpb_text_column wpb_content_element\" >\n\t\t<div class=\"wpb_wrapper\">\n\t\t\t<h4 style=\"text-align: center;\">GOLF<\/h4>\n<p style=\"text-align: center;\">Sotogrande hat sich zu einem der besten Golfpl\u00e4tze Spaniens entwickelt, was sich auch daran zeigt, dass es hier 9 der besten Golfpl\u00e4tze des Kontinents gibt, mit 9, 18 und 27 L\u00f6chern.<br \/>\nDie zahlreichen internationalen Turniere, die jedes Jahr in Sotogrande stattfinden, sind ein Beleg f\u00fcr diese Praxis.<\/p>\n\n\t\t<\/div>\n\t<\/div>\n<\/div><\/div><\/div><div class=\"wpb_column columns medium-4 thb-dark-column small-12\"><div class=\"vc_column-inner\"><div class=\"wpb_wrapper\">\n\t<div  class=\"wpb_single_image wpb_content_element vc_align_center\">\n\t\t\n\t\t<figure class=\"wpb_wrapper vc_figure\">\n\t\t\t<div class=\"vc_single_image-wrapper   vc_box_border_grey\"><img loading=\"lazy\" decoding=\"async\" width=\"1336\" height=\"892\" src=\"https:\/\/hotelencinardesotogrande.com\/wp-content\/uploads\/2023\/07\/HOTEL-ENCINAR-DE-SOTOGRANDE_0001_POLO.jpg\" class=\"vc_single_image-img attachment-full\" alt=\"\" title=\"HOTEL-ENCINAR-DE-SOTOGRANDE_0001_POLO\" srcset=\"https:\/\/hotelencinardesotogrande.com\/wp-content\/uploads\/2023\/07\/HOTEL-ENCINAR-DE-SOTOGRANDE_0001_POLO.jpg 1336w, https:\/\/hotelencinardesotogrande.com\/wp-content\/uploads\/2023\/07\/HOTEL-ENCINAR-DE-SOTOGRANDE_0001_POLO-300x200.jpg 300w, https:\/\/hotelencinardesotogrande.com\/wp-content\/uploads\/2023\/07\/HOTEL-ENCINAR-DE-SOTOGRANDE_0001_POLO-1024x684.jpg 1024w, https:\/\/hotelencinardesotogrande.com\/wp-content\/uploads\/2023\/07\/HOTEL-ENCINAR-DE-SOTOGRANDE_0001_POLO-768x513.jpg 768w, https:\/\/hotelencinardesotogrande.com\/wp-content\/uploads\/2023\/07\/HOTEL-ENCINAR-DE-SOTOGRANDE_0001_POLO-18x12.jpg 18w, https:\/\/hotelencinardesotogrande.com\/wp-content\/uploads\/2023\/07\/HOTEL-ENCINAR-DE-SOTOGRANDE_0001_POLO-380x254.jpg 380w, https:\/\/hotelencinardesotogrande.com\/wp-content\/uploads\/2023\/07\/HOTEL-ENCINAR-DE-SOTOGRANDE_0001_POLO-190x127.jpg 190w, https:\/\/hotelencinardesotogrande.com\/wp-content\/uploads\/2023\/07\/HOTEL-ENCINAR-DE-SOTOGRANDE_0001_POLO-760x507.jpg 760w, https:\/\/hotelencinardesotogrande.com\/wp-content\/uploads\/2023\/07\/HOTEL-ENCINAR-DE-SOTOGRANDE_0001_POLO-1140x761.jpg 1140w, https:\/\/hotelencinardesotogrande.com\/wp-content\/uploads\/2023\/07\/HOTEL-ENCINAR-DE-SOTOGRANDE_0001_POLO-20x13.jpg 20w\" sizes=\"auto, (max-width: 1336px) 100vw, 1336px\" \/><\/div>\n\t\t<\/figure>\n\t<\/div>\n\n\t<div class=\"wpb_text_column wpb_content_element\" >\n\t\t<div class=\"wpb_wrapper\">\n\t\t\t<h4 style=\"text-align: center;\">POLO<\/h4>\n<p style=\"text-align: center;\">Seit den 1960er Jahren ist Sotogrande eng mit dem Polosport verbunden. Mit zahlreichen Turnieren von internationalem Ruf verf\u00fcgt Sotogrande \u00fcber einen der drei bedeutendsten Clubs Europas, und sein Sommerturnier, bei dem sich die einflussreichsten Pers\u00f6nlichkeiten der internationalen Szene treffen, wurde zu einem touristischen Gut Andalusiens erkl\u00e4rt.<\/p>\n\n\t\t<\/div>\n\t<\/div>\n<\/div><\/div><\/div><div class=\"wpb_column columns medium-4 thb-dark-column small-12\"><div class=\"vc_column-inner\"><div class=\"wpb_wrapper\">\n\t<div  class=\"wpb_single_image wpb_content_element vc_align_center\">\n\t\t\n\t\t<figure class=\"wpb_wrapper vc_figure\">\n\t\t\t<div class=\"vc_single_image-wrapper   vc_box_border_grey\"><img loading=\"lazy\" decoding=\"async\" width=\"1336\" height=\"892\" src=\"https:\/\/hotelencinardesotogrande.com\/wp-content\/uploads\/2023\/07\/HOTEL-ENCINAR-DE-SOTOGRANDE_0000_NAUTICA.jpg\" class=\"vc_single_image-img attachment-full\" alt=\"\" title=\"HOTEL-ENCINAR-DE-SOTOGRANDE_0000_NAUTICA\" srcset=\"https:\/\/hotelencinardesotogrande.com\/wp-content\/uploads\/2023\/07\/HOTEL-ENCINAR-DE-SOTOGRANDE_0000_NAUTICA.jpg 1336w, https:\/\/hotelencinardesotogrande.com\/wp-content\/uploads\/2023\/07\/HOTEL-ENCINAR-DE-SOTOGRANDE_0000_NAUTICA-300x200.jpg 300w, https:\/\/hotelencinardesotogrande.com\/wp-content\/uploads\/2023\/07\/HOTEL-ENCINAR-DE-SOTOGRANDE_0000_NAUTICA-1024x684.jpg 1024w, https:\/\/hotelencinardesotogrande.com\/wp-content\/uploads\/2023\/07\/HOTEL-ENCINAR-DE-SOTOGRANDE_0000_NAUTICA-768x513.jpg 768w, https:\/\/hotelencinardesotogrande.com\/wp-content\/uploads\/2023\/07\/HOTEL-ENCINAR-DE-SOTOGRANDE_0000_NAUTICA-18x12.jpg 18w, https:\/\/hotelencinardesotogrande.com\/wp-content\/uploads\/2023\/07\/HOTEL-ENCINAR-DE-SOTOGRANDE_0000_NAUTICA-380x254.jpg 380w, https:\/\/hotelencinardesotogrande.com\/wp-content\/uploads\/2023\/07\/HOTEL-ENCINAR-DE-SOTOGRANDE_0000_NAUTICA-190x127.jpg 190w, https:\/\/hotelencinardesotogrande.com\/wp-content\/uploads\/2023\/07\/HOTEL-ENCINAR-DE-SOTOGRANDE_0000_NAUTICA-760x507.jpg 760w, https:\/\/hotelencinardesotogrande.com\/wp-content\/uploads\/2023\/07\/HOTEL-ENCINAR-DE-SOTOGRANDE_0000_NAUTICA-1140x761.jpg 1140w, https:\/\/hotelencinardesotogrande.com\/wp-content\/uploads\/2023\/07\/HOTEL-ENCINAR-DE-SOTOGRANDE_0000_NAUTICA-20x13.jpg 20w\" sizes=\"auto, (max-width: 1336px) 100vw, 1336px\" \/><\/div>\n\t\t<\/figure>\n\t<\/div>\n\n\t<div class=\"wpb_text_column wpb_content_element\" >\n\t\t<div class=\"wpb_wrapper\">\n\t\t\t<h4 style=\"text-align: center;\">NAUTICS<\/h4>\n<p style=\"text-align: center;\">Der Yachthafen von Sotogrande, einer der gr\u00f6\u00dften Yachth\u00e4fen Spaniens, ist ein Ma\u00dfstab f\u00fcr nautische Einrichtungen in Andalusien.<br \/>\nDer Hafen von Sotogrande, der sowohl f\u00fcr den Wettkampf- als auch f\u00fcr den Freizeitsegelsport geeignet ist, vervollst\u00e4ndigt sein Angebot mit einem Freizeitbereich, Restaurants und Einkaufsm\u00f6glichkeiten.<\/p>\n\n\t\t<\/div>\n\t<\/div>\n<\/div><\/div><\/div><\/div><div class=\"row wpb_row row-fluid no-row-padding full-width-row no-column-padding vc_custom_1681144036511 row-has-fill\"><div class=\"wpb_column columns medium-12 thb-dark-column small-12\"><div class=\"vc_column-inner\"><div class=\"wpb_wrapper\"><div class='gambit_row_scroll' data-row-entrance='scale-smaller' data-row-exit='none' data--5p-center-top-entrance=\"transform: scale(1);transform-origin: !50% 0%;opacity: 1;\" data-bottom-top-entrance=\"transform: scale(1.2);transform-origin: !50% 0%;opacity: 0.4;\" ><\/div><div class=\"wpb_gmaps_widget wpb_content_element\"><div class=\"wpb_wrapper\"><div class=\"wpb_map_wraper\"><iframe src=\"https:\/\/www.google.com\/maps\/embed?pb=!1m18!1m12!1m3!1d51456.69693972656!2d-5.353886195810802!3d36.28699297228276!2m3!1f0!2f0!3f0!3m2!1i1024!2i768!4f13.1!3m3!1m2!1s0xd0cc300285cda31%3A0xade00cb47659d6bc!2sHotel%20Encinar%20de%20Sotogrande!5e0!3m2!1ses!2ses!4v1684928280434!5m2!1ses!2ses\" width=\"1200\" height=\"850\" style=\"border:0;\" allowfullscreen=\"\" loading=\"lazy\" referrerpolicy=\"no-referrer-when-downgrade\"><\/iframe><\/div><\/div><\/div><\/div><\/div><\/div><\/div>","protected":false},"excerpt":{"rendered":"DIE UMGEBUNG Sotogrande: ein Reiseziel mit eigenem Charakter. EINE OASE DER EXKLUSIVIT\u00c4T Als eine der privilegiertesten Gegenden an der s\u00fcdspanischen K\u00fcste ist Sotogrande zum Synonym f\u00fcr Avantgarde und Exklusivit\u00e4t in einer urbanen Oase geworden, die es zu einem internationalen Referenzziel f\u00fcr Reisende aus der ganzen Welt gemacht hat.","protected":false},"author":1,"featured_media":732,"parent":0,"menu_order":0,"comment_status":"closed","ping_status":"closed","template":"","meta":{"footnotes":""},"class_list":["post-731","page","type-page","status-publish","has-post-thumbnail","hentry"],"_links":{"self":[{"href":"https:\/\/hotelencinardesotogrande.com\/de\/wp-json\/wp\/v2\/pages\/731","targetHints":{"allow":["GET"]}}],"collection":[{"href":"https:\/\/hotelencinardesotogrande.com\/de\/wp-json\/wp\/v2\/pages"}],"about":[{"href":"https:\/\/hotelencinardesotogrande.com\/de\/wp-json\/wp\/v2\/types\/page"}],"author":[{"embeddable":true,"href":"https:\/\/hotelencinardesotogrande.com\/de\/wp-json\/wp\/v2\/users\/1"}],"replies":[{"embeddable":true,"href":"https:\/\/hotelencinardesotogrande.com\/de\/wp-json\/wp\/v2\/comments?post=731"}],"version-history":[{"count":21,"href":"https:\/\/hotelencinardesotogrande.com\/de\/wp-json\/wp\/v2\/pages\/731\/revisions"}],"predecessor-version":[{"id":1568,"href":"https:\/\/hotelencinardesotogrande.com\/de\/wp-json\/wp\/v2\/pages\/731\/revisions\/1568"}],"wp:featuredmedia":[{"embeddable":true,"href":"https:\/\/hotelencinardesotogrande.com\/de\/wp-json\/wp\/v2\/media\/732"}],"wp:attachment":[{"href":"https:\/\/hotelencinardesotogrande.com\/de\/wp-json\/wp\/v2\/media?parent=731"}],"curies":[{"name":"wp","href":"https:\/\/api.w.org\/{rel}","templated":true}]}}