{"id":995,"date":"2023-07-13T09:46:54","date_gmt":"2023-07-13T09:46:54","guid":{"rendered":"https:\/\/hotelencinardesotogrande.com\/?page_id=995"},"modified":"2023-07-13T09:46:54","modified_gmt":"2023-07-13T09:46:54","slug":"superior","status":"publish","type":"page","link":"https:\/\/hotelencinardesotogrande.com\/de\/zimmer\/superior\/","title":{"rendered":"SUPERIOR"},"content":{"rendered":"<div class=\"row wpb_row row-fluid no-row-padding full-width-row no-column-padding vc_custom_1689241089835 row-has-fill\"><div class=\"wpb_column columns medium-12 thb-dark-column small-12\"><div class=\"vc_column-inner\"><div class=\"wpb_wrapper\"><div class=\"vc_empty_space\" id=\"thb-empty-space-69f56b8f5c1e9\"  style=\"height: 7vh\" ><span class=\"vc_empty_space_inner\"><\/span><\/div>\n\n\t<div class=\"wpb_text_column wpb_content_element\" >\n\t\t<div class=\"wpb_wrapper\">\n\t\t\t<h3 style=\"text-align: center;\">SUPERIOR<\/h3>\n<h6 style=\"text-align: center;\"><a href=\"https:\/\/hotelencinardesotogrande.com\/de\/zimmer\/\">&lt; ALLE ZIMMER<\/a><\/h6>\n\n\t\t<\/div>\n\t<\/div>\n<div class=\"vc_empty_space\" id=\"thb-empty-space-69f56b8f5c410\"  style=\"height: 3vh\" ><span class=\"vc_empty_space_inner\"><\/span><\/div>\n<\/div><\/div><\/div><\/div><div class=\"row wpb_row row-fluid no-row-padding full-width-row no-column-padding vc_custom_1689241236857 row-has-fill row-o-content-top row-flex\"><div class=\"wpb_column columns medium-6 thb-dark-column small-12\"><div class=\"vc_column-inner   vc_custom_1689241035572\"><div class=\"wpb_wrapper\">\n\t<div class=\"wpb_text_column wpb_content_element\" >\n\t\t<div class=\"wpb_wrapper\">\n\t\t\t<p>Ger\u00e4umiges Zimmer in 2 Zimmern mit insgesamt 32m2. Sie haben eine Terrasse mit Tisch und 2 St\u00fchlen. Vollst\u00e4ndig ausgestattet. Klimaanlage, Wifi, Terrasse, Bademantel, Annehmlichkeiten, Kissenauswahl im Zimmer (auf Anfrage), Haartrockner, Vergr\u00f6\u00dferungsspiegel, Minibar, Safe, TV 50\" mit Satellitenkan\u00e4len, B\u00fcgeleisen &amp; B\u00fcgelbrett, Dusche.<\/p>\n<p>Gr\u00f6\u00dfe der Zimmer: <strong>ca. 32 m\u00b2.<\/strong><\/p>\n\n\t\t<\/div>\n\t<\/div>\n<\/div><\/div><\/div><div class=\"wpb_column columns medium-6 thb-dark-column small-12\"><div class=\"vc_column-inner\"><div class=\"wpb_wrapper\"><div class=\"row wpb_row vc_inner row-fluid max_width\"><div class=\"wpb_column columns medium-4 thb-dark-column small-12\"><div class=\"vc_column-inner\"><div class=\"wpb_wrapper\">\n\t<div class=\"wpb_text_column wpb_content_element\" >\n\t\t<div class=\"wpb_wrapper\">\n\t\t\t<ul>\n<li>Eisen<\/li>\n<li>Wohnbereich<\/li>\n<li class=\"\">Kaffee-\/Teemaschine<\/li>\n<li class=\"\">Schreibtisch<\/li>\n<li class=\"\">Balkon<\/li>\n<li class=\"\">Telefon<\/li>\n<li class=\"\">Klimatisierung<\/li>\n<li class=\"\">Heizung<\/li>\n<\/ul>\n\n\t\t<\/div>\n\t<\/div>\n<\/div><\/div><\/div><div class=\"wpb_column columns medium-4 thb-dark-column small-12\"><div class=\"vc_column-inner\"><div class=\"wpb_wrapper\">\n\t<div class=\"wpb_text_column wpb_content_element\" >\n\t\t<div class=\"wpb_wrapper\">\n\t\t\t<ul>\n<li>Bezahlte Minibar<\/li>\n<li class=\"\">Kostenloser Safe<\/li>\n<li class=\"\">Kostenloses WiFi-Internet<\/li>\n<li class=\"\">Gefliester Boden<\/li>\n<li class=\"\">Weckdienst<\/li>\n<li class=\"\">M\u00f6glichkeit des Fr\u00fchst\u00fccks auf dem Zimmer<\/li>\n<li class=\"\">Schalldichte Fenster<\/li>\n<\/ul>\n\n\t\t<\/div>\n\t<\/div>\n<\/div><\/div><\/div><div class=\"wpb_column columns medium-4 thb-dark-column small-12\"><div class=\"vc_column-inner\"><div class=\"wpb_wrapper\">\n\t<div class=\"wpb_text_column wpb_content_element\" >\n\t\t<div class=\"wpb_wrapper\">\n\t\t\t<h6>Privates Badezimmer:<\/h6>\n<ul>\n<li class=\"\">Toilette<\/li>\n<li class=\"\">Dusche<\/li>\n<li class=\"\">Haartrockner<\/li>\n<li class=\"\">Schminkspiegel<\/li>\n<li>Annehmlichkeiten f\u00fcr das Badezimmer<\/li>\n<\/ul>\n\n\t\t<\/div>\n\t<\/div>\n<\/div><\/div><\/div><\/div><\/div><\/div><\/div><\/div><div class=\"row wpb_row row-fluid no-row-padding full-width-row no-column-padding vc_custom_1689241089835 row-has-fill\"><div class=\"wpb_column columns medium-12 thb-dark-column small-12\"><div class=\"vc_column-inner\"><div class=\"wpb_wrapper\">\t<div id=\"thb-image-slider-753\" class=\"thb-image-slider thb-carousel row  overflow-visible  thb_equal_height\" data-pagination=\"true\" data-center=\"\" data-columns=\"small-12 medium-6\" data-infinite=\"true\" data-autoplay=\"true\" data-autoplay-speed=\"4000\" data-navigation=\"\">\n\t\t\t\t\t\t<figure class=\"columns\">\n\t\t\t\t\t\t\t\t<img loading=\"lazy\" decoding=\"async\" width=\"1024\" height=\"699\" src=\"https:\/\/hotelencinardesotogrande.com\/wp-content\/uploads\/2023\/07\/N1ubp3OlYPy8bvoytJrm_large.jpg\" class=\"attachment-full size-full\" alt=\"\" srcset=\"https:\/\/hotelencinardesotogrande.com\/wp-content\/uploads\/2023\/07\/N1ubp3OlYPy8bvoytJrm_large.jpg 1024w, https:\/\/hotelencinardesotogrande.com\/wp-content\/uploads\/2023\/07\/N1ubp3OlYPy8bvoytJrm_large-300x205.jpg 300w, https:\/\/hotelencinardesotogrande.com\/wp-content\/uploads\/2023\/07\/N1ubp3OlYPy8bvoytJrm_large-768x524.jpg 768w, https:\/\/hotelencinardesotogrande.com\/wp-content\/uploads\/2023\/07\/N1ubp3OlYPy8bvoytJrm_large-18x12.jpg 18w, https:\/\/hotelencinardesotogrande.com\/wp-content\/uploads\/2023\/07\/N1ubp3OlYPy8bvoytJrm_large-380x259.jpg 380w, https:\/\/hotelencinardesotogrande.com\/wp-content\/uploads\/2023\/07\/N1ubp3OlYPy8bvoytJrm_large-20x14.jpg 20w, https:\/\/hotelencinardesotogrande.com\/wp-content\/uploads\/2023\/07\/N1ubp3OlYPy8bvoytJrm_large-190x130.jpg 190w, https:\/\/hotelencinardesotogrande.com\/wp-content\/uploads\/2023\/07\/N1ubp3OlYPy8bvoytJrm_large-760x519.jpg 760w\" sizes=\"auto, (max-width: 1024px) 100vw, 1024px\" \/>\t\t\t\t\t\t\t\t<\/figure>\n\t\t\t\t\t\t\t<figure class=\"columns\">\n\t\t\t\t\t\t\t\t<img loading=\"lazy\" decoding=\"async\" width=\"1024\" height=\"683\" src=\"https:\/\/hotelencinardesotogrande.com\/wp-content\/uploads\/2023\/07\/TXW0MdRmTnvtTpHbkZFC_large.jpg\" class=\"attachment-full size-full\" alt=\"\" srcset=\"https:\/\/hotelencinardesotogrande.com\/wp-content\/uploads\/2023\/07\/TXW0MdRmTnvtTpHbkZFC_large.jpg 1024w, https:\/\/hotelencinardesotogrande.com\/wp-content\/uploads\/2023\/07\/TXW0MdRmTnvtTpHbkZFC_large-300x200.jpg 300w, https:\/\/hotelencinardesotogrande.com\/wp-content\/uploads\/2023\/07\/TXW0MdRmTnvtTpHbkZFC_large-768x512.jpg 768w, https:\/\/hotelencinardesotogrande.com\/wp-content\/uploads\/2023\/07\/TXW0MdRmTnvtTpHbkZFC_large-18x12.jpg 18w, https:\/\/hotelencinardesotogrande.com\/wp-content\/uploads\/2023\/07\/TXW0MdRmTnvtTpHbkZFC_large-380x253.jpg 380w, https:\/\/hotelencinardesotogrande.com\/wp-content\/uploads\/2023\/07\/TXW0MdRmTnvtTpHbkZFC_large-190x127.jpg 190w, https:\/\/hotelencinardesotogrande.com\/wp-content\/uploads\/2023\/07\/TXW0MdRmTnvtTpHbkZFC_large-760x507.jpg 760w, https:\/\/hotelencinardesotogrande.com\/wp-content\/uploads\/2023\/07\/TXW0MdRmTnvtTpHbkZFC_large-20x13.jpg 20w\" sizes=\"auto, (max-width: 1024px) 100vw, 1024px\" \/>\t\t\t\t\t\t\t\t<\/figure>\n\t\t\t\t<\/div>\n\t<\/div><\/div><\/div><\/div>","protected":false},"excerpt":{"rendered":"SUPERIOR &lt; ALLE ZIMMER Ger\u00e4umige Zimmer in 2 Zimmern mit insgesamt 32m2. Sie haben eine Terrasse mit einem Tisch und 2 St\u00fchlen. Vollst\u00e4ndig ausgestattet. Klimaanlage, Wifi, Terrasse, Bademantel, Annehmlichkeiten, Kissenauswahl im Zimmer (auf Anfrage), Haartrockner, Vergr\u00f6\u00dferungsspiegel, Minibar, Safe, TV 50&quot; mit Satellitenprogrammen, B\u00fcgeleisen und B\u00fcgelbrett,...","protected":false},"author":1,"featured_media":996,"parent":578,"menu_order":0,"comment_status":"closed","ping_status":"closed","template":"","meta":{"footnotes":""},"class_list":["post-995","page","type-page","status-publish","has-post-thumbnail","hentry"],"_links":{"self":[{"href":"https:\/\/hotelencinardesotogrande.com\/de\/wp-json\/wp\/v2\/pages\/995","targetHints":{"allow":["GET"]}}],"collection":[{"href":"https:\/\/hotelencinardesotogrande.com\/de\/wp-json\/wp\/v2\/pages"}],"about":[{"href":"https:\/\/hotelencinardesotogrande.com\/de\/wp-json\/wp\/v2\/types\/page"}],"author":[{"embeddable":true,"href":"https:\/\/hotelencinardesotogrande.com\/de\/wp-json\/wp\/v2\/users\/1"}],"replies":[{"embeddable":true,"href":"https:\/\/hotelencinardesotogrande.com\/de\/wp-json\/wp\/v2\/comments?post=995"}],"version-history":[{"count":1,"href":"https:\/\/hotelencinardesotogrande.com\/de\/wp-json\/wp\/v2\/pages\/995\/revisions"}],"predecessor-version":[{"id":997,"href":"https:\/\/hotelencinardesotogrande.com\/de\/wp-json\/wp\/v2\/pages\/995\/revisions\/997"}],"up":[{"embeddable":true,"href":"https:\/\/hotelencinardesotogrande.com\/de\/wp-json\/wp\/v2\/pages\/578"}],"wp:featuredmedia":[{"embeddable":true,"href":"https:\/\/hotelencinardesotogrande.com\/de\/wp-json\/wp\/v2\/media\/996"}],"wp:attachment":[{"href":"https:\/\/hotelencinardesotogrande.com\/de\/wp-json\/wp\/v2\/media?parent=995"}],"curies":[{"name":"wp","href":"https:\/\/api.w.org\/{rel}","templated":true}]}}