{"id":1006,"date":"2023-07-13T11:04:43","date_gmt":"2023-07-13T11:04:43","guid":{"rendered":"https:\/\/hotelencinardesotogrande.com\/?page_id=1006"},"modified":"2026-02-02T13:39:24","modified_gmt":"2026-02-02T13:39:24","slug":"junior-suite-con-vistas","status":"publish","type":"page","link":"https:\/\/hotelencinardesotogrande.com\/fr\/chambres\/junior-suite-con-vistas\/","title":{"rendered":"SUITE JUNIOR AVEC VUE"},"content":{"rendered":"<div class=\"row wpb_row row-fluid no-row-padding full-width-row no-column-padding vc_custom_1689241089835 row-has-fill\"><div class=\"wpb_column columns medium-12 thb-dark-column small-12\"><div class=\"vc_column-inner\"><div class=\"wpb_wrapper\"><div class=\"vc_empty_space\" id=\"thb-empty-space-69deda53dd394\"  style=\"height: 7vh\" ><span class=\"vc_empty_space_inner\"><\/span><\/div>\n\n\t<div class=\"wpb_text_column wpb_content_element\" >\n\t\t<div class=\"wpb_wrapper\">\n\t\t\t<h3 style=\"text-align: center;\">SUITE JUNIOR AVEC VUE<\/h3>\n<h6 style=\"text-align: center;\"><a href=\"https:\/\/hotelencinardesotogrande.com\/fr\/chambres\/\">&lt; TOUTES LES CHAMBRES<\/a><\/h6>\n\n\t\t<\/div>\n\t<\/div>\n<div class=\"vc_empty_space\" id=\"thb-empty-space-69deda53dd526\"  style=\"height: 3vh\" ><span class=\"vc_empty_space_inner\"><\/span><\/div>\n<\/div><\/div><\/div><\/div><div class=\"row wpb_row row-fluid no-row-padding full-width-row no-column-padding vc_custom_1689241236857 row-has-fill row-o-content-top row-flex\"><div class=\"wpb_column columns medium-6 thb-dark-column small-12\"><div class=\"vc_column-inner   vc_custom_1689241035572\"><div class=\"wpb_wrapper\">\n\t<div class=\"wpb_text_column wpb_content_element\" >\n\t\t<div class=\"wpb_wrapper\">\n\t\t\t<p>Belle et spacieuse chambre de 43m2. Salon spacieux avec TV. Chambre avec salle de bain attenante lumineuse.<\/p>\n<p>Il dispose de deux terrasses : l'une sans vue, tr\u00e8s discr\u00e8te pour se d\u00e9tendre, et l'autre tr\u00e8s grande avec de belles vues sur le jardin.<span class=\"Apple-converted-space\">\u00a0 <\/span>et Golf La Ca\u00f1ada et dispose \u00e9galement de deux chaises longues et d'un jacuzzi priv\u00e9.<\/p>\n<p>Climatisation, Wifi, Capteur de pr\u00e9sence pour l'\u00e9clairage nocturne, Caf\u00e9 Nespresso\u00ae et th\u00e9, Peignoir, Produits Rituals\u00ae, S\u00e9lection d'oreillers dans la chambre (sur demande), S\u00e8che-cheveux, Miroir grossissant, Minibar, Coffre-fort, TV 50\" avec cha\u00eenes satellite, Fer et Planche \u00e0 repasser.<\/p>\n\n\t\t<\/div>\n\t<\/div>\n<\/div><\/div><\/div><div class=\"wpb_column columns medium-6 thb-dark-column small-12\"><div class=\"vc_column-inner\"><div class=\"wpb_wrapper\"><div class=\"row wpb_row vc_inner row-fluid max_width\"><div class=\"wpb_column columns medium-4 thb-dark-column small-12\"><div class=\"vc_column-inner\"><div class=\"wpb_wrapper\">\n\t<div class=\"wpb_text_column wpb_content_element\" >\n\t\t<div class=\"wpb_wrapper\">\n\t\t\t<ul>\n<li>50\u2033 TV<\/li>\n<li>Le fer<\/li>\n<li>Salon<\/li>\n<li class=\"\">Machine \u00e0 caf\u00e9\/th\u00e9i\u00e8re Nespresso<\/li>\n<li class=\"\">Bureau<\/li>\n<li class=\"\">Balcon<\/li>\n<li class=\"\">T\u00e9l\u00e9phone<\/li>\n<li class=\"\">Climatisation<\/li>\n<li class=\"\">Chauffage<\/li>\n<\/ul>\n\n\t\t<\/div>\n\t<\/div>\n<\/div><\/div><\/div><div class=\"wpb_column columns medium-4 thb-dark-column small-12\"><div class=\"vc_column-inner\"><div class=\"wpb_wrapper\">\n\t<div class=\"wpb_text_column wpb_content_element\" >\n\t\t<div class=\"wpb_wrapper\">\n\t\t\t<ul>\n<li>Minibar payant<\/li>\n<li class=\"\">Coffre-fort gratuit<\/li>\n<li class=\"\">Internet wifi gratuit<\/li>\n<li class=\"\">Sol carrel\u00e9<\/li>\n<li class=\"\">Service de r\u00e9veil<\/li>\n<li class=\"\">Possibilit\u00e9 de petit-d\u00e9jeuner dans la chambre<\/li>\n<li class=\"\">Fen\u00eatres insonoris\u00e9es<\/li>\n<\/ul>\n\n\t\t<\/div>\n\t<\/div>\n<\/div><\/div><\/div><div class=\"wpb_column columns medium-4 thb-dark-column small-12\"><div class=\"vc_column-inner\"><div class=\"wpb_wrapper\">\n\t<div class=\"wpb_text_column wpb_content_element\" >\n\t\t<div class=\"wpb_wrapper\">\n\t\t\t<h6>Salle de bain priv\u00e9e :<\/h6>\n<ul>\n<li class=\"\">Toilettes<\/li>\n<li class=\"\">Douche<\/li>\n<li>Baignoire<\/li>\n<li class=\"\">S\u00e8che-cheveux<\/li>\n<li class=\"\">Miroir de maquillage<\/li>\n<li>Produits de bain Rituals<\/li>\n<li>Peignoir et pantoufles<\/li>\n<li><\/li>\n<\/ul>\n\n\t\t<\/div>\n\t<\/div>\n<\/div><\/div><\/div><\/div><\/div><\/div><\/div><\/div><div class=\"row wpb_row row-fluid no-row-padding full-width-row no-column-padding vc_custom_1689241089835 row-has-fill\"><div class=\"wpb_column columns medium-12 thb-dark-column small-12\"><div class=\"vc_column-inner\"><div class=\"wpb_wrapper\">\t<div id=\"thb-image-slider-442\" class=\"thb-image-slider thb-carousel row  overflow-visible  thb_equal_height\" data-pagination=\"true\" data-center=\"\" data-columns=\"small-12 medium-6\" data-infinite=\"true\" data-autoplay=\"true\" data-autoplay-speed=\"4000\" data-navigation=\"\">\n\t\t\t\t\t\t<figure class=\"columns\">\n\t\t\t\t\t\t\t\t<img loading=\"lazy\" decoding=\"async\" width=\"2560\" height=\"1707\" src=\"https:\/\/hotelencinardesotogrande.com\/wp-content\/uploads\/2026\/02\/241024-HOTEL-ENCINAR-SOTOGRANDE-27-scaled.jpg\" class=\"attachment-full size-full\" alt=\"\" srcset=\"https:\/\/hotelencinardesotogrande.com\/wp-content\/uploads\/2026\/02\/241024-HOTEL-ENCINAR-SOTOGRANDE-27-scaled.jpg 2560w, https:\/\/hotelencinardesotogrande.com\/wp-content\/uploads\/2026\/02\/241024-HOTEL-ENCINAR-SOTOGRANDE-27-300x200.jpg 300w, https:\/\/hotelencinardesotogrande.com\/wp-content\/uploads\/2026\/02\/241024-HOTEL-ENCINAR-SOTOGRANDE-27-1024x683.jpg 1024w, https:\/\/hotelencinardesotogrande.com\/wp-content\/uploads\/2026\/02\/241024-HOTEL-ENCINAR-SOTOGRANDE-27-768x512.jpg 768w, https:\/\/hotelencinardesotogrande.com\/wp-content\/uploads\/2026\/02\/241024-HOTEL-ENCINAR-SOTOGRANDE-27-1536x1024.jpg 1536w, https:\/\/hotelencinardesotogrande.com\/wp-content\/uploads\/2026\/02\/241024-HOTEL-ENCINAR-SOTOGRANDE-27-2048x1365.jpg 2048w, https:\/\/hotelencinardesotogrande.com\/wp-content\/uploads\/2026\/02\/241024-HOTEL-ENCINAR-SOTOGRANDE-27-18x12.jpg 18w, https:\/\/hotelencinardesotogrande.com\/wp-content\/uploads\/2026\/02\/241024-HOTEL-ENCINAR-SOTOGRANDE-27-380x253.jpg 380w, https:\/\/hotelencinardesotogrande.com\/wp-content\/uploads\/2026\/02\/241024-HOTEL-ENCINAR-SOTOGRANDE-27-190x127.jpg 190w, https:\/\/hotelencinardesotogrande.com\/wp-content\/uploads\/2026\/02\/241024-HOTEL-ENCINAR-SOTOGRANDE-27-760x507.jpg 760w, https:\/\/hotelencinardesotogrande.com\/wp-content\/uploads\/2026\/02\/241024-HOTEL-ENCINAR-SOTOGRANDE-27-1140x760.jpg 1140w, https:\/\/hotelencinardesotogrande.com\/wp-content\/uploads\/2026\/02\/241024-HOTEL-ENCINAR-SOTOGRANDE-27-20x13.jpg 20w\" sizes=\"auto, (max-width: 2560px) 100vw, 2560px\" \/>\t\t\t\t\t\t\t\t<\/figure>\n\t\t\t\t\t\t\t<figure class=\"columns\">\n\t\t\t\t\t\t\t\t<img loading=\"lazy\" decoding=\"async\" width=\"2560\" height=\"1707\" src=\"https:\/\/hotelencinardesotogrande.com\/wp-content\/uploads\/2026\/02\/241024-HOTEL-ENCINAR-SOTOGRANDE-19-scaled.jpg\" class=\"attachment-full size-full\" alt=\"\" srcset=\"https:\/\/hotelencinardesotogrande.com\/wp-content\/uploads\/2026\/02\/241024-HOTEL-ENCINAR-SOTOGRANDE-19-scaled.jpg 2560w, https:\/\/hotelencinardesotogrande.com\/wp-content\/uploads\/2026\/02\/241024-HOTEL-ENCINAR-SOTOGRANDE-19-300x200.jpg 300w, https:\/\/hotelencinardesotogrande.com\/wp-content\/uploads\/2026\/02\/241024-HOTEL-ENCINAR-SOTOGRANDE-19-1024x683.jpg 1024w, https:\/\/hotelencinardesotogrande.com\/wp-content\/uploads\/2026\/02\/241024-HOTEL-ENCINAR-SOTOGRANDE-19-768x512.jpg 768w, https:\/\/hotelencinardesotogrande.com\/wp-content\/uploads\/2026\/02\/241024-HOTEL-ENCINAR-SOTOGRANDE-19-1536x1024.jpg 1536w, https:\/\/hotelencinardesotogrande.com\/wp-content\/uploads\/2026\/02\/241024-HOTEL-ENCINAR-SOTOGRANDE-19-2048x1365.jpg 2048w, https:\/\/hotelencinardesotogrande.com\/wp-content\/uploads\/2026\/02\/241024-HOTEL-ENCINAR-SOTOGRANDE-19-18x12.jpg 18w, https:\/\/hotelencinardesotogrande.com\/wp-content\/uploads\/2026\/02\/241024-HOTEL-ENCINAR-SOTOGRANDE-19-380x253.jpg 380w, https:\/\/hotelencinardesotogrande.com\/wp-content\/uploads\/2026\/02\/241024-HOTEL-ENCINAR-SOTOGRANDE-19-190x127.jpg 190w, https:\/\/hotelencinardesotogrande.com\/wp-content\/uploads\/2026\/02\/241024-HOTEL-ENCINAR-SOTOGRANDE-19-760x507.jpg 760w, https:\/\/hotelencinardesotogrande.com\/wp-content\/uploads\/2026\/02\/241024-HOTEL-ENCINAR-SOTOGRANDE-19-1140x760.jpg 1140w, https:\/\/hotelencinardesotogrande.com\/wp-content\/uploads\/2026\/02\/241024-HOTEL-ENCINAR-SOTOGRANDE-19-20x13.jpg 20w\" sizes=\"auto, (max-width: 2560px) 100vw, 2560px\" \/>\t\t\t\t\t\t\t\t<\/figure>\n\t\t\t\t\t\t\t<figure class=\"columns\">\n\t\t\t\t\t\t\t\t<img loading=\"lazy\" decoding=\"async\" width=\"1707\" height=\"2560\" src=\"https:\/\/hotelencinardesotogrande.com\/wp-content\/uploads\/2026\/02\/241024-HOTEL-ENCINAR-SOTOGRANDE-26-scaled.jpg\" class=\"attachment-full size-full\" alt=\"\" srcset=\"https:\/\/hotelencinardesotogrande.com\/wp-content\/uploads\/2026\/02\/241024-HOTEL-ENCINAR-SOTOGRANDE-26-scaled.jpg 1707w, https:\/\/hotelencinardesotogrande.com\/wp-content\/uploads\/2026\/02\/241024-HOTEL-ENCINAR-SOTOGRANDE-26-200x300.jpg 200w, https:\/\/hotelencinardesotogrande.com\/wp-content\/uploads\/2026\/02\/241024-HOTEL-ENCINAR-SOTOGRANDE-26-683x1024.jpg 683w, https:\/\/hotelencinardesotogrande.com\/wp-content\/uploads\/2026\/02\/241024-HOTEL-ENCINAR-SOTOGRANDE-26-768x1152.jpg 768w, https:\/\/hotelencinardesotogrande.com\/wp-content\/uploads\/2026\/02\/241024-HOTEL-ENCINAR-SOTOGRANDE-26-1024x1536.jpg 1024w, https:\/\/hotelencinardesotogrande.com\/wp-content\/uploads\/2026\/02\/241024-HOTEL-ENCINAR-SOTOGRANDE-26-1365x2048.jpg 1365w, https:\/\/hotelencinardesotogrande.com\/wp-content\/uploads\/2026\/02\/241024-HOTEL-ENCINAR-SOTOGRANDE-26-8x12.jpg 8w, https:\/\/hotelencinardesotogrande.com\/wp-content\/uploads\/2026\/02\/241024-HOTEL-ENCINAR-SOTOGRANDE-26-380x570.jpg 380w, https:\/\/hotelencinardesotogrande.com\/wp-content\/uploads\/2026\/02\/241024-HOTEL-ENCINAR-SOTOGRANDE-26-20x30.jpg 20w, https:\/\/hotelencinardesotogrande.com\/wp-content\/uploads\/2026\/02\/241024-HOTEL-ENCINAR-SOTOGRANDE-26-190x285.jpg 190w, https:\/\/hotelencinardesotogrande.com\/wp-content\/uploads\/2026\/02\/241024-HOTEL-ENCINAR-SOTOGRANDE-26-760x1140.jpg 760w, https:\/\/hotelencinardesotogrande.com\/wp-content\/uploads\/2026\/02\/241024-HOTEL-ENCINAR-SOTOGRANDE-26-1140x1710.jpg 1140w\" sizes=\"auto, (max-width: 1707px) 100vw, 1707px\" \/>\t\t\t\t\t\t\t\t<\/figure>\n\t\t\t\t\t\t\t<figure class=\"columns\">\n\t\t\t\t\t\t\t\t<img loading=\"lazy\" decoding=\"async\" width=\"2560\" height=\"1707\" src=\"https:\/\/hotelencinardesotogrande.com\/wp-content\/uploads\/2026\/02\/241024-HOTEL-ENCINAR-SOTOGRANDE-28-scaled.jpg\" class=\"attachment-full size-full\" alt=\"\" srcset=\"https:\/\/hotelencinardesotogrande.com\/wp-content\/uploads\/2026\/02\/241024-HOTEL-ENCINAR-SOTOGRANDE-28-scaled.jpg 2560w, https:\/\/hotelencinardesotogrande.com\/wp-content\/uploads\/2026\/02\/241024-HOTEL-ENCINAR-SOTOGRANDE-28-300x200.jpg 300w, https:\/\/hotelencinardesotogrande.com\/wp-content\/uploads\/2026\/02\/241024-HOTEL-ENCINAR-SOTOGRANDE-28-1024x683.jpg 1024w, https:\/\/hotelencinardesotogrande.com\/wp-content\/uploads\/2026\/02\/241024-HOTEL-ENCINAR-SOTOGRANDE-28-768x512.jpg 768w, https:\/\/hotelencinardesotogrande.com\/wp-content\/uploads\/2026\/02\/241024-HOTEL-ENCINAR-SOTOGRANDE-28-1536x1024.jpg 1536w, https:\/\/hotelencinardesotogrande.com\/wp-content\/uploads\/2026\/02\/241024-HOTEL-ENCINAR-SOTOGRANDE-28-2048x1365.jpg 2048w, https:\/\/hotelencinardesotogrande.com\/wp-content\/uploads\/2026\/02\/241024-HOTEL-ENCINAR-SOTOGRANDE-28-18x12.jpg 18w, https:\/\/hotelencinardesotogrande.com\/wp-content\/uploads\/2026\/02\/241024-HOTEL-ENCINAR-SOTOGRANDE-28-380x253.jpg 380w, https:\/\/hotelencinardesotogrande.com\/wp-content\/uploads\/2026\/02\/241024-HOTEL-ENCINAR-SOTOGRANDE-28-190x127.jpg 190w, https:\/\/hotelencinardesotogrande.com\/wp-content\/uploads\/2026\/02\/241024-HOTEL-ENCINAR-SOTOGRANDE-28-760x507.jpg 760w, https:\/\/hotelencinardesotogrande.com\/wp-content\/uploads\/2026\/02\/241024-HOTEL-ENCINAR-SOTOGRANDE-28-1140x760.jpg 1140w, https:\/\/hotelencinardesotogrande.com\/wp-content\/uploads\/2026\/02\/241024-HOTEL-ENCINAR-SOTOGRANDE-28-20x13.jpg 20w\" sizes=\"auto, (max-width: 2560px) 100vw, 2560px\" \/>\t\t\t\t\t\t\t\t<\/figure>\n\t\t\t\t\t\t\t<figure class=\"columns\">\n\t\t\t\t\t\t\t\t<img loading=\"lazy\" decoding=\"async\" width=\"1707\" height=\"2560\" src=\"https:\/\/hotelencinardesotogrande.com\/wp-content\/uploads\/2026\/02\/241024-HOTEL-ENCINAR-SOTOGRANDE-22-scaled.jpg\" class=\"attachment-full size-full\" alt=\"\" srcset=\"https:\/\/hotelencinardesotogrande.com\/wp-content\/uploads\/2026\/02\/241024-HOTEL-ENCINAR-SOTOGRANDE-22-scaled.jpg 1707w, https:\/\/hotelencinardesotogrande.com\/wp-content\/uploads\/2026\/02\/241024-HOTEL-ENCINAR-SOTOGRANDE-22-200x300.jpg 200w, https:\/\/hotelencinardesotogrande.com\/wp-content\/uploads\/2026\/02\/241024-HOTEL-ENCINAR-SOTOGRANDE-22-683x1024.jpg 683w, https:\/\/hotelencinardesotogrande.com\/wp-content\/uploads\/2026\/02\/241024-HOTEL-ENCINAR-SOTOGRANDE-22-768x1152.jpg 768w, https:\/\/hotelencinardesotogrande.com\/wp-content\/uploads\/2026\/02\/241024-HOTEL-ENCINAR-SOTOGRANDE-22-1024x1536.jpg 1024w, https:\/\/hotelencinardesotogrande.com\/wp-content\/uploads\/2026\/02\/241024-HOTEL-ENCINAR-SOTOGRANDE-22-1365x2048.jpg 1365w, https:\/\/hotelencinardesotogrande.com\/wp-content\/uploads\/2026\/02\/241024-HOTEL-ENCINAR-SOTOGRANDE-22-8x12.jpg 8w, https:\/\/hotelencinardesotogrande.com\/wp-content\/uploads\/2026\/02\/241024-HOTEL-ENCINAR-SOTOGRANDE-22-380x570.jpg 380w, https:\/\/hotelencinardesotogrande.com\/wp-content\/uploads\/2026\/02\/241024-HOTEL-ENCINAR-SOTOGRANDE-22-20x30.jpg 20w, https:\/\/hotelencinardesotogrande.com\/wp-content\/uploads\/2026\/02\/241024-HOTEL-ENCINAR-SOTOGRANDE-22-190x285.jpg 190w, https:\/\/hotelencinardesotogrande.com\/wp-content\/uploads\/2026\/02\/241024-HOTEL-ENCINAR-SOTOGRANDE-22-760x1140.jpg 760w, https:\/\/hotelencinardesotogrande.com\/wp-content\/uploads\/2026\/02\/241024-HOTEL-ENCINAR-SOTOGRANDE-22-1140x1710.jpg 1140w\" sizes=\"auto, (max-width: 1707px) 100vw, 1707px\" \/>\t\t\t\t\t\t\t\t<\/figure>\n\t\t\t\t\t\t\t<figure class=\"columns\">\n\t\t\t\t\t\t\t\t<img loading=\"lazy\" decoding=\"async\" width=\"2560\" height=\"1707\" src=\"https:\/\/hotelencinardesotogrande.com\/wp-content\/uploads\/2026\/02\/241024-HOTEL-ENCINAR-SOTOGRANDE-21-scaled.jpg\" class=\"attachment-full size-full\" alt=\"\" srcset=\"https:\/\/hotelencinardesotogrande.com\/wp-content\/uploads\/2026\/02\/241024-HOTEL-ENCINAR-SOTOGRANDE-21-scaled.jpg 2560w, https:\/\/hotelencinardesotogrande.com\/wp-content\/uploads\/2026\/02\/241024-HOTEL-ENCINAR-SOTOGRANDE-21-300x200.jpg 300w, https:\/\/hotelencinardesotogrande.com\/wp-content\/uploads\/2026\/02\/241024-HOTEL-ENCINAR-SOTOGRANDE-21-1024x683.jpg 1024w, https:\/\/hotelencinardesotogrande.com\/wp-content\/uploads\/2026\/02\/241024-HOTEL-ENCINAR-SOTOGRANDE-21-768x512.jpg 768w, https:\/\/hotelencinardesotogrande.com\/wp-content\/uploads\/2026\/02\/241024-HOTEL-ENCINAR-SOTOGRANDE-21-1536x1024.jpg 1536w, https:\/\/hotelencinardesotogrande.com\/wp-content\/uploads\/2026\/02\/241024-HOTEL-ENCINAR-SOTOGRANDE-21-2048x1365.jpg 2048w, https:\/\/hotelencinardesotogrande.com\/wp-content\/uploads\/2026\/02\/241024-HOTEL-ENCINAR-SOTOGRANDE-21-18x12.jpg 18w, https:\/\/hotelencinardesotogrande.com\/wp-content\/uploads\/2026\/02\/241024-HOTEL-ENCINAR-SOTOGRANDE-21-380x253.jpg 380w, https:\/\/hotelencinardesotogrande.com\/wp-content\/uploads\/2026\/02\/241024-HOTEL-ENCINAR-SOTOGRANDE-21-190x127.jpg 190w, https:\/\/hotelencinardesotogrande.com\/wp-content\/uploads\/2026\/02\/241024-HOTEL-ENCINAR-SOTOGRANDE-21-760x507.jpg 760w, https:\/\/hotelencinardesotogrande.com\/wp-content\/uploads\/2026\/02\/241024-HOTEL-ENCINAR-SOTOGRANDE-21-1140x760.jpg 1140w, https:\/\/hotelencinardesotogrande.com\/wp-content\/uploads\/2026\/02\/241024-HOTEL-ENCINAR-SOTOGRANDE-21-20x13.jpg 20w\" sizes=\"auto, (max-width: 2560px) 100vw, 2560px\" \/>\t\t\t\t\t\t\t\t<\/figure>\n\t\t\t\t\t\t\t<figure class=\"columns\">\n\t\t\t\t\t\t\t\t<img loading=\"lazy\" decoding=\"async\" width=\"2560\" height=\"1707\" src=\"https:\/\/hotelencinardesotogrande.com\/wp-content\/uploads\/2026\/02\/241024-HOTEL-ENCINAR-SOTOGRANDE-20-scaled.jpg\" class=\"attachment-full size-full\" alt=\"\" srcset=\"https:\/\/hotelencinardesotogrande.com\/wp-content\/uploads\/2026\/02\/241024-HOTEL-ENCINAR-SOTOGRANDE-20-scaled.jpg 2560w, https:\/\/hotelencinardesotogrande.com\/wp-content\/uploads\/2026\/02\/241024-HOTEL-ENCINAR-SOTOGRANDE-20-300x200.jpg 300w, https:\/\/hotelencinardesotogrande.com\/wp-content\/uploads\/2026\/02\/241024-HOTEL-ENCINAR-SOTOGRANDE-20-1024x683.jpg 1024w, https:\/\/hotelencinardesotogrande.com\/wp-content\/uploads\/2026\/02\/241024-HOTEL-ENCINAR-SOTOGRANDE-20-768x512.jpg 768w, https:\/\/hotelencinardesotogrande.com\/wp-content\/uploads\/2026\/02\/241024-HOTEL-ENCINAR-SOTOGRANDE-20-1536x1024.jpg 1536w, https:\/\/hotelencinardesotogrande.com\/wp-content\/uploads\/2026\/02\/241024-HOTEL-ENCINAR-SOTOGRANDE-20-2048x1365.jpg 2048w, https:\/\/hotelencinardesotogrande.com\/wp-content\/uploads\/2026\/02\/241024-HOTEL-ENCINAR-SOTOGRANDE-20-18x12.jpg 18w, https:\/\/hotelencinardesotogrande.com\/wp-content\/uploads\/2026\/02\/241024-HOTEL-ENCINAR-SOTOGRANDE-20-380x253.jpg 380w, https:\/\/hotelencinardesotogrande.com\/wp-content\/uploads\/2026\/02\/241024-HOTEL-ENCINAR-SOTOGRANDE-20-190x127.jpg 190w, https:\/\/hotelencinardesotogrande.com\/wp-content\/uploads\/2026\/02\/241024-HOTEL-ENCINAR-SOTOGRANDE-20-760x507.jpg 760w, https:\/\/hotelencinardesotogrande.com\/wp-content\/uploads\/2026\/02\/241024-HOTEL-ENCINAR-SOTOGRANDE-20-1140x760.jpg 1140w, https:\/\/hotelencinardesotogrande.com\/wp-content\/uploads\/2026\/02\/241024-HOTEL-ENCINAR-SOTOGRANDE-20-20x13.jpg 20w\" sizes=\"auto, (max-width: 2560px) 100vw, 2560px\" \/>\t\t\t\t\t\t\t\t<\/figure>\n\t\t\t\t\t\t\t<figure class=\"columns\">\n\t\t\t\t\t\t\t\t<img loading=\"lazy\" decoding=\"async\" width=\"2560\" height=\"1707\" src=\"https:\/\/hotelencinardesotogrande.com\/wp-content\/uploads\/2026\/02\/241024-HOTEL-ENCINAR-SOTOGRANDE-17-scaled.jpg\" class=\"attachment-full size-full\" alt=\"\" srcset=\"https:\/\/hotelencinardesotogrande.com\/wp-content\/uploads\/2026\/02\/241024-HOTEL-ENCINAR-SOTOGRANDE-17-scaled.jpg 2560w, https:\/\/hotelencinardesotogrande.com\/wp-content\/uploads\/2026\/02\/241024-HOTEL-ENCINAR-SOTOGRANDE-17-300x200.jpg 300w, https:\/\/hotelencinardesotogrande.com\/wp-content\/uploads\/2026\/02\/241024-HOTEL-ENCINAR-SOTOGRANDE-17-1024x683.jpg 1024w, https:\/\/hotelencinardesotogrande.com\/wp-content\/uploads\/2026\/02\/241024-HOTEL-ENCINAR-SOTOGRANDE-17-768x512.jpg 768w, https:\/\/hotelencinardesotogrande.com\/wp-content\/uploads\/2026\/02\/241024-HOTEL-ENCINAR-SOTOGRANDE-17-1536x1024.jpg 1536w, https:\/\/hotelencinardesotogrande.com\/wp-content\/uploads\/2026\/02\/241024-HOTEL-ENCINAR-SOTOGRANDE-17-2048x1365.jpg 2048w, https:\/\/hotelencinardesotogrande.com\/wp-content\/uploads\/2026\/02\/241024-HOTEL-ENCINAR-SOTOGRANDE-17-18x12.jpg 18w, https:\/\/hotelencinardesotogrande.com\/wp-content\/uploads\/2026\/02\/241024-HOTEL-ENCINAR-SOTOGRANDE-17-380x253.jpg 380w, https:\/\/hotelencinardesotogrande.com\/wp-content\/uploads\/2026\/02\/241024-HOTEL-ENCINAR-SOTOGRANDE-17-190x127.jpg 190w, https:\/\/hotelencinardesotogrande.com\/wp-content\/uploads\/2026\/02\/241024-HOTEL-ENCINAR-SOTOGRANDE-17-760x507.jpg 760w, https:\/\/hotelencinardesotogrande.com\/wp-content\/uploads\/2026\/02\/241024-HOTEL-ENCINAR-SOTOGRANDE-17-1140x760.jpg 1140w, https:\/\/hotelencinardesotogrande.com\/wp-content\/uploads\/2026\/02\/241024-HOTEL-ENCINAR-SOTOGRANDE-17-20x13.jpg 20w\" sizes=\"auto, (max-width: 2560px) 100vw, 2560px\" \/>\t\t\t\t\t\t\t\t<\/figure>\n\t\t\t\t\t\t\t<figure class=\"columns\">\n\t\t\t\t\t\t\t\t<img loading=\"lazy\" decoding=\"async\" width=\"1707\" height=\"2560\" src=\"https:\/\/hotelencinardesotogrande.com\/wp-content\/uploads\/2026\/02\/241024-HOTEL-ENCINAR-SOTOGRANDE-16-scaled.jpg\" class=\"attachment-full size-full\" alt=\"\" srcset=\"https:\/\/hotelencinardesotogrande.com\/wp-content\/uploads\/2026\/02\/241024-HOTEL-ENCINAR-SOTOGRANDE-16-scaled.jpg 1707w, https:\/\/hotelencinardesotogrande.com\/wp-content\/uploads\/2026\/02\/241024-HOTEL-ENCINAR-SOTOGRANDE-16-200x300.jpg 200w, https:\/\/hotelencinardesotogrande.com\/wp-content\/uploads\/2026\/02\/241024-HOTEL-ENCINAR-SOTOGRANDE-16-683x1024.jpg 683w, https:\/\/hotelencinardesotogrande.com\/wp-content\/uploads\/2026\/02\/241024-HOTEL-ENCINAR-SOTOGRANDE-16-768x1152.jpg 768w, https:\/\/hotelencinardesotogrande.com\/wp-content\/uploads\/2026\/02\/241024-HOTEL-ENCINAR-SOTOGRANDE-16-1024x1536.jpg 1024w, https:\/\/hotelencinardesotogrande.com\/wp-content\/uploads\/2026\/02\/241024-HOTEL-ENCINAR-SOTOGRANDE-16-1365x2048.jpg 1365w, https:\/\/hotelencinardesotogrande.com\/wp-content\/uploads\/2026\/02\/241024-HOTEL-ENCINAR-SOTOGRANDE-16-8x12.jpg 8w, https:\/\/hotelencinardesotogrande.com\/wp-content\/uploads\/2026\/02\/241024-HOTEL-ENCINAR-SOTOGRANDE-16-380x570.jpg 380w, https:\/\/hotelencinardesotogrande.com\/wp-content\/uploads\/2026\/02\/241024-HOTEL-ENCINAR-SOTOGRANDE-16-20x30.jpg 20w, https:\/\/hotelencinardesotogrande.com\/wp-content\/uploads\/2026\/02\/241024-HOTEL-ENCINAR-SOTOGRANDE-16-190x285.jpg 190w, https:\/\/hotelencinardesotogrande.com\/wp-content\/uploads\/2026\/02\/241024-HOTEL-ENCINAR-SOTOGRANDE-16-760x1140.jpg 760w, https:\/\/hotelencinardesotogrande.com\/wp-content\/uploads\/2026\/02\/241024-HOTEL-ENCINAR-SOTOGRANDE-16-1140x1710.jpg 1140w\" sizes=\"auto, (max-width: 1707px) 100vw, 1707px\" \/>\t\t\t\t\t\t\t\t<\/figure>\n\t\t\t\t<\/div>\n\t<\/div><\/div><\/div><\/div>","protected":false},"excerpt":{"rendered":"JUNIOR SUITE WITH VIEWS &lt; ALL ROOMS Belle et spacieuse chambre de 43m2. Salon spacieux avec t\u00e9l\u00e9vision. Chambre avec salle de bain attenante lumineuse. Elle dispose de 2 terrasses : une sans vue pour se d\u00e9tendre, tr\u00e8s discr\u00e8te, et une autre tr\u00e8s grande avec de belles vues sur la zone de jardin et le terrain de golf La Ca\u00f1ada, qui dispose \u00e9galement de deux terrasses....","protected":false},"author":1,"featured_media":1265,"parent":578,"menu_order":0,"comment_status":"closed","ping_status":"closed","template":"","meta":{"footnotes":""},"class_list":["post-1006","page","type-page","status-publish","has-post-thumbnail","hentry"],"_links":{"self":[{"href":"https:\/\/hotelencinardesotogrande.com\/fr\/wp-json\/wp\/v2\/pages\/1006","targetHints":{"allow":["GET"]}}],"collection":[{"href":"https:\/\/hotelencinardesotogrande.com\/fr\/wp-json\/wp\/v2\/pages"}],"about":[{"href":"https:\/\/hotelencinardesotogrande.com\/fr\/wp-json\/wp\/v2\/types\/page"}],"author":[{"embeddable":true,"href":"https:\/\/hotelencinardesotogrande.com\/fr\/wp-json\/wp\/v2\/users\/1"}],"replies":[{"embeddable":true,"href":"https:\/\/hotelencinardesotogrande.com\/fr\/wp-json\/wp\/v2\/comments?post=1006"}],"version-history":[{"count":10,"href":"https:\/\/hotelencinardesotogrande.com\/fr\/wp-json\/wp\/v2\/pages\/1006\/revisions"}],"predecessor-version":[{"id":1817,"href":"https:\/\/hotelencinardesotogrande.com\/fr\/wp-json\/wp\/v2\/pages\/1006\/revisions\/1817"}],"up":[{"embeddable":true,"href":"https:\/\/hotelencinardesotogrande.com\/fr\/wp-json\/wp\/v2\/pages\/578"}],"wp:featuredmedia":[{"embeddable":true,"href":"https:\/\/hotelencinardesotogrande.com\/fr\/wp-json\/wp\/v2\/media\/1265"}],"wp:attachment":[{"href":"https:\/\/hotelencinardesotogrande.com\/fr\/wp-json\/wp\/v2\/media?parent=1006"}],"curies":[{"name":"wp","href":"https:\/\/api.w.org\/{rel}","templated":true}]}}