{"id":1184,"date":"2024-02-12T11:17:32","date_gmt":"2024-02-12T11:17:32","guid":{"rendered":"https:\/\/hotelencinardesotogrande.com\/?page_id=1184"},"modified":"2026-03-26T10:05:07","modified_gmt":"2026-03-26T10:05:07","slug":"experiencias-en-destino","status":"publish","type":"page","link":"https:\/\/hotelencinardesotogrande.com\/fr\/destinations-experiences\/","title":{"rendered":"Exp\u00e9riences de destination"},"content":{"rendered":"<div class=\"row wpb_row row-fluid no-row-padding full-width-row no-column-padding thb-arrow-enabled thb-overlay-enabled vc_custom_1762712225751 row-has-fill row-o-content-middle row-flex\"><div class=\"text-center wpb_column columns medium-12 thb-light-column small-12\"><div class=\"vc_column-inner   vc_custom_1762712137924\"><div class=\"wpb_wrapper\"><div class=\"row wpb_row vc_inner row-fluid max_width\"><div class=\"wpb_column columns medium-6 thb-dark-column small-12\"><div class=\"vc_column-inner   vc_custom_1762711882966\"><div class=\"wpb_wrapper\">\n\t<div class=\"wpb_text_column wpb_content_element animation bottom-to-top\" >\n\t\t<div class=\"wpb_wrapper\">\n\t\t\t<h1 style=\"text-align: left;\">VIVIENDO SOTOGRANDE<\/h1>\n\n\t\t<\/div>\n\t<\/div>\n\n\t<div class=\"wpb_text_column wpb_content_element\" >\n\t\t<div class=\"wpb_wrapper\">\n\t\t\t<p style=\"text-align: left;\">Bienestar, sabor y naturaleza se unen en experiencias dise\u00f1adas para que disfrutes con calma y plenitud.<\/p>\n\n\t\t<\/div>\n\t<\/div>\n<\/div><\/div><\/div><div class=\"wpb_column columns medium-6 thb-dark-column small-12\"><div class=\"vc_column-inner\"><div class=\"wpb_wrapper\">\t<div id=\"thb-image-69d3a9834b11f\" class=\"caption-style1  alignright full  thb_image_link wp-caption\">\n\t\t\t<div class=\"thb-image-inner size_100\">\n\t\t\t<img loading=\"lazy\" decoding=\"async\" width=\"905\" height=\"1024\" src=\"https:\/\/hotelencinardesotogrande.com\/wp-content\/uploads\/2025\/11\/Imagen-Hero_Experiencias-en-destino-905x1024.png\" class=\"thb_image    attachment-large\" alt=\"\" title=\"Imagen Hero_Experiencias en destino\" srcset=\"https:\/\/hotelencinardesotogrande.com\/wp-content\/uploads\/2025\/11\/Imagen-Hero_Experiencias-en-destino-905x1024.png 905w, https:\/\/hotelencinardesotogrande.com\/wp-content\/uploads\/2025\/11\/Imagen-Hero_Experiencias-en-destino-265x300.png 265w, https:\/\/hotelencinardesotogrande.com\/wp-content\/uploads\/2025\/11\/Imagen-Hero_Experiencias-en-destino-768x869.png 768w, https:\/\/hotelencinardesotogrande.com\/wp-content\/uploads\/2025\/11\/Imagen-Hero_Experiencias-en-destino-11x12.png 11w, https:\/\/hotelencinardesotogrande.com\/wp-content\/uploads\/2025\/11\/Imagen-Hero_Experiencias-en-destino-380x430.png 380w, https:\/\/hotelencinardesotogrande.com\/wp-content\/uploads\/2025\/11\/Imagen-Hero_Experiencias-en-destino-190x215.png 190w, https:\/\/hotelencinardesotogrande.com\/wp-content\/uploads\/2025\/11\/Imagen-Hero_Experiencias-en-destino-760x860.png 760w, https:\/\/hotelencinardesotogrande.com\/wp-content\/uploads\/2025\/11\/Imagen-Hero_Experiencias-en-destino-20x23.png 20w\" sizes=\"auto, (max-width: 905px) 100vw, 905px\" \/>\t\t\t\t\t<\/div>\n\t\t\t\t\t<\/div>\n\t<\/div><\/div><\/div><\/div><\/div><\/div><\/div><div class=\"scroll-bottom light style2\"><div><\/div><\/div><div id=\"thb-row-overlay-69d3a9834b8b9\" class=\"thb-row-overlay\"><\/div><style>\n  \t#thb-row-overlay-69d3a9834b8b9 {background:rgba(0,0,0,0.25);background:linear-gradient( -135deg,rgba(0,0,0,0.25),rgba(0,0,0,0.25) ); }<\/style><\/div><div class=\"row wpb_row row-fluid bookingbar finder-fixed no-row-padding full-width-row no-column-padding vc_custom_1743507906327 row-has-fill\"><div class=\"box-finder wpb_column columns medium-12 thb-dark-column small-12\"><div class=\"vc_column-inner   vc_custom_1743507880791\"><div class=\"wpb_wrapper\">\n\t<div class=\"wpb_raw_code wpb_content_element wpb_raw_html\" >\n\t\t<div class=\"wpb_wrapper\">\n\t\t\t<div data-mirai-component=\"finder\"><\/div>\n\t\t<\/div>\n\t<\/div>\n<\/div><\/div><\/div><\/div><div id=\"finder-test\" class=\"row wpb_row row-fluid bookingbar no-row-padding full-width-row no-column-padding vc_custom_1743507822034 row-has-fill\"><div class=\"wpb_column columns medium-12 thb-dark-column small-12\"><div class=\"vc_column-inner   vc_custom_1686644866728\"><div class=\"wpb_wrapper\"><div class=\"row wpb_row vc_inner row-fluid max_width vc_custom_1690387368506\"><div class=\"wpb_column columns medium-2 thb-dark-column small-12\"><div class=\"vc_column-inner\"><div class=\"wpb_wrapper\"><\/div><\/div><\/div><div class=\"wpb_column columns medium-8 thb-dark-column small-12\"><div class=\"vc_column-inner\"><div class=\"wpb_wrapper\"><div class=\"vc_empty_space\" id=\"thb-empty-space-69d3a9834c214\"  style=\"height: 3vh\" ><span class=\"vc_empty_space_inner\"><\/span><\/div>\n<div class=\"vc_empty_space\" id=\"thb-empty-space-69d3a9834c289\"  style=\"height: 3vh\" ><span class=\"vc_empty_space_inner\"><\/span><\/div>\n\n\t<div class=\"wpb_text_column wpb_content_element   vc_custom_1687340928293\" >\n\t\t<div class=\"wpb_wrapper\">\n\t\t\t<p style=\"text-align: center;\"><div data-mirai-component=\"finder\"><\/div>\n\n\t\t<\/div>\n\t<\/div>\n<\/div><\/div><\/div><div class=\"wpb_column columns medium-2 thb-dark-column small-12\"><div class=\"vc_column-inner\"><div class=\"wpb_wrapper\"><\/div><\/div><\/div><\/div><\/div><\/div><\/div><\/div><div class=\"row wpb_row row-fluid full-width-row vc_custom_1762713314341 row-has-fill\"><div class=\"wpb_column columns medium-3 thb-dark-column small-12\"><div class=\"vc_column-inner\"><div class=\"wpb_wrapper\">\t<div id=\"thb-image-69d3a9834c6ae\" class=\"caption-style1  alignleft   thb_image_link wp-caption\">\n\t\t\t<a class=\"\" href=\"https:\/\/hotelencinardesotogrande.com\/fr\/golf\/\" target=\"_self\" title=\"L&#039;h\u00f4tel\" data-thb-group=\"\">\n\t\t\t<div class=\"thb-image-inner size_100\">\n\t\t\t<img loading=\"lazy\" decoding=\"async\" width=\"738\" height=\"1024\" src=\"https:\/\/hotelencinardesotogrande.com\/wp-content\/uploads\/2025\/11\/Home_Experiencia_Silencio-sobre-dos-ruedas-738x1024.jpg\" class=\"thb_image    attachment-large\" alt=\"\" title=\"Home_Experiencia_Silencio sobre dos ruedas\" srcset=\"https:\/\/hotelencinardesotogrande.com\/wp-content\/uploads\/2025\/11\/Home_Experiencia_Silencio-sobre-dos-ruedas-738x1024.jpg 738w, https:\/\/hotelencinardesotogrande.com\/wp-content\/uploads\/2025\/11\/Home_Experiencia_Silencio-sobre-dos-ruedas-216x300.jpg 216w, https:\/\/hotelencinardesotogrande.com\/wp-content\/uploads\/2025\/11\/Home_Experiencia_Silencio-sobre-dos-ruedas-9x12.jpg 9w, https:\/\/hotelencinardesotogrande.com\/wp-content\/uploads\/2025\/11\/Home_Experiencia_Silencio-sobre-dos-ruedas-380x527.jpg 380w, https:\/\/hotelencinardesotogrande.com\/wp-content\/uploads\/2025\/11\/Home_Experiencia_Silencio-sobre-dos-ruedas-190x264.jpg 190w, https:\/\/hotelencinardesotogrande.com\/wp-content\/uploads\/2025\/11\/Home_Experiencia_Silencio-sobre-dos-ruedas-20x28.jpg 20w\" sizes=\"auto, (max-width: 738px) 100vw, 738px\" \/>\t\t\t\t\t<\/div>\n\t\t\t<\/a>\n\t\t\t\t\t<div class=\"thb-image-content\">\n\t\t\n<h4>Silencio sobre ruedas<\/h4>\n<p>Recorre Sotogrande y sus alrededores en bicicleta el\u00e9ctrica\t\t<\/div>\n\t\t\t<\/div>\n\t<\/div><\/div><\/div><div class=\"wpb_column columns medium-3 thb-dark-column small-12\"><div class=\"vc_column-inner\"><div class=\"wpb_wrapper\">\t<div id=\"thb-image-69d3a9834cfee\" class=\"caption-style1  alignleft   thb_image_link wp-caption\">\n\t\t\t<a class=\"\" href=\"https:\/\/hotelencinardesotogrande.com\/fr\/golf\/\" target=\"_self\" title=\"L&#039;h\u00f4tel\" data-thb-group=\"\">\n\t\t\t<div class=\"thb-image-inner size_100\">\n\t\t\t<img loading=\"lazy\" decoding=\"async\" width=\"738\" height=\"1024\" src=\"https:\/\/hotelencinardesotogrande.com\/wp-content\/uploads\/2025\/11\/Home_Experiencia_Entre-dos-mares-738x1024.jpg\" class=\"thb_image    attachment-large\" alt=\"\" title=\"Home_Experiencia_Entre dos mares\" srcset=\"https:\/\/hotelencinardesotogrande.com\/wp-content\/uploads\/2025\/11\/Home_Experiencia_Entre-dos-mares-738x1024.jpg 738w, https:\/\/hotelencinardesotogrande.com\/wp-content\/uploads\/2025\/11\/Home_Experiencia_Entre-dos-mares-216x300.jpg 216w, https:\/\/hotelencinardesotogrande.com\/wp-content\/uploads\/2025\/11\/Home_Experiencia_Entre-dos-mares-9x12.jpg 9w, https:\/\/hotelencinardesotogrande.com\/wp-content\/uploads\/2025\/11\/Home_Experiencia_Entre-dos-mares-380x527.jpg 380w, https:\/\/hotelencinardesotogrande.com\/wp-content\/uploads\/2025\/11\/Home_Experiencia_Entre-dos-mares-190x264.jpg 190w, https:\/\/hotelencinardesotogrande.com\/wp-content\/uploads\/2025\/11\/Home_Experiencia_Entre-dos-mares-20x28.jpg 20w\" sizes=\"auto, (max-width: 738px) 100vw, 738px\" \/>\t\t\t\t\t<\/div>\n\t\t\t<\/a>\n\t\t\t\t\t<div class=\"thb-image-content\">\n\t\t\n<h4>Entre dos mares<\/h4>\n<p>Avistamiento de delfines y otras especies en el coraz\u00f3n del Estrecho\t\t<\/div>\n\t\t\t<\/div>\n\t<\/div><\/div><\/div><div class=\"wpb_column columns medium-3 thb-dark-column small-12\"><div class=\"vc_column-inner\"><div class=\"wpb_wrapper\">\t<div id=\"thb-image-69d3a9834d987\" class=\"caption-style1  alignleft   thb_image_link wp-caption\">\n\t\t\t<a class=\"\" href=\"https:\/\/hotelencinardesotogrande.com\/fr\/golf\/\" target=\"_self\" title=\"L&#039;h\u00f4tel\" data-thb-group=\"\">\n\t\t\t<div class=\"thb-image-inner size_100\">\n\t\t\t<img loading=\"lazy\" decoding=\"async\" width=\"738\" height=\"1024\" src=\"https:\/\/hotelencinardesotogrande.com\/wp-content\/uploads\/2025\/11\/Home_Experiencia_Equilibrio-en-movimiento-738x1024.jpg\" class=\"thb_image    attachment-large\" alt=\"\" title=\"Home_Experiencia_Equilibrio en movimiento\" srcset=\"https:\/\/hotelencinardesotogrande.com\/wp-content\/uploads\/2025\/11\/Home_Experiencia_Equilibrio-en-movimiento-738x1024.jpg 738w, https:\/\/hotelencinardesotogrande.com\/wp-content\/uploads\/2025\/11\/Home_Experiencia_Equilibrio-en-movimiento-216x300.jpg 216w, https:\/\/hotelencinardesotogrande.com\/wp-content\/uploads\/2025\/11\/Home_Experiencia_Equilibrio-en-movimiento-9x12.jpg 9w, https:\/\/hotelencinardesotogrande.com\/wp-content\/uploads\/2025\/11\/Home_Experiencia_Equilibrio-en-movimiento-380x527.jpg 380w, https:\/\/hotelencinardesotogrande.com\/wp-content\/uploads\/2025\/11\/Home_Experiencia_Equilibrio-en-movimiento-190x264.jpg 190w, https:\/\/hotelencinardesotogrande.com\/wp-content\/uploads\/2025\/11\/Home_Experiencia_Equilibrio-en-movimiento-20x28.jpg 20w\" sizes=\"auto, (max-width: 738px) 100vw, 738px\" \/>\t\t\t\t\t<\/div>\n\t\t\t<\/a>\n\t\t\t\t\t<div class=\"thb-image-content\">\n\t\t\n<h4>Equilibrio en movimiento<\/h4>\n<p>Clases de Pilates con m\u00e1quinas en estudio certificado\t\t<\/div>\n\t\t\t<\/div>\n\t<\/div><\/div><\/div><div class=\"wpb_column columns medium-3 thb-dark-column small-12\"><div class=\"vc_column-inner\"><div class=\"wpb_wrapper\">\t<div id=\"thb-image-69d3a9834ece7\" class=\"caption-style1  alignleft   thb_image_link wp-caption\">\n\t\t\t<a class=\"\" href=\"https:\/\/hotelencinardesotogrande.com\/fr\/golf\/\" target=\"_self\" title=\"L&#039;h\u00f4tel\" data-thb-group=\"\">\n\t\t\t<div class=\"thb-image-inner size_100\">\n\t\t\t<img loading=\"lazy\" decoding=\"async\" width=\"738\" height=\"1024\" src=\"https:\/\/hotelencinardesotogrande.com\/wp-content\/uploads\/2025\/11\/Home_Experiencia_Meditacion-entre-encinas-738x1024.jpg\" class=\"thb_image    attachment-large\" alt=\"\" title=\"Home_Experiencia_Meditacio\u0301n entre encinas\" srcset=\"https:\/\/hotelencinardesotogrande.com\/wp-content\/uploads\/2025\/11\/Home_Experiencia_Meditacion-entre-encinas-738x1024.jpg 738w, https:\/\/hotelencinardesotogrande.com\/wp-content\/uploads\/2025\/11\/Home_Experiencia_Meditacion-entre-encinas-216x300.jpg 216w, https:\/\/hotelencinardesotogrande.com\/wp-content\/uploads\/2025\/11\/Home_Experiencia_Meditacion-entre-encinas-9x12.jpg 9w, https:\/\/hotelencinardesotogrande.com\/wp-content\/uploads\/2025\/11\/Home_Experiencia_Meditacion-entre-encinas-380x527.jpg 380w, https:\/\/hotelencinardesotogrande.com\/wp-content\/uploads\/2025\/11\/Home_Experiencia_Meditacion-entre-encinas-190x264.jpg 190w, https:\/\/hotelencinardesotogrande.com\/wp-content\/uploads\/2025\/11\/Home_Experiencia_Meditacion-entre-encinas-20x28.jpg 20w\" sizes=\"auto, (max-width: 738px) 100vw, 738px\" \/>\t\t\t\t\t<\/div>\n\t\t\t<\/a>\n\t\t\t\t\t<div class=\"thb-image-content\">\n\t\t\n<h4>Meditaci\u00f3n entre Encinas<\/h4>\n<p>Experiencia de meditaci\u00f3n rodeado de naturaleza\t\t<\/div>\n\t\t\t<\/div>\n\t<\/div><\/div><\/div><\/div><div class=\"row wpb_row row-fluid full-width-row vc_custom_1762713365357 row-has-fill\"><div class=\"wpb_column columns medium-3 thb-dark-column small-12\"><div class=\"vc_column-inner\"><div class=\"wpb_wrapper\">\t<div id=\"thb-image-69d3a9834f825\" class=\"caption-style1  alignleft   thb_image_link wp-caption\">\n\t\t\t<a class=\"\" href=\"https:\/\/hotelencinardesotogrande.com\/fr\/golf\/\" target=\"_self\" title=\"L&#039;h\u00f4tel\" data-thb-group=\"\">\n\t\t\t<div class=\"thb-image-inner size_100\">\n\t\t\t<img loading=\"lazy\" decoding=\"async\" width=\"738\" height=\"1024\" src=\"https:\/\/hotelencinardesotogrande.com\/wp-content\/uploads\/2025\/11\/Home_Experiencia_Naturaleza-en-libertad-738x1024.jpg\" class=\"thb_image    attachment-large\" alt=\"\" title=\"Home_Experiencia_Naturaleza en libertad\" srcset=\"https:\/\/hotelencinardesotogrande.com\/wp-content\/uploads\/2025\/11\/Home_Experiencia_Naturaleza-en-libertad-738x1024.jpg 738w, https:\/\/hotelencinardesotogrande.com\/wp-content\/uploads\/2025\/11\/Home_Experiencia_Naturaleza-en-libertad-216x300.jpg 216w, https:\/\/hotelencinardesotogrande.com\/wp-content\/uploads\/2025\/11\/Home_Experiencia_Naturaleza-en-libertad-9x12.jpg 9w, https:\/\/hotelencinardesotogrande.com\/wp-content\/uploads\/2025\/11\/Home_Experiencia_Naturaleza-en-libertad-380x527.jpg 380w, https:\/\/hotelencinardesotogrande.com\/wp-content\/uploads\/2025\/11\/Home_Experiencia_Naturaleza-en-libertad-190x264.jpg 190w, https:\/\/hotelencinardesotogrande.com\/wp-content\/uploads\/2025\/11\/Home_Experiencia_Naturaleza-en-libertad-20x28.jpg 20w\" sizes=\"auto, (max-width: 738px) 100vw, 738px\" \/>\t\t\t\t\t<\/div>\n\t\t\t<\/a>\n\t\t\t\t\t<div class=\"thb-image-content\">\n\t\t\n<h4>Naturaleza en Libertad<\/h4>\n<p>Descubre la finca de La Almoraima a tu ritmo\t\t<\/div>\n\t\t\t<\/div>\n\t<\/div><\/div><\/div><div class=\"wpb_column columns medium-3 thb-dark-column small-12\"><div class=\"vc_column-inner\"><div class=\"wpb_wrapper\">\t<div id=\"thb-image-69d3a983500f4\" class=\"caption-style1  alignleft   thb_image_link wp-caption\">\n\t\t\t<a class=\"\" href=\"https:\/\/hotelencinardesotogrande.com\/fr\/golf\/\" target=\"_self\" title=\"L&#039;h\u00f4tel\" data-thb-group=\"\">\n\t\t\t<div class=\"thb-image-inner size_100\">\n\t\t\t<img loading=\"lazy\" decoding=\"async\" width=\"738\" height=\"1024\" src=\"https:\/\/hotelencinardesotogrande.com\/wp-content\/uploads\/2025\/11\/Home_Experiencia_El-ritual-del-silencio-738x1024.jpg\" class=\"thb_image    attachment-large\" alt=\"\" title=\"Home_Experiencia_El ritual del silencio\" srcset=\"https:\/\/hotelencinardesotogrande.com\/wp-content\/uploads\/2025\/11\/Home_Experiencia_El-ritual-del-silencio-738x1024.jpg 738w, https:\/\/hotelencinardesotogrande.com\/wp-content\/uploads\/2025\/11\/Home_Experiencia_El-ritual-del-silencio-216x300.jpg 216w, https:\/\/hotelencinardesotogrande.com\/wp-content\/uploads\/2025\/11\/Home_Experiencia_El-ritual-del-silencio-9x12.jpg 9w, https:\/\/hotelencinardesotogrande.com\/wp-content\/uploads\/2025\/11\/Home_Experiencia_El-ritual-del-silencio-380x527.jpg 380w, https:\/\/hotelencinardesotogrande.com\/wp-content\/uploads\/2025\/11\/Home_Experiencia_El-ritual-del-silencio-190x264.jpg 190w, https:\/\/hotelencinardesotogrande.com\/wp-content\/uploads\/2025\/11\/Home_Experiencia_El-ritual-del-silencio-20x28.jpg 20w\" sizes=\"auto, (max-width: 738px) 100vw, 738px\" \/>\t\t\t\t\t<\/div>\n\t\t\t<\/a>\n\t\t\t\t\t<div class=\"thb-image-content\">\n\t\t\n<h4>El Ritual del Silencio<\/h4>\n<p>Una experiencia sensorial \u00fanica en Encinar de Sotogrande\t\t<\/div>\n\t\t\t<\/div>\n\t<\/div><\/div><\/div><div class=\"wpb_column columns medium-3 thb-dark-column small-12\"><div class=\"vc_column-inner\"><div class=\"wpb_wrapper\">\t<div id=\"thb-image-69d3a9835097e\" class=\"caption-style1  alignleft   thb_image_link wp-caption\">\n\t\t\t<a class=\"\" href=\"https:\/\/hotelencinardesotogrande.com\/fr\/golf\/\" target=\"_self\" title=\"L&#039;h\u00f4tel\" data-thb-group=\"\">\n\t\t\t<div class=\"thb-image-inner size_100\">\n\t\t\t<img loading=\"lazy\" decoding=\"async\" width=\"738\" height=\"1024\" src=\"https:\/\/hotelencinardesotogrande.com\/wp-content\/uploads\/2025\/11\/Home_Experiencia_Ruta-del-encanto-738x1024.jpg\" class=\"thb_image    attachment-large\" alt=\"\" title=\"Home_Experiencia_Ruta del encanto\" srcset=\"https:\/\/hotelencinardesotogrande.com\/wp-content\/uploads\/2025\/11\/Home_Experiencia_Ruta-del-encanto-738x1024.jpg 738w, https:\/\/hotelencinardesotogrande.com\/wp-content\/uploads\/2025\/11\/Home_Experiencia_Ruta-del-encanto-216x300.jpg 216w, https:\/\/hotelencinardesotogrande.com\/wp-content\/uploads\/2025\/11\/Home_Experiencia_Ruta-del-encanto-9x12.jpg 9w, https:\/\/hotelencinardesotogrande.com\/wp-content\/uploads\/2025\/11\/Home_Experiencia_Ruta-del-encanto-380x527.jpg 380w, https:\/\/hotelencinardesotogrande.com\/wp-content\/uploads\/2025\/11\/Home_Experiencia_Ruta-del-encanto-190x264.jpg 190w, https:\/\/hotelencinardesotogrande.com\/wp-content\/uploads\/2025\/11\/Home_Experiencia_Ruta-del-encanto-20x28.jpg 20w\" sizes=\"auto, (max-width: 738px) 100vw, 738px\" \/>\t\t\t\t\t<\/div>\n\t\t\t<\/a>\n\t\t\t\t\t<div class=\"thb-image-content\">\n\t\t\n<h4>Ruta del Encanto<\/h4>\n<p>Explora los pueblos blancos en un Mini Moke Vintage\t\t<\/div>\n\t\t\t<\/div>\n\t<\/div><\/div><\/div><div class=\"wpb_column columns medium-3 thb-dark-column small-12\"><div class=\"vc_column-inner\"><div class=\"wpb_wrapper\">\t<div id=\"thb-image-69d3a983512be\" class=\"caption-style1  alignleft   thb_image_link wp-caption\">\n\t\t\t<a class=\"\" href=\"https:\/\/hotelencinardesotogrande.com\/fr\/golf\/\" target=\"_self\" title=\"L&#039;h\u00f4tel\" data-thb-group=\"\">\n\t\t\t<div class=\"thb-image-inner size_100\">\n\t\t\t<img loading=\"lazy\" decoding=\"async\" width=\"739\" height=\"1024\" src=\"https:\/\/hotelencinardesotogrande.com\/wp-content\/uploads\/2026\/03\/La-Almazara-de-autor_Parrafo-739x1024.jpg\" class=\"thb_image    attachment-large\" alt=\"\" title=\"La Almazara de autor_Pa\u0301rrafo\" srcset=\"https:\/\/hotelencinardesotogrande.com\/wp-content\/uploads\/2026\/03\/La-Almazara-de-autor_Parrafo-739x1024.jpg 739w, https:\/\/hotelencinardesotogrande.com\/wp-content\/uploads\/2026\/03\/La-Almazara-de-autor_Parrafo-216x300.jpg 216w, https:\/\/hotelencinardesotogrande.com\/wp-content\/uploads\/2026\/03\/La-Almazara-de-autor_Parrafo-9x12.jpg 9w, https:\/\/hotelencinardesotogrande.com\/wp-content\/uploads\/2026\/03\/La-Almazara-de-autor_Parrafo-380x527.jpg 380w, https:\/\/hotelencinardesotogrande.com\/wp-content\/uploads\/2026\/03\/La-Almazara-de-autor_Parrafo-190x263.jpg 190w, https:\/\/hotelencinardesotogrande.com\/wp-content\/uploads\/2026\/03\/La-Almazara-de-autor_Parrafo-20x28.jpg 20w\" sizes=\"auto, (max-width: 739px) 100vw, 739px\" \/>\t\t\t\t\t<\/div>\n\t\t\t<\/a>\n\t\t\t\t\t<div class=\"thb-image-content\">\n\t\t\n<h4>La Almazara de Autor<\/h4>\n<p><span style=\"font-weight: 400\">Arquitectura, aceite y alma andaluza en la Serran\u00eda de Ronda.<\/span>\t\t<\/div>\n\t\t\t<\/div>\n\t<\/div><\/div><\/div><\/div><div class=\"row wpb_row row-fluid full-width-row vc_custom_1762712583234 row-has-fill\"><div class=\"wpb_column columns medium-12 thb-dark-column small-12\"><div class=\"vc_column-inner   vc_custom_1762712457653\"><div class=\"wpb_wrapper\">\n\t<div class=\"wpb_text_column wpb_content_element\" >\n\t\t<div class=\"wpb_wrapper\">\n\t\t\t<h4 style=\"text-align: center;\"><span style=\"color: #ffffff;\">Reserva con antelaci\u00f3n necesaria<\/span><\/h4>\n\n\t\t<\/div>\n\t<\/div>\n\n\t<div class=\"wpb_text_column wpb_content_element\" >\n\t\t<div class=\"wpb_wrapper\">\n\t\t\t<p style=\"text-align: center;\"><a href=\"mailto:FO@hotelencinardesotogrande.com\">FO@hotelencinardesotogrande.com<\/a><\/p>\n\n\t\t<\/div>\n\t<\/div>\n<\/div><\/div><\/div><\/div>","protected":false},"excerpt":{"rendered":"VIVIENDO SOTOGRANDE Bienestar, sabor y naturaleza se unen en experiencias dise\u00f1adas para que disfrutes con calma y plenitud. Silencio sobre ruedas Recorre Sotogrande y sus alrededores en bicicleta el\u00e9ctrica Entre dos mares Avistamiento de delfines y otras especies en el coraz\u00f3n del Estrecho Equilibrio en movimiento Clases de Pilates con m\u00e1quinas en estudio certificado Meditaci\u00f3n&hellip;","protected":false},"author":1,"featured_media":0,"parent":0,"menu_order":0,"comment_status":"closed","ping_status":"closed","template":"","meta":{"footnotes":""},"class_list":["post-1184","page","type-page","status-publish","hentry"],"_links":{"self":[{"href":"https:\/\/hotelencinardesotogrande.com\/fr\/wp-json\/wp\/v2\/pages\/1184","targetHints":{"allow":["GET"]}}],"collection":[{"href":"https:\/\/hotelencinardesotogrande.com\/fr\/wp-json\/wp\/v2\/pages"}],"about":[{"href":"https:\/\/hotelencinardesotogrande.com\/fr\/wp-json\/wp\/v2\/types\/page"}],"author":[{"embeddable":true,"href":"https:\/\/hotelencinardesotogrande.com\/fr\/wp-json\/wp\/v2\/users\/1"}],"replies":[{"embeddable":true,"href":"https:\/\/hotelencinardesotogrande.com\/fr\/wp-json\/wp\/v2\/comments?post=1184"}],"version-history":[{"count":21,"href":"https:\/\/hotelencinardesotogrande.com\/fr\/wp-json\/wp\/v2\/pages\/1184\/revisions"}],"predecessor-version":[{"id":1860,"href":"https:\/\/hotelencinardesotogrande.com\/fr\/wp-json\/wp\/v2\/pages\/1184\/revisions\/1860"}],"wp:attachment":[{"href":"https:\/\/hotelencinardesotogrande.com\/fr\/wp-json\/wp\/v2\/media?parent=1184"}],"curies":[{"name":"wp","href":"https:\/\/api.w.org\/{rel}","templated":true}]}}