{"id":1366,"date":"2024-11-18T14:48:45","date_gmt":"2024-11-18T14:48:45","guid":{"rendered":"https:\/\/hotelencinardesotogrande.com\/?page_id=1366"},"modified":"2024-11-18T15:34:36","modified_gmt":"2024-11-18T15:34:36","slug":"menus-empresa","status":"publish","type":"page","link":"https:\/\/hotelencinardesotogrande.com\/fr\/noel-2024\/menus-entreprise\/","title":{"rendered":"Menus d'entreprise"},"content":{"rendered":"<div data-vide-bg=\"mp4: https:\/\/hotelencinardesotogrande.com\/wp-content\/uploads\/2024\/11\/xmas-background-2023-11-27-05-31-03-utc.mp4\" data-vide-options=\"posterType: none, loop: true, muted: true, position: 50% 50%, resizing: true\" class=\"row wpb_row row-fluid no-row-padding full-width-row no-column-padding thb_video_bg\"><div class=\"wpb_column columns medium-3 thb-dark-column small-12\"><div class=\"vc_column-inner\"><div class=\"wpb_wrapper\"><\/div><\/div><\/div><div class=\"wpb_column columns medium-6 thb-dark-column small-12\"><div class=\"vc_column-inner\"><div class=\"wpb_wrapper\"><div class=\"vc_empty_space\" id=\"thb-empty-space-69f64538bc8a2\"  style=\"height: 20vh\" ><span class=\"vc_empty_space_inner\"><\/span><\/div>\n<div class=\"row wpb_row vc_inner row-fluid max_width\"><div class=\"wpb_column columns medium-4 thb-dark-column small-12\"><div class=\"vc_column-inner\"><div class=\"wpb_wrapper\"><\/div><\/div><\/div><div class=\"wpb_column columns medium-4 thb-dark-column small-12\"><div class=\"vc_column-inner\"><div class=\"wpb_wrapper\">\n\t<div  class=\"wpb_single_image wpb_content_element vc_align_center\">\n\t\t\n\t\t<figure class=\"wpb_wrapper vc_figure\">\n\t\t\t<div class=\"vc_single_image-wrapper   vc_box_border_grey\"><img loading=\"lazy\" decoding=\"async\" width=\"1190\" height=\"794\" src=\"https:\/\/hotelencinardesotogrande.com\/wp-content\/uploads\/2024\/11\/sotogrande-dorado.png\" class=\"vc_single_image-img attachment-full\" alt=\"\" title=\"sotogrande-dorado\" srcset=\"https:\/\/hotelencinardesotogrande.com\/wp-content\/uploads\/2024\/11\/sotogrande-dorado.png 1190w, https:\/\/hotelencinardesotogrande.com\/wp-content\/uploads\/2024\/11\/sotogrande-dorado-300x200.png 300w, https:\/\/hotelencinardesotogrande.com\/wp-content\/uploads\/2024\/11\/sotogrande-dorado-1024x683.png 1024w, https:\/\/hotelencinardesotogrande.com\/wp-content\/uploads\/2024\/11\/sotogrande-dorado-768x512.png 768w, https:\/\/hotelencinardesotogrande.com\/wp-content\/uploads\/2024\/11\/sotogrande-dorado-18x12.png 18w, https:\/\/hotelencinardesotogrande.com\/wp-content\/uploads\/2024\/11\/sotogrande-dorado-380x254.png 380w, https:\/\/hotelencinardesotogrande.com\/wp-content\/uploads\/2024\/11\/sotogrande-dorado-190x127.png 190w, https:\/\/hotelencinardesotogrande.com\/wp-content\/uploads\/2024\/11\/sotogrande-dorado-760x507.png 760w, https:\/\/hotelencinardesotogrande.com\/wp-content\/uploads\/2024\/11\/sotogrande-dorado-1140x761.png 1140w, https:\/\/hotelencinardesotogrande.com\/wp-content\/uploads\/2024\/11\/sotogrande-dorado-20x13.png 20w\" sizes=\"auto, (max-width: 1190px) 100vw, 1190px\" \/><\/div>\n\t\t<\/figure>\n\t<\/div>\n<\/div><\/div><\/div><div class=\"wpb_column columns medium-4 thb-dark-column small-12\"><div class=\"vc_column-inner\"><div class=\"wpb_wrapper\"><\/div><\/div><\/div><\/div><div class=\"row wpb_row vc_inner row-fluid max_width\"><div class=\"wpb_column columns medium-12 thb-dark-column small-12\"><div class=\"vc_column-inner\"><div class=\"wpb_wrapper\">\t<div id=\"thb-gradienttype-69f64538bd76c\" class=\"thb-gradienttype center  on-hover-\">\n\t\t\n<h1>Menus d'entreprise<\/h1>\n\t\t\t<style>\n\t\t\t\t\t\t#thb-gradienttype-69f64538bd76c * {\n\t\t\t\tbackground:#68421d;background:linear-gradient( -135deg,#e6bf8e,#68421d );\t}\n\t\t\t\t<\/style>\n\t<\/div>\n\n\t<\/div><\/div><\/div><\/div><div class=\"row wpb_row vc_inner row-fluid max_width\"><div class=\"wpb_column columns medium-12 thb-light-column small-12\"><div class=\"vc_column-inner\"><div class=\"wpb_wrapper\">\n\t<div class=\"wpb_text_column wpb_content_element\" >\n\t\t<div class=\"wpb_wrapper\">\n\t\t\t<h4 style=\"text-align: center;\">D\u00e9couvrez nos menus d'entreprise et c\u00e9l\u00e9brez avec votre \u00e9quipe le r\u00e9sultat d'une ann\u00e9e enti\u00e8re !<\/h4>\n\n\t\t<\/div>\n\t<\/div>\n<\/div><\/div><\/div><\/div><div class=\"vc_empty_space\" id=\"thb-empty-space-69f64538bdafc\"  style=\"height: 3vh\" ><span class=\"vc_empty_space_inner\"><\/span><\/div>\n<\/div><\/div><\/div><div class=\"wpb_column columns medium-3 thb-dark-column small-12\"><div class=\"vc_column-inner\"><div class=\"wpb_wrapper\"><\/div><\/div><\/div><div class=\"wpb_column columns medium-12 thb-dark-column small-12\"><div class=\"vc_column-inner\"><div class=\"wpb_wrapper\"><div class=\"row wpb_row vc_inner row-fluid max_width\"><div class=\"wpb_column columns medium-12 thb-dark-column small-12\"><div class=\"vc_column-inner\"><div class=\"wpb_wrapper\">\n\t<div class=\"wpb_text_column wpb_content_element\" >\n\t\t<div class=\"wpb_wrapper\">\n\t\t\t<hr \/>\n\n\t\t<\/div>\n\t<\/div>\n<\/div><\/div><\/div><\/div><div class=\"row wpb_row vc_inner row-fluid max_width\"><div class=\"wpb_column columns medium-4 thb-light-column small-12\"><div class=\"vc_column-inner\"><div class=\"wpb_wrapper\">\n\t<div class=\"wpb_text_column wpb_content_element   vc_custom_1731942074276\" >\n\t\t<div class=\"wpb_wrapper\">\n\t\t\t<p style=\"text-align: center;\"><span style=\"font-family: house-of-montague; font-size: 36pt;\">Menu 1<\/span><\/p>\n<p style=\"text-align: center;\"><strong>AMUSE-GUEULE DU CHEF<\/strong><\/p>\n<p style=\"text-align: center;\"><strong>D\u00c9BUTANTS \u00c0 LA TABLE<\/strong><br \/>\nSalade de fromage de ch\u00e8vre grill\u00e9 et de noix<br \/>\nArtichauts confits, jambon ib\u00e9rique en poudre et oignon caram\u00e9lis\u00e9<br \/>\nEmpanadas criollas<\/p>\n<p style=\"text-align: center;\"><strong>DEUXI\u00c8ME PLAT (AU CHOIX)<\/strong><br \/>\nSaumon au four garni de l\u00e9gumes de saison saut\u00e9s et de sauce soja<br \/>\n-o-<br \/>\nSupr\u00eame et cuisse de poulet r\u00f4ti<\/p>\n<p style=\"text-align: center;\"><strong>DESSERT<\/strong><br \/>\nCoulant au chocolat avec glace \u00e0 la vanille et baies sauvages<\/p>\n<h2 style=\"text-align: center;\"><strong>45<\/strong>\u20ac<\/h2>\n\n\t\t<\/div>\n\t<\/div>\n<\/div><\/div><\/div><div class=\"wpb_column columns medium-4 thb-light-column small-12\"><div class=\"vc_column-inner\"><div class=\"wpb_wrapper\">\n\t<div class=\"wpb_text_column wpb_content_element   vc_custom_1731941857136\" >\n\t\t<div class=\"wpb_wrapper\">\n\t\t\t<p style=\"text-align: center;\"><span style=\"font-family: house-of-montague; font-size: 36pt;\">Menu 2<\/span><\/p>\n<p style=\"text-align: center;\"><strong>AMUSE-GUEULE DU CHEF<\/strong><\/p>\n<p style=\"text-align: center;\"><strong>D\u00c9BUTANTS \u00c0 LA TABLE<\/strong><br \/>\nAssortiment de charcuteries ib\u00e9riques et fromage de ch\u00e8vre Payoya D.O. C\u00e1diz<br \/>\nCroquetones de jambon ib\u00e9rique avec sauce a\u00efoli<br \/>\nSalade ti\u00e8de de crevettes avec sauce pil-pil et bacon croustillant<\/p>\n<p style=\"text-align: center;\"><strong>DEUXI\u00c8ME PLAT (AU CHOIX)<\/strong><br \/>\nLonge de turbot \u00e0 la sauce au piment<br \/>\n\u00c9paule de porc ib\u00e9rique avec houmous de betterave et noix caram\u00e9lis\u00e9es<\/p>\n<p style=\"text-align: center;\"><strong>DESSERT<\/strong><br \/>\nTarte aux pommes \u00e0 l'ancienne avec glace \u00e0 la cannelle<\/p>\n<h2 style=\"text-align: center;\"><strong>55<\/strong>\u20ac<\/h2>\n\n\t\t<\/div>\n\t<\/div>\n<\/div><\/div><\/div><div class=\"wpb_column columns medium-4 thb-light-column small-12\"><div class=\"vc_column-inner\"><div class=\"wpb_wrapper\">\n\t<div class=\"wpb_text_column wpb_content_element   vc_custom_1731941861610\" >\n\t\t<div class=\"wpb_wrapper\">\n\t\t\t<p style=\"text-align: center;\"><span style=\"font-family: house-of-montague; font-size: 36pt;\">Menu 3<\/span><\/p>\n<p style=\"text-align: center;\"><strong>AMUSE-GUEULE DU CHEF<\/strong><\/p>\n<p style=\"text-align: center;\"><strong>D\u00c9BUTANTS \u00c0 LA TABLE<\/strong><br \/>\nAnchois L'Scala avec poivrons grill\u00e9s Jambon ib\u00e9rique avec toast et tomates r\u00e2p\u00e9es<br \/>\nMillefeuille d'aubergines \u00e0 l'huile de tournesol<br \/>\nPoulpe brais\u00e9 sur un lit d'huile d'ail li\u00e9e et de paprika<\/p>\n<p style=\"text-align: center;\"><strong>DEUXI\u00c8ME PLAT (AU CHOIX)<\/strong><br \/>\nLonge de cabillaud gratin\u00e9e \u00e0 l'a\u00efoli d'ail noir<br \/>\n-o-<br \/>\nMerlu avec palourdes et sauce manzanilla<br \/>\n-o-<br \/>\nCanard et fruits rouges ganbaru<br \/>\n-o-<br \/>\nEntrec\u00f4te de veau Retinta<\/p>\n<p style=\"text-align: center;\"><strong>DESSERT<\/strong><br \/>\nTrilogie sp\u00e9ciale<br \/>\nH\u00f4tel Encinar de Sotogrande<\/p>\n<h2 style=\"text-align: center;\"><strong>65<\/strong>\u20ac<\/h2>\n\n\t\t<\/div>\n\t<\/div>\n<\/div><\/div><\/div><\/div><div class=\"row wpb_row vc_inner row-fluid max_width\"><div class=\"wpb_column columns medium-12 thb-light-column small-12\"><div class=\"vc_column-inner\"><div class=\"wpb_wrapper\">\n\t<div class=\"wpb_text_column wpb_content_element\" >\n\t\t<div class=\"wpb_wrapper\">\n\t\t\t<hr \/>\n\n\t\t<\/div>\n\t<\/div>\n<\/div><\/div><\/div><\/div><div class=\"row wpb_row vc_inner row-fluid max_width\"><div class=\"wpb_column columns medium-8 thb-light-column small-12\"><div class=\"vc_column-inner\"><div class=\"wpb_wrapper\">\n\t<div class=\"wpb_text_column wpb_content_element\" >\n\t\t<div class=\"wpb_wrapper\">\n\t\t\t<p style=\"text-align: left;\"><strong>Prix par personne. TVA incluse<\/strong><br \/>\n<strong>Boissons<\/strong>Eau, boissons non alcoolis\u00e9es, bi\u00e8res, vin blanc et rouge de la maison<\/p>\n\n\t\t<\/div>\n\t<\/div>\n<\/div><\/div><\/div><div class=\"wpb_column columns medium-4 thb-dark-column small-12\"><div class=\"vc_column-inner\"><div class=\"wpb_wrapper\">\t<a id=\"thb-button-69f64538be634\" class=\"btn style1 medium full accent pill-radius\" href=\"https:\/\/hotelencinardesotogrande.com\/fr\/noel-2024\/\" target=\"_self\" role=\"button\">\n\t\t<span>SP\u00c9CIAL RETOUR \u00c0 NO\u00cbL<\/span>\n\t\t\t<\/a>\n\t\t<\/div><\/div><\/div><\/div><div class=\"vc_empty_space\" id=\"thb-empty-space-69f64538be6bf\"  style=\"height: 20vh\" ><span class=\"vc_empty_space_inner\"><\/span><\/div>\n<\/div><\/div><\/div><div class=\"thb_video_overlay\" style=\"background-color: rgba(0,0,0,0.22);\"><\/div><\/div>","protected":false},"excerpt":{"rendered":"Menus d'entreprise D\u00e9couvrez nos menus d'entreprise et c\u00e9l\u00e9brez avec votre \u00e9quipe le r\u00e9sultat de toute une ann\u00e9e ! Menu 1 APPETIZER DU CHEF A LA TABLE Entr\u00e9es Salade de ch\u00e8vre gratin\u00e9 et noix Artichauts confits, poudre de jambon ib\u00e9rique et oignon caram\u00e9lis\u00e9 Empanadas cr\u00e9oles DEUXIEME PLAT (AU CHOIX) Saumon cuit au four avec...","protected":false},"author":1,"featured_media":0,"parent":1341,"menu_order":0,"comment_status":"closed","ping_status":"closed","template":"","meta":{"footnotes":""},"class_list":["post-1366","page","type-page","status-publish","hentry"],"_links":{"self":[{"href":"https:\/\/hotelencinardesotogrande.com\/fr\/wp-json\/wp\/v2\/pages\/1366","targetHints":{"allow":["GET"]}}],"collection":[{"href":"https:\/\/hotelencinardesotogrande.com\/fr\/wp-json\/wp\/v2\/pages"}],"about":[{"href":"https:\/\/hotelencinardesotogrande.com\/fr\/wp-json\/wp\/v2\/types\/page"}],"author":[{"embeddable":true,"href":"https:\/\/hotelencinardesotogrande.com\/fr\/wp-json\/wp\/v2\/users\/1"}],"replies":[{"embeddable":true,"href":"https:\/\/hotelencinardesotogrande.com\/fr\/wp-json\/wp\/v2\/comments?post=1366"}],"version-history":[{"count":9,"href":"https:\/\/hotelencinardesotogrande.com\/fr\/wp-json\/wp\/v2\/pages\/1366\/revisions"}],"predecessor-version":[{"id":1396,"href":"https:\/\/hotelencinardesotogrande.com\/fr\/wp-json\/wp\/v2\/pages\/1366\/revisions\/1396"}],"up":[{"embeddable":true,"href":"https:\/\/hotelencinardesotogrande.com\/fr\/wp-json\/wp\/v2\/pages\/1341"}],"wp:attachment":[{"href":"https:\/\/hotelencinardesotogrande.com\/fr\/wp-json\/wp\/v2\/media?parent=1366"}],"curies":[{"name":"wp","href":"https:\/\/api.w.org\/{rel}","templated":true}]}}