{"id":621,"date":"2023-04-11T00:34:13","date_gmt":"2023-04-11T00:34:13","guid":{"rendered":"https:\/\/hotelencinardesotogrande.com\/?page_id=621"},"modified":"2026-02-02T15:23:50","modified_gmt":"2026-02-02T15:23:50","slug":"gastronomia","status":"publish","type":"page","link":"https:\/\/hotelencinardesotogrande.com\/fr\/gastronomie\/","title":{"rendered":"Gastronomie"},"content":{"rendered":"<div class=\"row wpb_row row-fluid no-row-padding full-width-row no-column-padding thb-arrow-enabled thb-overlay-enabled vc_custom_1770040427464 row-has-fill\"><div class=\"text-center wpb_column columns medium-12 thb-light-column small-12\"><div class=\"vc_column-inner   vc_custom_1681142433874\"><div class=\"wpb_wrapper\"><div class=\"row wpb_row vc_inner row-fluid max_width\"><div class=\"wpb_column columns medium-2 thb-dark-column small-12\"><div class=\"vc_column-inner\"><div class=\"wpb_wrapper\"><\/div><\/div><\/div><div class=\"wpb_column columns medium-8 thb-dark-column small-12\"><div class=\"vc_column-inner   vc_custom_1681139473962\"><div class=\"wpb_wrapper\">\n\t<div class=\"wpb_text_column wpb_content_element animation bottom-to-top\" >\n\t\t<div class=\"wpb_wrapper\">\n\t\t\t<h1 style=\"text-align: center;\">LA D\u00c9GUSTATION AVEC LES 5 SENS<\/h1>\n\n\t\t<\/div>\n\t<\/div>\n<\/div><\/div><\/div><div class=\"wpb_column columns medium-2 thb-dark-column small-12\"><div class=\"vc_column-inner\"><div class=\"wpb_wrapper\"><\/div><\/div><\/div><\/div><\/div><\/div><\/div><div class=\"scroll-bottom light style2\"><div><\/div><\/div><div id=\"thb-row-overlay-69d64f9b4b119\" class=\"thb-row-overlay\"><\/div><style>\n  \t#thb-row-overlay-69d64f9b4b119 {background:rgba(0,0,0,0.25);background:linear-gradient( -135deg,rgba(0,0,0,0.25),rgba(0,0,0,0.25) ); }<\/style><\/div><div class=\"row wpb_row row-fluid bookingbar finder-fixed no-row-padding full-width-row no-column-padding vc_custom_1743504474286 row-has-fill\"><div class=\"box-finder wpb_column columns medium-12 thb-dark-column small-12\"><div class=\"vc_column-inner   vc_custom_1743504506645\"><div class=\"wpb_wrapper\">\n\t<div class=\"wpb_raw_code wpb_content_element wpb_raw_html\" >\n\t\t<div class=\"wpb_wrapper\">\n\t\t\t<div data-mirai-component=\"finder\"><\/div>\n\t\t<\/div>\n\t<\/div>\n<\/div><\/div><\/div><\/div><div id=\"finder-test\" class=\"row wpb_row row-fluid bookingbar no-row-padding full-width-row no-column-padding vc_custom_1743504435257 row-has-fill\"><div class=\"wpb_column columns medium-12 thb-dark-column small-12\"><div class=\"vc_column-inner   vc_custom_1686644866728\"><div class=\"wpb_wrapper\"><div class=\"row wpb_row vc_inner row-fluid max_width vc_custom_1690387342354\"><div class=\"wpb_column columns medium-2 thb-dark-column small-12\"><div class=\"vc_column-inner\"><div class=\"wpb_wrapper\"><\/div><\/div><\/div><div class=\"wpb_column columns medium-8 thb-dark-column small-12\"><div class=\"vc_column-inner\"><div class=\"wpb_wrapper\"><div class=\"vc_empty_space\" id=\"thb-empty-space-69d64f9b4d37d\"  style=\"height: 3vh\" ><span class=\"vc_empty_space_inner\"><\/span><\/div>\n<div class=\"vc_empty_space\" id=\"thb-empty-space-69d64f9b4d400\"  style=\"height: 3vh\" ><span class=\"vc_empty_space_inner\"><\/span><\/div>\n\n\t<div class=\"wpb_text_column wpb_content_element   vc_custom_1687340928293\" >\n\t\t<div class=\"wpb_wrapper\">\n\t\t\t<p style=\"text-align: center;\"><div data-mirai-component=\"finder\"><\/div>\n\n\t\t<\/div>\n\t<\/div>\n<\/div><\/div><\/div><div class=\"wpb_column columns medium-2 thb-dark-column small-12\"><div class=\"vc_column-inner\"><div class=\"wpb_wrapper\"><\/div><\/div><\/div><\/div><\/div><\/div><\/div><\/div><div class=\"row wpb_row row-fluid bookingunder vc_custom_1743504583718\"><div class=\"wpb_column columns medium-12 thb-dark-column small-12\"><div class=\"vc_column-inner\"><div class=\"wpb_wrapper\"><\/div><\/div><\/div><\/div><div class=\"row wpb_row row-fluid no-row-padding full-width-row no-column-padding vc_custom_1681171486870 row-has-fill\"><div class=\"wpb_column columns medium-12 thb-dark-column small-12\"><div class=\"vc_column-inner\"><div class=\"wpb_wrapper\"><div class='gambit_row_scroll' data-row-entrance='scale-smaller' data-row-exit='none' data--5p-center-top-entrance=\"transform: scale(1);transform-origin: !50% 0%;opacity: 1;\" data-bottom-top-entrance=\"transform: scale(1.2);transform-origin: !50% 0%;opacity: 0.4;\" ><\/div><div class=\"vc_empty_space\" id=\"thb-empty-space-69d64f9b4dd14\"  style=\"height: 5vh\" ><span class=\"vc_empty_space_inner\"><\/span><\/div>\n<div class=\"row wpb_row vc_inner row-fluid max_width\"><div class=\"wpb_column columns medium-5 thb-dark-column small-12\"><div class=\"vc_column-inner   vc_custom_1687944552572\"><div class=\"wpb_wrapper\"><div class=\"vc_empty_space\" id=\"thb-empty-space-69d64f9b4df9d\"  style=\"height: 25px\" ><span class=\"vc_empty_space_inner\"><\/span><\/div>\n\n\t<div class=\"wpb_text_column wpb_content_element\" >\n\t\t<div class=\"wpb_wrapper\">\n\t\t\t<h2>LES SAVEURS DE TOUJOURS. COMME JAMAIS.<\/h2>\n\n\t\t<\/div>\n\t<\/div>\n\n\t<div class=\"wpb_text_column wpb_content_element animation bottom-to-top-3d\" >\n\t\t<div class=\"wpb_wrapper\">\n\t\t\t<p>Avec son restaurant Acebuche et son snack-bar La Bellota, El Encinar de Sotogrande s'engage dans un concept gastronomique o\u00f9 la proximit\u00e9 et la d\u00e9fense de la consommation du Km O deviennent les piliers d'une offre gastronomique qui peut \u00eatre appr\u00e9ci\u00e9e avec les cinq sens \u00e0 travers des textures, des ar\u00f4mes, des saveurs et des exp\u00e9riences qui en feront un espace distingu\u00e9 dans l'offre locale.<\/p>\n\n\t\t<\/div>\n\t<\/div>\n<\/div><\/div><\/div><div class=\"wpb_column columns medium-7 thb-dark-column small-12\"><div class=\"vc_column-inner\"><div class=\"wpb_wrapper\">\t<div class=\"thb_cascading_images cascade\">\n\t\t\t<figure class=\"cascading_image\">\n\t\t<div class=\"cascading_inner animation bottom-to-top-3d\">\n\t\t\t<img decoding=\"async\" src=\"https:\/\/hotelencinardesotogrande.com\/wp-content\/uploads\/2026\/02\/IMG_3054.jpg\" alt=\"\" style=\"transform: translateX(0%) translateY(0%); \" width=\"2048\" class=\"\"\/>\n\t\t<\/div>\n\t<\/figure>\n\t\t<\/div>\n\t\n\t<div  class=\"wpb_single_image wpb_content_element vc_align_center   mobileonly\">\n\t\t\n\t\t<figure class=\"wpb_wrapper vc_figure\">\n\t\t\t<div class=\"vc_single_image-wrapper   vc_box_border_grey\"><img loading=\"lazy\" decoding=\"async\" width=\"1707\" height=\"2560\" src=\"https:\/\/hotelencinardesotogrande.com\/wp-content\/uploads\/2026\/02\/IMG_5690-scaled.jpg\" class=\"vc_single_image-img attachment-full\" alt=\"\" title=\"IMG_5690\" srcset=\"https:\/\/hotelencinardesotogrande.com\/wp-content\/uploads\/2026\/02\/IMG_5690-scaled.jpg 1707w, https:\/\/hotelencinardesotogrande.com\/wp-content\/uploads\/2026\/02\/IMG_5690-200x300.jpg 200w, https:\/\/hotelencinardesotogrande.com\/wp-content\/uploads\/2026\/02\/IMG_5690-683x1024.jpg 683w, https:\/\/hotelencinardesotogrande.com\/wp-content\/uploads\/2026\/02\/IMG_5690-768x1152.jpg 768w, https:\/\/hotelencinardesotogrande.com\/wp-content\/uploads\/2026\/02\/IMG_5690-1024x1536.jpg 1024w, https:\/\/hotelencinardesotogrande.com\/wp-content\/uploads\/2026\/02\/IMG_5690-1366x2048.jpg 1366w, https:\/\/hotelencinardesotogrande.com\/wp-content\/uploads\/2026\/02\/IMG_5690-8x12.jpg 8w, https:\/\/hotelencinardesotogrande.com\/wp-content\/uploads\/2026\/02\/IMG_5690-380x570.jpg 380w, https:\/\/hotelencinardesotogrande.com\/wp-content\/uploads\/2026\/02\/IMG_5690-20x30.jpg 20w, https:\/\/hotelencinardesotogrande.com\/wp-content\/uploads\/2026\/02\/IMG_5690-190x285.jpg 190w, https:\/\/hotelencinardesotogrande.com\/wp-content\/uploads\/2026\/02\/IMG_5690-760x1140.jpg 760w, https:\/\/hotelencinardesotogrande.com\/wp-content\/uploads\/2026\/02\/IMG_5690-1140x1710.jpg 1140w\" sizes=\"auto, (max-width: 1707px) 100vw, 1707px\" \/><\/div>\n\t\t<\/figure>\n\t<\/div>\n<\/div><\/div><\/div><\/div><div class=\"vc_empty_space\" id=\"thb-empty-space-69d64f9b51b56\"  style=\"height: 15vh\" ><span class=\"vc_empty_space_inner\"><\/span><\/div>\n<style>\n\t@media screen and (max-width: 640px) {\n\t\t#thb-empty-space-69d64f9b51b56 {\n\t\t\theight: 0vh !important;\n\t\t}\n\t}\n<\/style>\n\t<\/div><\/div><\/div><\/div><div class=\"row wpb_row row-fluid no-row-padding full-width-row no-column-padding vc_custom_1687944657357 row-has-fill\"><div class=\"wpb_column columns medium-12 thb-dark-column small-12\"><div class=\"vc_column-inner\"><div class=\"wpb_wrapper\"><div class='gambit_row_scroll' data-row-entrance='fly-left' data-row-exit='fade' data-top-bottom-exit=\"transform: translateX(0vw);opacity: 0.0;\" data--5p-center-bottom-exit=\"transform: translateX(0vw);opacity: 1;\" data--5p-center-top-entrance=\"transform: translateX(0vw);opacity: 1;\" data-bottom-top-entrance=\"transform: translateX(100vw);opacity: 1;\" ><\/div><div class=\"row wpb_row vc_inner row-fluid swap-on-mobile\"><div class=\"wpb_column columns medium-4 thb-dark-column small-12\"><div class=\"vc_column-inner   vc_custom_1681173036865\"><div class=\"wpb_wrapper\"><div class=\"vc_empty_space\" id=\"thb-empty-space-69d64f9b5223b\"  style=\"height: 4vh\" ><span class=\"vc_empty_space_inner\"><\/span><\/div>\n<style>\n\t@media screen and (max-width: 640px) {\n\t\t#thb-empty-space-69d64f9b5223b {\n\t\t\theight: 0vh !important;\n\t\t}\n\t}\n<\/style>\n\t\n\t<div class=\"wpb_text_column wpb_content_element\" >\n\t\t<div class=\"wpb_wrapper\">\n\t\t\t<h5 style=\"text-align: center;\"><\/h5>\n<h5 style=\"text-align: center;\"><span style=\"font-size: 24pt;\"><img loading=\"lazy\" decoding=\"async\" class=\"aligncenter wp-image-1068\" src=\"https:\/\/hotelencinardesotogrande.com\/wp-content\/uploads\/2023\/09\/Captura-de-pantalla-2023-09-11-a-las-12.37.39.png\" alt=\"Hotel Encinar de Sotogrande - Lobby Bar\" width=\"276\" height=\"157\" srcset=\"https:\/\/hotelencinardesotogrande.com\/wp-content\/uploads\/2023\/09\/Captura-de-pantalla-2023-09-11-a-las-12.37.39.png 1704w, https:\/\/hotelencinardesotogrande.com\/wp-content\/uploads\/2023\/09\/Captura-de-pantalla-2023-09-11-a-las-12.37.39-18x10.png 18w, https:\/\/hotelencinardesotogrande.com\/wp-content\/uploads\/2023\/09\/Captura-de-pantalla-2023-09-11-a-las-12.37.39-20x11.png 20w, https:\/\/hotelencinardesotogrande.com\/wp-content\/uploads\/2023\/09\/Captura-de-pantalla-2023-09-11-a-las-12.37.39-190x108.png 190w\" sizes=\"auto, (max-width: 276px) 100vw, 276px\" \/><\/span><\/h5>\n<h5 style=\"text-align: center;\"><span style=\"font-size: 24pt;\">UNE PAUSE CAF\u00c9<\/span><\/h5>\n<p style=\"text-align: center;\">Savourez le plaisir ultime de la d\u00e9tente et du bien-\u00eatre dans notre Lobby Bar intime et confortable o\u00f9 vous pouvez faire une pause en savourant les meilleurs ar\u00f4mes des cr\u00e9ations Nespresso\u00ae ainsi qu'un large \u00e9ventail de p\u00e2tisseries et de viennoiseries sucr\u00e9es.<\/p>\n\n\t\t<\/div>\n\t<\/div>\n<div class=\"vc_empty_space\" id=\"thb-empty-space-69d64f9b52395\"  style=\"height: 15px\" ><span class=\"vc_empty_space_inner\"><\/span><\/div>\n<div class=\"vc_btn3-container vc_btn3-center\" ><a style=\"background-color:#a98353; color:#ffffff;\" class=\"vc_general vc_btn3 vc_btn3-size-md vc_btn3-shape-round vc_btn3-style-custom vc_btn3-block\" href=\"https:\/\/hotelencinardesotogrande.com\/wp-content\/uploads\/2023\/09\/Diptic_Sotogrande_120x240mm_v1.pdf\" title=\"\" target=\"_blank\">VOIR LE MENU NESPRESSO<\/a><\/div><div class=\"vc_empty_space\" id=\"thb-empty-space-69d64f9b525b9\"  style=\"height: 4vh\" ><span class=\"vc_empty_space_inner\"><\/span><\/div>\n<\/div><\/div><\/div><div class=\"wpb_column columns medium-8 thb-dark-column has-fill small-12\"><div class=\"vc_column-inner   vc_custom_1770040606167\"><div class=\"wpb_wrapper\"><div class=\"vc_empty_space\" id=\"thb-empty-space-69d64f9b5445f\"  style=\"height: 15vh\" ><span class=\"vc_empty_space_inner\"><\/span><\/div>\n<style>\n\t@media screen and (max-width: 640px) {\n\t\t#thb-empty-space-69d64f9b5445f {\n\t\t\theight: 39vh !important;\n\t\t}\n\t}\n<\/style>\n\t<\/div><\/div><\/div><\/div><\/div><\/div><\/div><\/div><div class=\"row wpb_row row-fluid no-row-padding full-width-row no-column-padding vc_custom_1681172951553 row-has-fill\"><div class=\"wpb_column columns medium-12 thb-dark-column small-12\"><div class=\"vc_column-inner\"><div class=\"wpb_wrapper\"><div class='gambit_row_scroll' data-row-entrance='fly-right' data-row-exit='fade' data-top-bottom-exit=\"transform: translateX(0vw);opacity: 0.0;\" data--5p-center-bottom-exit=\"transform: translateX(0vw);opacity: 1;\" data--5p-center-top-entrance=\"transform: translateX(0vw);opacity: 1;\" data-bottom-top-entrance=\"transform: translateX(-100vw);opacity: 1;\" ><\/div><div class=\"row wpb_row vc_inner row-fluid\"><div class=\"wpb_column columns medium-8 thb-dark-column has-fill small-12\"><div class=\"vc_column-inner   vc_custom_1770040338292\"><div class=\"wpb_wrapper\"><div class=\"vc_empty_space\" id=\"thb-empty-space-69d64f9b54a03\"  style=\"height: 15vh\" ><span class=\"vc_empty_space_inner\"><\/span><\/div>\n<style>\n\t@media screen and (max-width: 640px) {\n\t\t#thb-empty-space-69d64f9b54a03 {\n\t\t\theight: 39vh !important;\n\t\t}\n\t}\n<\/style>\n\t<\/div><\/div><\/div><div class=\"wpb_column columns medium-4 thb-dark-column small-12\"><div class=\"vc_column-inner   vc_custom_1681173036865\"><div class=\"wpb_wrapper\"><div class=\"vc_empty_space\" id=\"thb-empty-space-69d64f9b54b6c\"  style=\"height: 4vh\" ><span class=\"vc_empty_space_inner\"><\/span><\/div>\n\n\t<div class=\"wpb_text_column wpb_content_element\" >\n\t\t<div class=\"wpb_wrapper\">\n\t\t\t<h5 style=\"text-align: center;\"><\/h5>\n<h5 style=\"text-align: center;\"><span style=\"font-size: 24pt;\"><img loading=\"lazy\" decoding=\"async\" class=\"size-medium wp-image-631 aligncenter\" src=\"https:\/\/hotelencinardesotogrande.com\/wp-content\/uploads\/2023\/04\/Logo-Acebuche-Restaurant-2-300x257.jpg\" alt=\"\" width=\"300\" height=\"257\" srcset=\"https:\/\/hotelencinardesotogrande.com\/wp-content\/uploads\/2023\/04\/Logo-Acebuche-Restaurant-2-300x257.jpg 300w, https:\/\/hotelencinardesotogrande.com\/wp-content\/uploads\/2023\/04\/Logo-Acebuche-Restaurant-2-20x17.jpg 20w, https:\/\/hotelencinardesotogrande.com\/wp-content\/uploads\/2023\/04\/Logo-Acebuche-Restaurant-2-190x163.jpg 190w\" sizes=\"auto, (max-width: 300px) 100vw, 300px\" \/><\/span><\/h5>\n<h5 style=\"text-align: center;\"><span style=\"font-size: 24pt;\">UNE CUISINE D'ESSENCES ET DE NUANCES<\/span><\/h5>\n<p style=\"text-align: center;\">L'essence de la cuisine m\u00e9diterran\u00e9enne et internationale, avec un caract\u00e8re cosmopolite, o\u00f9 la cr\u00e9ativit\u00e9 et l'environnement accompagnent nos cr\u00e9ations et soulignent la nature sociale et d\u00e9tendue de la gastronomie.<\/p>\n\n\t\t<\/div>\n\t<\/div>\n<div class=\"vc_empty_space\" id=\"thb-empty-space-69d64f9b54caf\"  style=\"height: 15px\" ><span class=\"vc_empty_space_inner\"><\/span><\/div>\n<div class=\"vc_btn3-container vc_btn3-center\" ><a style=\"background-color:#a98353; color:#ffffff;\" class=\"vc_general vc_btn3 vc_btn3-size-md vc_btn3-shape-round vc_btn3-style-custom vc_btn3-block\" href=\"https:\/\/hotelencinardesotogrande.com\/wp-content\/uploads\/2024\/11\/Carta-Restaurante-Room-24-25-1.pdf\" title=\"\" target=\"_blank\">VOIR LA LETTRE<\/a><\/div><div class=\"vc_empty_space\" id=\"thb-empty-space-69d64f9b54e4d\"  style=\"height: 4vh\" ><span class=\"vc_empty_space_inner\"><\/span><\/div>\n<style>\n\t@media screen and (max-width: 640px) {\n\t\t#thb-empty-space-69d64f9b54e4d {\n\t\t\theight: 2vh !important;\n\t\t}\n\t}\n<\/style>\n\t<\/div><\/div><\/div><\/div><\/div><\/div><\/div><\/div><div class=\"row wpb_row row-fluid no-row-padding full-width-row no-column-padding vc_custom_1687944657357 row-has-fill\"><div class=\"wpb_column columns medium-12 thb-dark-column small-12\"><div class=\"vc_column-inner\"><div class=\"wpb_wrapper\"><div class='gambit_row_scroll' data-row-entrance='fly-left' data-row-exit='fade' data-top-bottom-exit=\"transform: translateX(0vw);opacity: 0.0;\" data--5p-center-bottom-exit=\"transform: translateX(0vw);opacity: 1;\" data--5p-center-top-entrance=\"transform: translateX(0vw);opacity: 1;\" data-bottom-top-entrance=\"transform: translateX(100vw);opacity: 1;\" ><\/div><div class=\"row wpb_row vc_inner row-fluid swap-on-mobile\"><div class=\"wpb_column columns medium-4 thb-dark-column small-12\"><div class=\"vc_column-inner   vc_custom_1681173036865\"><div class=\"wpb_wrapper\"><div class=\"vc_empty_space\" id=\"thb-empty-space-69d64f9b5540b\"  style=\"height: 4vh\" ><span class=\"vc_empty_space_inner\"><\/span><\/div>\n<style>\n\t@media screen and (max-width: 640px) {\n\t\t#thb-empty-space-69d64f9b5540b {\n\t\t\theight: 0vh !important;\n\t\t}\n\t}\n<\/style>\n\t\n\t<div class=\"wpb_text_column wpb_content_element\" >\n\t\t<div class=\"wpb_wrapper\">\n\t\t\t<h5 style=\"text-align: center;\"><\/h5>\n<h5 style=\"text-align: center;\"><span style=\"font-size: 24pt;\"><img loading=\"lazy\" decoding=\"async\" class=\"wp-image-658 size-medium aligncenter\" src=\"https:\/\/hotelencinardesotogrande.com\/wp-content\/uploads\/2023\/04\/Logo-La-Bellota-2-300x217.jpg\" alt=\"\" width=\"300\" height=\"217\" srcset=\"https:\/\/hotelencinardesotogrande.com\/wp-content\/uploads\/2023\/04\/Logo-La-Bellota-2-300x217.jpg 300w, https:\/\/hotelencinardesotogrande.com\/wp-content\/uploads\/2023\/04\/Logo-La-Bellota-2-20x14.jpg 20w, https:\/\/hotelencinardesotogrande.com\/wp-content\/uploads\/2023\/04\/Logo-La-Bellota-2-190x137.jpg 190w\" sizes=\"auto, (max-width: 300px) 100vw, 300px\" \/><\/span><\/h5>\n<h5 style=\"text-align: center;\"><span style=\"font-size: 24pt;\">COLLATIONS, PISCINE ET VIE<\/span><\/h5>\n<p style=\"text-align: center;\">La gastronomie de qualit\u00e9 ne doit pas s'opposer aux formats les plus d\u00e9contract\u00e9s. \u00c0 La Bellota Snack Bar, nous vous offrons toute une gamme de possibilit\u00e9s pour savourer les meilleures saveurs dans le cadre incomparable de notre jardin donnant sur la piscine.<\/p>\n<p>&nbsp;<\/p>\n<p style=\"text-align: center;\"><strong>Pendant la saison hivernale, nous continuons \u00e0 vous servir au restaurant Acebuche.<\/strong><\/p>\n\n\t\t<\/div>\n\t<\/div>\n<div class=\"vc_empty_space\" id=\"thb-empty-space-69d64f9b574ef\"  style=\"height: 15px\" ><span class=\"vc_empty_space_inner\"><\/span><\/div>\n<div class=\"vc_btn3-container vc_btn3-center\" ><a style=\"background-color:#a98353; color:#ffffff;\" class=\"vc_general vc_btn3 vc_btn3-size-md vc_btn3-shape-round vc_btn3-style-custom vc_btn3-block\" href=\"https:\/\/hotelencinardesotogrande.com\/wp-content\/uploads\/2025\/06\/PRUEBA_CARTA-SNACK-PISCINA_triptico.pdf\" title=\"\" target=\"_blank\">VER CARTA LA BELLOTA<\/a><\/div><div class=\"vc_btn3-container vc_btn3-center\" ><a style=\"background-color:#a98353; color:#ffffff;\" class=\"vc_general vc_btn3 vc_btn3-size-md vc_btn3-shape-round vc_btn3-style-custom vc_btn3-block\" href=\"https:\/\/hotelencinardesotogrande.com\/wp-content\/uploads\/2025\/06\/PRUEBA_CARTA-BEBIDAS-PISCINA.pdf\" title=\"\" target=\"_blank\">VER CARTA BEBIDAS<\/a><\/div><div class=\"vc_empty_space\" id=\"thb-empty-space-69d64f9b577fd\"  style=\"height: 4vh\" ><span class=\"vc_empty_space_inner\"><\/span><\/div>\n<\/div><\/div><\/div><div class=\"wpb_column columns medium-8 thb-dark-column has-fill small-12\"><div class=\"vc_column-inner   vc_custom_1770040368834\"><div class=\"wpb_wrapper\"><div class=\"vc_empty_space\" id=\"thb-empty-space-69d64f9b5799b\"  style=\"height: 15vh\" ><span class=\"vc_empty_space_inner\"><\/span><\/div>\n<style>\n\t@media screen and (max-width: 640px) {\n\t\t#thb-empty-space-69d64f9b5799b {\n\t\t\theight: 39vh !important;\n\t\t}\n\t}\n<\/style>\n\t<\/div><\/div><\/div><\/div><\/div><\/div><\/div><\/div>","protected":false},"excerpt":{"rendered":"DEGUSTAR CON LOS 5 SENTIDOS LOS SABORES DE SIEMPRE. COMO NUNCA. A trav\u00e9s de su Restaurante Acebuche y La Bellota Snack Bar, el Encinar de Sotogrande apuesta por un concepto gastron\u00f3mico donde la cercan\u00eda y la defensa del consumo de Km O se convierten en los pilares de una oferta de gastronom\u00eda que se disfruta&hellip;","protected":false},"author":1,"featured_media":1824,"parent":0,"menu_order":0,"comment_status":"closed","ping_status":"closed","template":"","meta":{"footnotes":""},"class_list":["post-621","page","type-page","status-publish","has-post-thumbnail","hentry"],"_links":{"self":[{"href":"https:\/\/hotelencinardesotogrande.com\/fr\/wp-json\/wp\/v2\/pages\/621","targetHints":{"allow":["GET"]}}],"collection":[{"href":"https:\/\/hotelencinardesotogrande.com\/fr\/wp-json\/wp\/v2\/pages"}],"about":[{"href":"https:\/\/hotelencinardesotogrande.com\/fr\/wp-json\/wp\/v2\/types\/page"}],"author":[{"embeddable":true,"href":"https:\/\/hotelencinardesotogrande.com\/fr\/wp-json\/wp\/v2\/users\/1"}],"replies":[{"embeddable":true,"href":"https:\/\/hotelencinardesotogrande.com\/fr\/wp-json\/wp\/v2\/comments?post=621"}],"version-history":[{"count":61,"href":"https:\/\/hotelencinardesotogrande.com\/fr\/wp-json\/wp\/v2\/pages\/621\/revisions"}],"predecessor-version":[{"id":1844,"href":"https:\/\/hotelencinardesotogrande.com\/fr\/wp-json\/wp\/v2\/pages\/621\/revisions\/1844"}],"wp:featuredmedia":[{"embeddable":true,"href":"https:\/\/hotelencinardesotogrande.com\/fr\/wp-json\/wp\/v2\/media\/1824"}],"wp:attachment":[{"href":"https:\/\/hotelencinardesotogrande.com\/fr\/wp-json\/wp\/v2\/media?parent=621"}],"curies":[{"name":"wp","href":"https:\/\/api.w.org\/{rel}","templated":true}]}}