{"id":718,"date":"2023-04-24T14:42:51","date_gmt":"2023-04-24T14:42:51","guid":{"rendered":"https:\/\/hotelencinardesotogrande.com\/?page_id=718"},"modified":"2026-02-02T15:26:33","modified_gmt":"2026-02-02T15:26:33","slug":"sostenibilidad","status":"publish","type":"page","link":"https:\/\/hotelencinardesotogrande.com\/fr\/la-durabilite\/","title":{"rendered":"Durabilit\u00e9"},"content":{"rendered":"<div class=\"row wpb_row row-fluid no-row-padding full-width-row no-column-padding thb-arrow-enabled thb-overlay-enabled vc_custom_1770041372638 row-has-fill\"><div class=\"text-center wpb_column columns medium-12 thb-light-column small-12\"><div class=\"vc_column-inner   vc_custom_1681142433874\"><div class=\"wpb_wrapper\"><div class=\"row wpb_row vc_inner row-fluid max_width\"><div class=\"wpb_column columns medium-2 thb-dark-column small-12\"><div class=\"vc_column-inner\"><div class=\"wpb_wrapper\"><\/div><\/div><\/div><div class=\"wpb_column columns medium-8 thb-dark-column small-12\"><div class=\"vc_column-inner   vc_custom_1681139473962\"><div class=\"wpb_wrapper\">\n\t<div class=\"wpb_text_column wpb_content_element animation bottom-to-top\" >\n\t\t<div class=\"wpb_wrapper\">\n\t\t\t<h1 style=\"text-align: center;\">DURABILIT\u00c9<\/h1>\n\n\t\t<\/div>\n\t<\/div>\n\n\t<div class=\"wpb_text_column wpb_content_element animation bottom-to-top\" >\n\t\t<div class=\"wpb_wrapper\">\n\t\t\t<p style=\"text-align: center;\"><span style=\"font-size: x-large;\">Engagement en faveur de l'environnement, de la protection de l'environnement et de la consommation locale<\/span><\/p>\n\n\t\t<\/div>\n\t<\/div>\n<\/div><\/div><\/div><div class=\"wpb_column columns medium-2 thb-dark-column small-12\"><div class=\"vc_column-inner\"><div class=\"wpb_wrapper\"><\/div><\/div><\/div><\/div><\/div><\/div><\/div><div class=\"scroll-bottom light style2\"><div><\/div><\/div><div id=\"thb-row-overlay-69de14aa58b1b\" class=\"thb-row-overlay\"><\/div><style>\n  \t#thb-row-overlay-69de14aa58b1b {background:rgba(0,0,0,0.25);background:linear-gradient( -135deg,rgba(0,0,0,0.25),rgba(0,0,0,0.25) ); }<\/style><\/div><div class=\"row wpb_row row-fluid bookingbar finder-fixed no-row-padding full-width-row no-column-padding vc_custom_1743502162258 row-has-fill\"><div class=\"box-finder wpb_column columns medium-12 thb-dark-column small-12\"><div class=\"vc_column-inner   vc_custom_1743502330624\"><div class=\"wpb_wrapper\">\n\t<div class=\"wpb_raw_code wpb_content_element wpb_raw_html\" >\n\t\t<div class=\"wpb_wrapper\">\n\t\t\t<div data-mirai-component=\"finder\"><\/div>\n\t\t<\/div>\n\t<\/div>\n<\/div><\/div><\/div><\/div><div id=\"finder-test\" class=\"row wpb_row row-fluid bookingbar no-row-padding full-width-row no-column-padding vc_custom_1743502114526 row-has-fill\"><div class=\"wpb_column columns medium-12 thb-dark-column small-12\"><div class=\"vc_column-inner   vc_custom_1686644866728\"><div class=\"wpb_wrapper\"><div class=\"row wpb_row vc_inner row-fluid max_width vc_custom_1690387392689\"><div class=\"wpb_column columns medium-2 thb-dark-column small-12\"><div class=\"vc_column-inner\"><div class=\"wpb_wrapper\"><\/div><\/div><\/div><div class=\"wpb_column columns medium-8 thb-dark-column small-12\"><div class=\"vc_column-inner\"><div class=\"wpb_wrapper\"><div class=\"vc_empty_space\" id=\"thb-empty-space-69de14aa59524\"  style=\"height: 3vh\" ><span class=\"vc_empty_space_inner\"><\/span><\/div>\n<div class=\"vc_empty_space\" id=\"thb-empty-space-69de14aa595a2\"  style=\"height: 3vh\" ><span class=\"vc_empty_space_inner\"><\/span><\/div>\n\n\t<div class=\"wpb_text_column wpb_content_element   vc_custom_1687340928293\" >\n\t\t<div class=\"wpb_wrapper\">\n\t\t\t<p style=\"text-align: center;\"><div data-mirai-component=\"finder\"><\/div>\n\n\t\t<\/div>\n\t<\/div>\n<\/div><\/div><\/div><div class=\"wpb_column columns medium-2 thb-dark-column small-12\"><div class=\"vc_column-inner\"><div class=\"wpb_wrapper\"><\/div><\/div><\/div><\/div><\/div><\/div><\/div><\/div><div class=\"row wpb_row row-fluid bookingunder\"><div class=\"wpb_column columns medium-12 thb-dark-column small-12\"><div class=\"vc_column-inner   vc_custom_1743502553495\"><div class=\"wpb_wrapper\"><\/div><\/div><\/div><\/div><div class=\"row wpb_row row-fluid no-row-padding full-width-row no-column-padding vc_custom_1681144036511 row-has-fill\"><div class=\"wpb_column columns medium-12 thb-dark-column small-12\"><div class=\"vc_column-inner\"><div class=\"wpb_wrapper\"><div class='gambit_row_scroll' data-row-entrance='scale-smaller' data-row-exit='none' data--5p-center-top-entrance=\"transform: scale(1);transform-origin: !50% 0%;opacity: 1;\" data-bottom-top-entrance=\"transform: scale(1.2);transform-origin: !50% 0%;opacity: 0.4;\" ><\/div><div class=\"vc_empty_space\" id=\"thb-empty-space-69de14aa59d8e\"  style=\"height: 5vh\" ><span class=\"vc_empty_space_inner\"><\/span><\/div>\n<div class=\"row wpb_row vc_inner row-fluid max_width\"><div class=\"wpb_column columns medium-5 thb-dark-column small-12\"><div class=\"vc_column-inner\"><div class=\"wpb_wrapper\"><div class=\"vc_empty_space\" id=\"thb-empty-space-69de14aa5a024\"  style=\"height: 25px\" ><span class=\"vc_empty_space_inner\"><\/span><\/div>\n\n\t<div class=\"wpb_text_column wpb_content_element\" >\n\t\t<div class=\"wpb_wrapper\">\n\t\t\t<h2>UN ENGAGEMENT POUR NOTRE ENVIRONNEMENT<\/h2>\n\n\t\t<\/div>\n\t<\/div>\n\n\t<div class=\"wpb_text_column wpb_content_element animation bottom-to-top-3d\" >\n\t\t<div class=\"wpb_wrapper\">\n\t\t\t<p>La durabilit\u00e9 et la symbiose maximale avec l'environnement sont l'un des piliers de la philosophie de l'h\u00f4tel Encinar de Sotogrande.<\/p>\n<p>Un engagement qui impr\u00e8gne chaque op\u00e9ration et service de l'h\u00f4tel, en recherchant toujours l'efficacit\u00e9 maximale et le plus grand respect de l'environnement.<span class=\"Apple-converted-space\">\u00a0<\/span><\/p>\n<p>Deux valeurs qui sont combin\u00e9es \u00e0 l'unisson dans chaque action que nous d\u00e9veloppons \u00e0 l'h\u00f4tel Encinar de Sotogrande et qui sont int\u00e9gr\u00e9es depuis la conception de l'h\u00f4tel lui-m\u00eame jusqu'\u00e0 sa gastronomie de consommation locale ou les syst\u00e8mes de qualit\u00e9 de l'air les plus innovants.<\/p>\n\n\t\t<\/div>\n\t<\/div>\n<\/div><\/div><\/div><div class=\"wpb_column columns medium-7 thb-dark-column small-12\"><div class=\"vc_column-inner\"><div class=\"wpb_wrapper\">\t<div class=\"thb_cascading_images cascade\">\n\t\t\t<figure class=\"cascading_image\">\n\t\t<div class=\"cascading_inner animation bottom-to-top-3d\">\n\t\t\t<img decoding=\"async\" src=\"https:\/\/hotelencinardesotogrande.com\/wp-content\/uploads\/2026\/02\/241024-HOTEL-ENCINAR-SOTOGRANDE-95-scaled.jpg\" alt=\"\" style=\"transform: translateX(0%) translateY(0%); \" width=\"1707\" class=\"\"\/>\n\t\t<\/div>\n\t<\/figure>\n\t\t<figure class=\"cascading_image\">\n\t\t<div class=\"cascading_inner animation top-to-bottom-3d\">\n\t\t\t<img decoding=\"async\" src=\"\" alt=\"\" style=\"transform: translateX(45%) translateY(80%); \" width=\"\" class=\"\"\/>\n\t\t<\/div>\n\t<\/figure>\n\t\t<figure class=\"cascading_image\">\n\t\t<div class=\"cascading_inner animation bottom-to-top-3d\">\n\t\t\t<img decoding=\"async\" src=\"\" alt=\"\" style=\"transform: translateX(-40%) translateY(90%); \" width=\"\" class=\"\"\/>\n\t\t<\/div>\n\t<\/figure>\n\t\t<\/div>\n\t\n\t<div  class=\"wpb_single_image wpb_content_element vc_align_center   mobileonly\">\n\t\t\n\t\t<figure class=\"wpb_wrapper vc_figure\">\n\t\t\t<div class=\"vc_single_image-wrapper   vc_box_border_grey\"><img loading=\"lazy\" decoding=\"async\" width=\"1707\" height=\"2560\" src=\"https:\/\/hotelencinardesotogrande.com\/wp-content\/uploads\/2026\/02\/241024-HOTEL-ENCINAR-SOTOGRANDE-95-scaled.jpg\" class=\"vc_single_image-img attachment-full\" alt=\"\" title=\"241024 HOTEL ENCINAR SOTOGRANDE (95)\" srcset=\"https:\/\/hotelencinardesotogrande.com\/wp-content\/uploads\/2026\/02\/241024-HOTEL-ENCINAR-SOTOGRANDE-95-scaled.jpg 1707w, https:\/\/hotelencinardesotogrande.com\/wp-content\/uploads\/2026\/02\/241024-HOTEL-ENCINAR-SOTOGRANDE-95-200x300.jpg 200w, https:\/\/hotelencinardesotogrande.com\/wp-content\/uploads\/2026\/02\/241024-HOTEL-ENCINAR-SOTOGRANDE-95-683x1024.jpg 683w, https:\/\/hotelencinardesotogrande.com\/wp-content\/uploads\/2026\/02\/241024-HOTEL-ENCINAR-SOTOGRANDE-95-768x1152.jpg 768w, https:\/\/hotelencinardesotogrande.com\/wp-content\/uploads\/2026\/02\/241024-HOTEL-ENCINAR-SOTOGRANDE-95-1024x1536.jpg 1024w, https:\/\/hotelencinardesotogrande.com\/wp-content\/uploads\/2026\/02\/241024-HOTEL-ENCINAR-SOTOGRANDE-95-1365x2048.jpg 1365w, https:\/\/hotelencinardesotogrande.com\/wp-content\/uploads\/2026\/02\/241024-HOTEL-ENCINAR-SOTOGRANDE-95-8x12.jpg 8w, https:\/\/hotelencinardesotogrande.com\/wp-content\/uploads\/2026\/02\/241024-HOTEL-ENCINAR-SOTOGRANDE-95-380x570.jpg 380w, https:\/\/hotelencinardesotogrande.com\/wp-content\/uploads\/2026\/02\/241024-HOTEL-ENCINAR-SOTOGRANDE-95-20x30.jpg 20w, https:\/\/hotelencinardesotogrande.com\/wp-content\/uploads\/2026\/02\/241024-HOTEL-ENCINAR-SOTOGRANDE-95-190x285.jpg 190w, https:\/\/hotelencinardesotogrande.com\/wp-content\/uploads\/2026\/02\/241024-HOTEL-ENCINAR-SOTOGRANDE-95-760x1140.jpg 760w, https:\/\/hotelencinardesotogrande.com\/wp-content\/uploads\/2026\/02\/241024-HOTEL-ENCINAR-SOTOGRANDE-95-1140x1710.jpg 1140w\" sizes=\"auto, (max-width: 1707px) 100vw, 1707px\" \/><\/div>\n\t\t<\/figure>\n\t<\/div>\n<\/div><\/div><\/div><\/div><div class=\"vc_empty_space\" id=\"thb-empty-space-69de14aa5afa8\"  style=\"height: 20vh\" ><span class=\"vc_empty_space_inner\"><\/span><\/div>\n<style>\n\t@media screen and (max-width: 640px) {\n\t\t#thb-empty-space-69de14aa5afa8 {\n\t\t\theight: 5vh !important;\n\t\t}\n\t}\n<\/style>\n\t<\/div><\/div><\/div><\/div><div class=\"row wpb_row row-fluid no-row-padding full-width-row no-column-padding vc_custom_1681144116034 row-has-fill\"><div class=\"wpb_column columns medium-12 thb-dark-column small-12\"><div class=\"vc_column-inner\"><div class=\"wpb_wrapper\"><div class='gambit_row_scroll' data-row-entrance='fly-right' data-row-exit='none' data--5p-center-top-entrance=\"transform: translateX(0vw);\" data-bottom-top-entrance=\"transform: translateX(-100vw);\" ><\/div><\/div><\/div><\/div><div class=\"wpb_column columns medium-8 thb-dark-column has-fill small-12\"><div class=\"vc_column-inner   vc_custom_1770041393433\"><div class=\"wpb_wrapper\"><div class=\"vc_empty_space\" id=\"thb-empty-space-69de14aa5b4a2\"  style=\"height: 12vh\" ><span class=\"vc_empty_space_inner\"><\/span><\/div>\n<style>\n\t@media screen and (max-width: 640px) {\n\t\t#thb-empty-space-69de14aa5b4a2 {\n\t\t\theight: 39vh !important;\n\t\t}\n\t}\n<\/style>\n\t<\/div><\/div><\/div><div class=\"wpb_column columns medium-4 thb-dark-column small-12\"><div class=\"vc_column-inner\"><div class=\"wpb_wrapper\"><div class=\"vc_empty_space\" id=\"thb-empty-space-69de14aa5b60f\"  style=\"height: 11vh\" ><span class=\"vc_empty_space_inner\"><\/span><\/div>\n<style>\n\t@media screen and (max-width: 640px) {\n\t\t#thb-empty-space-69de14aa5b60f {\n\t\t\theight: 0vh !important;\n\t\t}\n\t}\n<\/style>\n\t\n\t<div class=\"wpb_text_column wpb_content_element animation fade-in  vc_custom_1682346725802\" >\n\t\t<div class=\"wpb_wrapper\">\n\t\t\t<h3>CONCEPTION<\/h3>\n<p>Le design et l'architecture int\u00e9rieure des espaces ont \u00e9t\u00e9 r\u00e9nov\u00e9s en utilisant des mat\u00e9riaux organiques, le bois jouant un r\u00f4le important, et en cherchant toujours \u00e0 tirer le meilleur parti de la lumi\u00e8re naturelle.<\/p>\n\n\t\t<\/div>\n\t<\/div>\n<div class=\"vc_empty_space\" id=\"thb-empty-space-69de14aa5b721\"  style=\"height: 11vh\" ><span class=\"vc_empty_space_inner\"><\/span><\/div>\n<style>\n\t@media screen and (max-width: 640px) {\n\t\t#thb-empty-space-69de14aa5b721 {\n\t\t\theight: 0vh !important;\n\t\t}\n\t}\n<\/style>\n\t<\/div><\/div><\/div><\/div><div class=\"row wpb_row row-fluid swap-on-mobile no-row-padding full-width-row no-column-padding vc_custom_1687945485450 row-has-fill row-o-content-middle row-flex\"><div class=\"wpb_column columns medium-12 thb-dark-column has-fill small-12\"><div class=\"vc_column-inner   vc_custom_1681144998546\"><div class=\"wpb_wrapper\"><div class='gambit_row_scroll' data-row-entrance='fly-left' data-row-exit='none' data--5p-center-top-entrance=\"transform: translateX(0vw);\" data-bottom-top-entrance=\"transform: translateX(100vw);\" ><\/div><\/div><\/div><\/div><div class=\"wpb_column columns medium-4 thb-light-column has-fill small-12\"><div class=\"vc_column-inner   vc_custom_1681144936667\"><div class=\"wpb_wrapper\"><div class=\"vc_empty_space\" id=\"thb-empty-space-69de14aa5bb6e\"  style=\"height: 11vh\" ><span class=\"vc_empty_space_inner\"><\/span><\/div>\n<style>\n\t@media screen and (max-width: 640px) {\n\t\t#thb-empty-space-69de14aa5bb6e {\n\t\t\theight: 0vh !important;\n\t\t}\n\t}\n<\/style>\n\t\n\t<div class=\"wpb_text_column wpb_content_element animation fade-in  vc_custom_1682346952948\" >\n\t\t<div class=\"wpb_wrapper\">\n\t\t\t<h3>GASTRONOMIE<\/h3>\n<p>L'offre gastronomique d'\"Acebuche\" et de \"La Bellota\" est bas\u00e9e sur une offre o\u00f9 les produits locaux et de proximit\u00e9 pr\u00e9dominent, aidant ainsi le commerce local dans la r\u00e9gion de San Roque et la province de Cadix.<\/p>\n\n\t\t<\/div>\n\t<\/div>\n<div class=\"vc_btn3-container  wpb_animate_when_almost_visible wpb_fadeIn fadeIn vc_btn3-inline vc_custom_1687945629950\" ><a style=\"background-color:#9f8356; color:#ffffff;\" class=\"vc_general vc_btn3 vc_btn3-size-md vc_btn3-shape-round vc_btn3-style-custom\" href=\"https:\/\/hotelencinardesotogrande.com\/fr\/gastronomie\/\" title=\"Gastronomie\"><b>LA D\u00c9COUVERTE DE LA GASTRONOMIE<\/b><\/a><\/div><div class=\"vc_empty_space\" id=\"thb-empty-space-69de14aa5bdff\"  style=\"height: 11vh\" ><span class=\"vc_empty_space_inner\"><\/span><\/div>\n<style>\n\t@media screen and (max-width: 640px) {\n\t\t#thb-empty-space-69de14aa5bdff {\n\t\t\theight: 0vh !important;\n\t\t}\n\t}\n<\/style>\n\t<\/div><\/div><\/div><div class=\"wpb_column columns medium-8 thb-dark-column has-fill small-12\"><div class=\"vc_column-inner   vc_custom_1770041417002\"><div class=\"wpb_wrapper\"><div class=\"vc_empty_space\" id=\"thb-empty-space-69de14aa5bf65\"  style=\"height: 24vh\" ><span class=\"vc_empty_space_inner\"><\/span><\/div>\n<style>\n\t@media screen and (max-width: 640px) {\n\t\t#thb-empty-space-69de14aa5bf65 {\n\t\t\theight: 39vh !important;\n\t\t}\n\t}\n<\/style>\n\t<\/div><\/div><\/div><\/div><div class=\"row wpb_row row-fluid no-row-padding full-width-row no-column-padding vc_custom_1681145454583 row-has-fill row-o-content-middle row-flex\"><div class=\"wpb_column columns medium-12 thb-dark-column small-12\"><div class=\"vc_column-inner\"><div class=\"wpb_wrapper\"><div class='gambit_row_scroll' data-row-entrance='fly-right' data-row-exit='none' data--5p-center-top-entrance=\"transform: translateX(0vw);\" data-bottom-top-entrance=\"transform: translateX(-100vw);\" ><\/div><\/div><\/div><\/div><div class=\"wpb_column columns medium-8 thb-dark-column has-fill small-12\"><div class=\"vc_column-inner   vc_custom_1770045220142\"><div class=\"wpb_wrapper\"><div class=\"vc_empty_space\" id=\"thb-empty-space-69de14aa5c2bb\"  style=\"height: 24vh\" ><span class=\"vc_empty_space_inner\"><\/span><\/div>\n<style>\n\t@media screen and (max-width: 640px) {\n\t\t#thb-empty-space-69de14aa5c2bb {\n\t\t\theight: 39vh !important;\n\t\t}\n\t}\n<\/style>\n\t<\/div><\/div><\/div><div class=\"wpb_column columns medium-4 thb-dark-column small-12\"><div class=\"vc_column-inner\"><div class=\"wpb_wrapper\"><div class=\"vc_empty_space\" id=\"thb-empty-space-69de14aa5c3b9\"  style=\"height: 11vh\" ><span class=\"vc_empty_space_inner\"><\/span><\/div>\n<style>\n\t@media screen and (max-width: 640px) {\n\t\t#thb-empty-space-69de14aa5c3b9 {\n\t\t\theight: 0vh !important;\n\t\t}\n\t}\n<\/style>\n\t\n\t<div class=\"wpb_text_column wpb_content_element animation fade-in  vc_custom_1682347001601\" >\n\t\t<div class=\"wpb_wrapper\">\n\t\t\t<h3>L'EFFICACIT\u00c9 \u00c9NERG\u00c9TIQUE<\/h3>\n<p>L'h\u00f4tel Encinar de Sotogrande dispose de la technologie la plus avanc\u00e9e actuellement sur le march\u00e9 en mati\u00e8re de climatisation, de ventilation et de production d'eau chaude sanitaire, ce qui, en plus d'une efficacit\u00e9 tr\u00e8s \u00e9lev\u00e9e des installations, apporte des am\u00e9liorations en termes de confort et de conditions hygi\u00e9niques saines gr\u00e2ce \u00e0 un syst\u00e8me de double filtration.<\/p>\n\n\t\t<\/div>\n\t<\/div>\n<div class=\"vc_btn3-container  wpb_animate_when_almost_visible wpb_fadeIn fadeIn vc_btn3-inline vc_custom_1681145212433\" ><a style=\"background-color:#9f8356; color:#ffffff;\" class=\"vc_general vc_btn3 vc_btn3-size-md vc_btn3-shape-round vc_btn3-style-custom\" href=\"https:\/\/hotelencinardesotogrande.com\/fr\/chambres\/\" title=\"\"><b>D\u00c9COUVRIR LES CHAMBRES<\/b><\/a><\/div><div class=\"vc_empty_space\" id=\"thb-empty-space-69de14aa5c535\"  style=\"height: 11vh\" ><span class=\"vc_empty_space_inner\"><\/span><\/div>\n<style>\n\t@media screen and (max-width: 640px) {\n\t\t#thb-empty-space-69de14aa5c535 {\n\t\t\theight: 0vh !important;\n\t\t}\n\t}\n<\/style>\n\t<\/div><\/div><\/div><\/div><div class=\"row wpb_row row-fluid swap-on-mobile no-row-padding full-width-row no-column-padding vc_custom_1687945546467 row-has-fill row-o-content-middle row-flex\"><div class=\"wpb_column columns medium-12 thb-dark-column has-fill small-12\"><div class=\"vc_column-inner   vc_custom_1681144998546\"><div class=\"wpb_wrapper\"><div class='gambit_row_scroll' data-row-entrance='fly-left' data-row-exit='none' data--5p-center-top-entrance=\"transform: translateX(0vw);\" data-bottom-top-entrance=\"transform: translateX(100vw);\" ><\/div><\/div><\/div><\/div><div class=\"wpb_column columns medium-4 thb-light-column has-fill small-12\"><div class=\"vc_column-inner   vc_custom_1681144936667\"><div class=\"wpb_wrapper\"><div class=\"vc_empty_space\" id=\"thb-empty-space-69de14aa5c7ed\"  style=\"height: 11vh\" ><span class=\"vc_empty_space_inner\"><\/span><\/div>\n<style>\n\t@media screen and (max-width: 640px) {\n\t\t#thb-empty-space-69de14aa5c7ed {\n\t\t\theight: 0vh !important;\n\t\t}\n\t}\n<\/style>\n\t\n\t<div class=\"wpb_text_column wpb_content_element animation fade-in  vc_custom_1682347058112\" >\n\t\t<div class=\"wpb_wrapper\">\n\t\t\t<h3>S\u00c9JOURS S\u00c9CURIS\u00c9S<\/h3>\n<p>Chaque chambre est \u00e9quip\u00e9e d'un syst\u00e8me de filtration de l'air \u00e0 deux niveaux install\u00e9 dans les unit\u00e9s terminales de climatisation utilisant la technologie du quadruple plasma qui fournit une qualit\u00e9 d'air similaire \u00e0 celle de l'air pur. Cette technologie de filtration innovante, contrairement \u00e0 d'autres technologies qui capturent g\u00e9n\u00e9ralement des particules, fonctionne en g\u00e9n\u00e9rant un plasma qui d\u00e9truit les parois et les membranes des bact\u00e9ries, virus, champignons, allerg\u00e8nes et autres, en les d\u00e9sactivant et en les retenant par la suite. Il peut d\u00e9sactiver des virus tels que le SARS -COV-2 \u00e0 99,8%, ce qui est certifi\u00e9 par la SEAIC (Soci\u00e9t\u00e9 espagnole d'allergologie et d'immunologie clinique).<\/p>\n\n\t\t<\/div>\n\t<\/div>\n<div class=\"vc_empty_space\" id=\"thb-empty-space-69de14aa5c8eb\"  style=\"height: 11vh\" ><span class=\"vc_empty_space_inner\"><\/span><\/div>\n<style>\n\t@media screen and (max-width: 640px) {\n\t\t#thb-empty-space-69de14aa5c8eb {\n\t\t\theight: 0vh !important;\n\t\t}\n\t}\n<\/style>\n\t<\/div><\/div><\/div><div class=\"wpb_column columns medium-8 thb-dark-column has-fill small-12\"><div class=\"vc_column-inner   vc_custom_1770041462838\"><div class=\"wpb_wrapper\"><div class=\"vc_empty_space\" id=\"thb-empty-space-69de14aa5ca51\"  style=\"height: 24vh\" ><span class=\"vc_empty_space_inner\"><\/span><\/div>\n<style>\n\t@media screen and (max-width: 640px) {\n\t\t#thb-empty-space-69de14aa5ca51 {\n\t\t\theight: 39vh !important;\n\t\t}\n\t}\n<\/style>\n\t<\/div><\/div><\/div><\/div>","protected":false},"excerpt":{"rendered":"DURABILIT\u00c9 Engagement envers le milieu, l'environnement et la consommation locale ENGAGEMENT ENVERS NOTRE ENVIRONNEMENT La durabilit\u00e9 et la symbiose maximale avec l'environnement sont l'un des piliers de la philosophie de l'h\u00f4tel Encinar de Sotogrande. Un engagement qui impr\u00e8gne toutes les op\u00e9rations et tous les services de l'h\u00f4tel, toujours \u00e0 la recherche de l'efficacit\u00e9 maximale...","protected":false},"author":1,"featured_media":1788,"parent":0,"menu_order":0,"comment_status":"closed","ping_status":"closed","template":"","meta":{"footnotes":""},"class_list":["post-718","page","type-page","status-publish","has-post-thumbnail","hentry"],"_links":{"self":[{"href":"https:\/\/hotelencinardesotogrande.com\/fr\/wp-json\/wp\/v2\/pages\/718","targetHints":{"allow":["GET"]}}],"collection":[{"href":"https:\/\/hotelencinardesotogrande.com\/fr\/wp-json\/wp\/v2\/pages"}],"about":[{"href":"https:\/\/hotelencinardesotogrande.com\/fr\/wp-json\/wp\/v2\/types\/page"}],"author":[{"embeddable":true,"href":"https:\/\/hotelencinardesotogrande.com\/fr\/wp-json\/wp\/v2\/users\/1"}],"replies":[{"embeddable":true,"href":"https:\/\/hotelencinardesotogrande.com\/fr\/wp-json\/wp\/v2\/comments?post=718"}],"version-history":[{"count":22,"href":"https:\/\/hotelencinardesotogrande.com\/fr\/wp-json\/wp\/v2\/pages\/718\/revisions"}],"predecessor-version":[{"id":1845,"href":"https:\/\/hotelencinardesotogrande.com\/fr\/wp-json\/wp\/v2\/pages\/718\/revisions\/1845"}],"wp:featuredmedia":[{"embeddable":true,"href":"https:\/\/hotelencinardesotogrande.com\/fr\/wp-json\/wp\/v2\/media\/1788"}],"wp:attachment":[{"href":"https:\/\/hotelencinardesotogrande.com\/fr\/wp-json\/wp\/v2\/media?parent=718"}],"curies":[{"name":"wp","href":"https:\/\/api.w.org\/{rel}","templated":true}]}}