{"id":731,"date":"2023-04-24T14:47:47","date_gmt":"2023-04-24T14:47:47","guid":{"rendered":"https:\/\/hotelencinardesotogrande.com\/?page_id=731"},"modified":"2025-04-01T12:11:50","modified_gmt":"2025-04-01T12:11:50","slug":"el-entorno","status":"publish","type":"page","link":"https:\/\/hotelencinardesotogrande.com\/fr\/lenvironnement\/","title":{"rendered":"LA DESTINATION"},"content":{"rendered":"<div class=\"row wpb_row row-fluid no-row-padding full-width-row no-column-padding thb-arrow-enabled thb-overlay-enabled vc_custom_1682347501867 row-has-fill\"><div class=\"text-center wpb_column columns medium-12 thb-light-column small-12\"><div class=\"vc_column-inner   vc_custom_1681142433874\"><div class=\"wpb_wrapper\"><div class=\"row wpb_row vc_inner row-fluid max_width\"><div class=\"wpb_column columns medium-2 thb-dark-column small-12\"><div class=\"vc_column-inner\"><div class=\"wpb_wrapper\"><\/div><\/div><\/div><div class=\"wpb_column columns medium-8 thb-dark-column small-12\"><div class=\"vc_column-inner   vc_custom_1681139473962\"><div class=\"wpb_wrapper\">\n\t<div class=\"wpb_text_column wpb_content_element animation bottom-to-top\" >\n\t\t<div class=\"wpb_wrapper\">\n\t\t\t<h1 style=\"text-align: center;\">LA DESTINATION<\/h1>\n\n\t\t<\/div>\n\t<\/div>\n\n\t<div class=\"wpb_text_column wpb_content_element animation bottom-to-top\" >\n\t\t<div class=\"wpb_wrapper\">\n\t\t\t<p style=\"text-align: center;\"><span style=\"font-size: x-large;\">Sotogrande : une destination \u00e0 part enti\u00e8re.<\/span><\/p>\n\n\t\t<\/div>\n\t<\/div>\n<\/div><\/div><\/div><div class=\"wpb_column columns medium-2 thb-dark-column small-12\"><div class=\"vc_column-inner\"><div class=\"wpb_wrapper\"><\/div><\/div><\/div><\/div><\/div><\/div><\/div><div class=\"scroll-bottom light style2\"><div><\/div><\/div><div id=\"thb-row-overlay-69de1be9b6072\" class=\"thb-row-overlay\"><\/div><style>\n  \t#thb-row-overlay-69de1be9b6072 {background:rgba(0,0,0,0.25);background:linear-gradient( -135deg,rgba(0,0,0,0.25),rgba(0,0,0,0.25) ); }<\/style><\/div><div class=\"row wpb_row row-fluid bookingbar finder-fixed no-row-padding full-width-row no-column-padding vc_custom_1743507899408 row-has-fill\"><div class=\"box-finder wpb_column columns medium-12 thb-dark-column small-12\"><div class=\"vc_column-inner   vc_custom_1743507884887\"><div class=\"wpb_wrapper\">\n\t<div class=\"wpb_raw_code wpb_content_element wpb_raw_html\" >\n\t\t<div class=\"wpb_wrapper\">\n\t\t\t<div data-mirai-component=\"finder\"><\/div>\n\t\t<\/div>\n\t<\/div>\n<\/div><\/div><\/div><\/div><div class=\"row wpb_row row-fluid bookingunder\"><div class=\"wpb_column columns medium-12 thb-dark-column small-12\"><div class=\"vc_column-inner\"><div class=\"wpb_wrapper\"><\/div><\/div><\/div><\/div><div class=\"row wpb_row row-fluid\"><div class=\"wpb_column columns medium-12 thb-dark-column small-12\"><div class=\"vc_column-inner\"><div class=\"wpb_wrapper\"><div class=\"row wpb_row vc_inner row-fluid max_width\"><div class=\"wpb_column columns medium-12 thb-dark-column small-12\"><div class=\"vc_column-inner\"><div class=\"wpb_wrapper\"><div class=\"vc_empty_space\" id=\"thb-empty-space-69de1be9b6b9e\"  style=\"height: 8vh\" ><span class=\"vc_empty_space_inner\"><\/span><\/div>\n<style>\n\t@media screen and (max-width: 640px) {\n\t\t#thb-empty-space-69de1be9b6b9e {\n\t\t\theight: 3vh !important;\n\t\t}\n\t}\n<\/style>\n\t<\/div><\/div><\/div><\/div>\n\t<div class=\"wpb_text_column wpb_content_element\" >\n\t\t<div class=\"wpb_wrapper\">\n\t\t\t<h3 style=\"text-align: center;\">UNE OASIS D'EXCLUSIVIT\u00c9<\/h3>\n<p style=\"text-align: center;\">Consid\u00e9r\u00e9e comme l'une des zones les plus privil\u00e9gi\u00e9es de la c\u00f4te du sud de l'Espagne, Sotogrande est devenue synonyme d'avant-garde et d'exclusivit\u00e9 dans une oasis urbaine qui l'a conduite \u00e0 devenir une destination de r\u00e9f\u00e9rence internationale tant pour les voyageurs motiv\u00e9s par un style de vie de d\u00e9tente et de confort que pour ceux qui sont attir\u00e9s par le large \u00e9ventail de sports propos\u00e9s dans la r\u00e9gion.<\/p>\n\n\t\t<\/div>\n\t<\/div>\n<\/div><\/div><\/div><\/div><div class=\"row wpb_row row-fluid swap-on-mobile no-row-padding full-width-row no-column-padding vc_custom_1689759783749 row-has-fill row-o-content-middle row-flex\"><div class=\"wpb_column columns medium-7 thb-dark-column small-12\"><div class=\"vc_column-inner   vc_custom_1689758170049\"><div class=\"wpb_wrapper\">\n\t<div class=\"wpb_text_column wpb_content_element\" >\n\t\t<div class=\"wpb_wrapper\">\n\t\t\t<h4 style=\"text-align: center;\">UNE DESTINATION<br \/>\n\u00c0 PART ENTI\u00c8RE<\/h4>\n<p style=\"text-align: center;\">Sa situation strat\u00e9gique, reli\u00e9e aux principaux centres urbains des environs, fait de Sotogrande une destination unique pour des milliers de voyageurs \u00e0 la recherche de vacances adapt\u00e9es aux besoins les plus exigeants.<\/p>\n\n\t\t<\/div>\n\t<\/div>\n<div class=\"row wpb_row vc_inner row-fluid max_width\"><div class=\"wpb_column columns medium-1\/5 small-4 thb-dark-column\"><div class=\"vc_column-inner\"><div class=\"wpb_wrapper\">\n\t<div  class=\"wpb_single_image wpb_content_element vc_align_center  vc_custom_1689759131250\">\n\t\t\n\t\t<figure class=\"wpb_wrapper vc_figure\">\n\t\t\t<div class=\"vc_single_image-wrapper   vc_box_border_grey\"><img loading=\"lazy\" decoding=\"async\" class=\"vc_single_image-img\" src=\"https:\/\/hotelencinardesotogrande.com\/wp-content\/uploads\/2023\/07\/ENCINAR-SOTOGRANDE-ICONOS_0003_Objeto-inteligente-vectorial-70x70.png\" width=\"70\" height=\"70\" alt=\"ENCINAR-SOTOGRANDE-ICONS_0003_Objet-vecteur-intelligent\" title=\"ENCINAR-SOTOGRANDE-ICONS_0003_Objet-vecteur-intelligent\" \/><\/div>\n\t\t<\/figure>\n\t<\/div>\n\t<div class=\"thb-counter counter-style5 thb-side left\" id=\"thb-counter-69de1be9b7888\" data-separator=\"\" data-format=\"(,ddd).dd\">\n\t\t\t\t\t<div class=\"counter-container\">\n\t\t\t\t\t\t\t\t\t<div class=\"counter-text counter\">+<\/div>\t\t\t\t<div class=\"h1 counter\" data-count=\"+300\" data-speed=\"2000\">0<\/div>\n\t\t\t\t\t\t\t<\/div>\n\t\t\t<h6 class=\"thb-title\"><\/h6>\n\t\t\t\t\t\t\t\t\t\t<style>\n\t\t\t#thb-counter-69de1be9b7888 .odometer.odometer-auto-theme.odometer-animating-up .odometer-ribbon-inner,\n\t\t\t#thb-counter-69de1be9b7888 .odometer.odometer-theme-minimal.odometer-animating-up .odometer-ribbon-inner {\n\t\t\t\ttransition: transform 2s;\n\t\t\t}\n\t\t\t\t\t\t\t\t\t\t\t\t\t\t<\/style>\n\t<\/div>\n\t\n\t<div class=\"wpb_text_column wpb_content_element   vc_custom_1689759721785\" >\n\t\t<div class=\"wpb_wrapper\">\n\t\t\t<p style=\"text-align: center;\">jours d'ensoleillement par an<\/p>\n\n\t\t<\/div>\n\t<\/div>\n<\/div><\/div><\/div><div class=\"wpb_column columns medium-1\/5 small-4 thb-dark-column\"><div class=\"vc_column-inner\"><div class=\"wpb_wrapper\">\n\t<div  class=\"wpb_single_image wpb_content_element vc_align_center  vc_custom_1689759190478\">\n\t\t\n\t\t<figure class=\"wpb_wrapper vc_figure\">\n\t\t\t<div class=\"vc_single_image-wrapper   vc_box_border_grey\"><img loading=\"lazy\" decoding=\"async\" class=\"vc_single_image-img\" src=\"https:\/\/hotelencinardesotogrande.com\/wp-content\/uploads\/2023\/07\/ENCINAR-SOTOGRANDE-ICONOS_0002_Objeto-inteligente-vectorial-70x70.png\" width=\"70\" height=\"70\" alt=\"ENCINAR-SOTOGRANDE-ICONS_0002_Objet-vecteur-intelligent\" title=\"ENCINAR-SOTOGRANDE-ICONS_0002_Objet-vecteur-intelligent\" \/><\/div>\n\t\t<\/figure>\n\t<\/div>\n\t<div class=\"thb-counter counter-style5 thb-side left\" id=\"thb-counter-69de1be9b8bf1\" data-separator=\"\" data-format=\"(,ddd).dd\">\n\t\t\t\t\t<div class=\"counter-container\">\n\t\t\t\t\t\t\t\t<div class=\"h1 counter\" data-count=\"24\" data-speed=\"2000\">0<\/div>\n\t\t\t\t\t\t\t\t\t<div class=\"counter-text counter\">\u00ba<\/div>\t\t\t<\/div>\n\t\t\t<h6 class=\"thb-title\"><\/h6>\n\t\t\t\t\t\t\t\t\t\t<style>\n\t\t\t#thb-counter-69de1be9b8bf1 .odometer.odometer-auto-theme.odometer-animating-up .odometer-ribbon-inner,\n\t\t\t#thb-counter-69de1be9b8bf1 .odometer.odometer-theme-minimal.odometer-animating-up .odometer-ribbon-inner {\n\t\t\t\ttransition: transform 2s;\n\t\t\t}\n\t\t\t\t\t\t\t\t\t\t\t\t\t\t<\/style>\n\t<\/div>\n\t\n\t<div class=\"wpb_text_column wpb_content_element   vc_custom_1689759726433\" >\n\t\t<div class=\"wpb_wrapper\">\n\t\t\t<p style=\"text-align: center;\">temp\u00e9rature moyenne<\/p>\n\n\t\t<\/div>\n\t<\/div>\n<\/div><\/div><\/div><div class=\"wpb_column columns medium-1\/5 small-4 thb-dark-column\"><div class=\"vc_column-inner\"><div class=\"wpb_wrapper\">\n\t<div  class=\"wpb_single_image wpb_content_element vc_align_center  vc_custom_1689759195731\">\n\t\t\n\t\t<figure class=\"wpb_wrapper vc_figure\">\n\t\t\t<div class=\"vc_single_image-wrapper   vc_box_border_grey\"><img loading=\"lazy\" decoding=\"async\" class=\"vc_single_image-img\" src=\"https:\/\/hotelencinardesotogrande.com\/wp-content\/uploads\/2023\/07\/ENCINAR-SOTOGRANDE-ICONOS_0001_Objeto-inteligente-vectorial-70x70.png\" width=\"70\" height=\"70\" alt=\"ENCINAR-SOTOGRANDE-ICONS_0001_Objet-vecteur-intelligent\" title=\"ENCINAR-SOTOGRANDE-ICONS_0001_Objet-vecteur-intelligent\" \/><\/div>\n\t\t<\/figure>\n\t<\/div>\n\t<div class=\"thb-counter counter-style5 thb-side left\" id=\"thb-counter-69de1be9b92b1\" data-separator=\"\" data-format=\"(,ddd).dd\">\n\t\t\t\t\t<div class=\"counter-container\">\n\t\t\t\t\t\t\t\t\t<div class=\"counter-text counter\">+<\/div>\t\t\t\t<div class=\"h1 counter\" data-count=\"+500\" data-speed=\"2000\">0<\/div>\n\t\t\t\t\t\t\t\t\t<div class=\"counter-text counter\">K<\/div>\t\t\t<\/div>\n\t\t\t<h6 class=\"thb-title\"><\/h6>\n\t\t\t\t\t\t\t\t\t\t<style>\n\t\t\t#thb-counter-69de1be9b92b1 .odometer.odometer-auto-theme.odometer-animating-up .odometer-ribbon-inner,\n\t\t\t#thb-counter-69de1be9b92b1 .odometer.odometer-theme-minimal.odometer-animating-up .odometer-ribbon-inner {\n\t\t\t\ttransition: transform 2s;\n\t\t\t}\n\t\t\t\t\t\t\t\t\t\t\t\t\t\t<\/style>\n\t<\/div>\n\t\n\t<div class=\"wpb_text_column wpb_content_element   vc_custom_1689759730770\" >\n\t\t<div class=\"wpb_wrapper\">\n\t\t\t<p style=\"text-align: center;\">visiteurs annuels<\/p>\n\n\t\t<\/div>\n\t<\/div>\n<\/div><\/div><\/div><div class=\"wpb_column columns medium-1\/5 small-6 thb-dark-column\"><div class=\"vc_column-inner\"><div class=\"wpb_wrapper\">\n\t<div  class=\"wpb_single_image wpb_content_element vc_align_center  vc_custom_1689759200709\">\n\t\t\n\t\t<figure class=\"wpb_wrapper vc_figure\">\n\t\t\t<div class=\"vc_single_image-wrapper   vc_box_border_grey\"><img loading=\"lazy\" decoding=\"async\" class=\"vc_single_image-img\" src=\"https:\/\/hotelencinardesotogrande.com\/wp-content\/uploads\/2023\/07\/ENCINAR-SOTOGRANDE-ICONOS_0000_Objeto-inteligente-vectorial-70x70.png\" width=\"70\" height=\"70\" alt=\"ENCINAR-SOTOGRANDE-ICONS_0000_Intelligent-Vector Object\" title=\"ENCINAR-SOTOGRANDE-ICONS_0000_Intelligent-Vector Object\" \/><\/div>\n\t\t<\/figure>\n\t<\/div>\n\t<div class=\"thb-counter counter-style5 thb-side left\" id=\"thb-counter-69de1be9b98f8\" data-separator=\"\" data-format=\"(,ddd).dd\">\n\t\t\t\t\t<div class=\"counter-container\">\n\t\t\t\t\t\t\t\t\t<div class=\"counter-text counter\">+<\/div>\t\t\t\t<div class=\"h1 counter\" data-count=\"12\" data-speed=\"2000\">0<\/div>\n\t\t\t\t\t\t\t<\/div>\n\t\t\t<h6 class=\"thb-title\"><\/h6>\n\t\t\t\t\t\t\t\t\t\t<style>\n\t\t\t#thb-counter-69de1be9b98f8 .odometer.odometer-auto-theme.odometer-animating-up .odometer-ribbon-inner,\n\t\t\t#thb-counter-69de1be9b98f8 .odometer.odometer-theme-minimal.odometer-animating-up .odometer-ribbon-inner {\n\t\t\t\ttransition: transform 2s;\n\t\t\t}\n\t\t\t\t\t\t\t\t\t\t\t\t\t\t<\/style>\n\t<\/div>\n\t\n\t<div class=\"wpb_text_column wpb_content_element   vc_custom_1689759734684\" >\n\t\t<div class=\"wpb_wrapper\">\n\t\t\t<p style=\"text-align: center;\">nationalit\u00e9s<\/p>\n\n\t\t<\/div>\n\t<\/div>\n<\/div><\/div><\/div><div class=\"wpb_column columns medium-1\/5 small-6 thb-dark-column\"><div class=\"vc_column-inner\"><div class=\"wpb_wrapper\">\n\t<div  class=\"wpb_single_image wpb_content_element vc_align_center  vc_custom_1689759233763\">\n\t\t\n\t\t<figure class=\"wpb_wrapper vc_figure\">\n\t\t\t<div class=\"vc_single_image-wrapper   vc_box_border_grey\"><img loading=\"lazy\" decoding=\"async\" class=\"vc_single_image-img\" src=\"https:\/\/hotelencinardesotogrande.com\/wp-content\/uploads\/2023\/07\/campos-de-golf-70x70.png\" width=\"70\" height=\"70\" alt=\"terrains de golf\" title=\"terrains de golf\" \/><\/div>\n\t\t<\/figure>\n\t<\/div>\n\t<div class=\"thb-counter counter-style5 thb-side left\" id=\"thb-counter-69de1be9b9ef3\" data-separator=\"\" data-format=\"(,ddd).dd\">\n\t\t\t\t\t<div class=\"counter-container\">\n\t\t\t\t\t\t\t\t<div class=\"h1 counter\" data-count=\"9\" data-speed=\"2000\">0<\/div>\n\t\t\t\t\t\t\t<\/div>\n\t\t\t<h6 class=\"thb-title\"><\/h6>\n\t\t\t\t\t\t\t\t\t\t<style>\n\t\t\t#thb-counter-69de1be9b9ef3 .odometer.odometer-auto-theme.odometer-animating-up .odometer-ribbon-inner,\n\t\t\t#thb-counter-69de1be9b9ef3 .odometer.odometer-theme-minimal.odometer-animating-up .odometer-ribbon-inner {\n\t\t\t\ttransition: transform 2s;\n\t\t\t}\n\t\t\t\t\t\t\t\t\t\t\t\t\t\t<\/style>\n\t<\/div>\n\t\n\t<div class=\"wpb_text_column wpb_content_element   vc_custom_1689759739217\" >\n\t\t<div class=\"wpb_wrapper\">\n\t\t\t<p style=\"text-align: center;\">terrains de golf<\/p>\n\n\t\t<\/div>\n\t<\/div>\n<\/div><\/div><\/div><\/div><\/div><\/div><\/div><div class=\"wpb_column columns medium-5 thb-dark-column small-12\"><div class=\"vc_column-inner\"><div class=\"wpb_wrapper\">\n\t<div  class=\"wpb_single_image wpb_content_element vc_align_center\">\n\t\t\n\t\t<figure class=\"wpb_wrapper vc_figure\">\n\t\t\t<div class=\"vc_single_image-wrapper   vc_box_border_grey\"><img loading=\"lazy\" decoding=\"async\" width=\"2552\" height=\"1996\" src=\"https:\/\/hotelencinardesotogrande.com\/wp-content\/uploads\/2023\/07\/mapa-higueron.jpg\" class=\"vc_single_image-img attachment-full\" alt=\"\" title=\"carte-higueron\" srcset=\"https:\/\/hotelencinardesotogrande.com\/wp-content\/uploads\/2023\/07\/mapa-higueron.jpg 2552w, https:\/\/hotelencinardesotogrande.com\/wp-content\/uploads\/2023\/07\/mapa-higueron-300x235.jpg 300w, https:\/\/hotelencinardesotogrande.com\/wp-content\/uploads\/2023\/07\/mapa-higueron-1024x801.jpg 1024w, https:\/\/hotelencinardesotogrande.com\/wp-content\/uploads\/2023\/07\/mapa-higueron-768x601.jpg 768w, https:\/\/hotelencinardesotogrande.com\/wp-content\/uploads\/2023\/07\/mapa-higueron-1536x1201.jpg 1536w, https:\/\/hotelencinardesotogrande.com\/wp-content\/uploads\/2023\/07\/mapa-higueron-2048x1602.jpg 2048w, https:\/\/hotelencinardesotogrande.com\/wp-content\/uploads\/2023\/07\/mapa-higueron-15x12.jpg 15w, https:\/\/hotelencinardesotogrande.com\/wp-content\/uploads\/2023\/07\/mapa-higueron-380x297.jpg 380w, https:\/\/hotelencinardesotogrande.com\/wp-content\/uploads\/2023\/07\/mapa-higueron-20x16.jpg 20w, https:\/\/hotelencinardesotogrande.com\/wp-content\/uploads\/2023\/07\/mapa-higueron-190x149.jpg 190w, https:\/\/hotelencinardesotogrande.com\/wp-content\/uploads\/2023\/07\/mapa-higueron-760x594.jpg 760w, https:\/\/hotelencinardesotogrande.com\/wp-content\/uploads\/2023\/07\/mapa-higueron-1140x892.jpg 1140w\" sizes=\"auto, (max-width: 2552px) 100vw, 2552px\" \/><\/div>\n\t\t<\/figure>\n\t<\/div>\n<\/div><\/div><\/div><\/div><div class=\"row wpb_row row-fluid\"><div class=\"wpb_column columns medium-12 thb-dark-column small-12\"><div class=\"vc_column-inner\"><div class=\"wpb_wrapper\"><div class=\"vc_empty_space\" id=\"thb-empty-space-69de1be9bab58\"  style=\"height: 5vh\" ><span class=\"vc_empty_space_inner\"><\/span><\/div>\n<\/div><\/div><\/div><\/div><div class=\"row wpb_row row-fluid full-width-row row-o-content-top row-flex\"><div class=\"wpb_column columns medium-4 thb-dark-column small-12\"><div class=\"vc_column-inner\"><div class=\"wpb_wrapper\">\n\t<div  class=\"wpb_single_image wpb_content_element vc_align_center\">\n\t\t\n\t\t<figure class=\"wpb_wrapper vc_figure\">\n\t\t\t<div class=\"vc_single_image-wrapper   vc_box_border_grey\"><img loading=\"lazy\" decoding=\"async\" width=\"1336\" height=\"892\" src=\"https:\/\/hotelencinardesotogrande.com\/wp-content\/uploads\/2023\/07\/HOTEL-ENCINAR-DE-SOTOGRANDE_0002_GOLF.jpg\" class=\"vc_single_image-img attachment-full\" alt=\"\" title=\"HOTEL-ENCINAR-DE-SOTOGRANDE_0002_GOLF\" srcset=\"https:\/\/hotelencinardesotogrande.com\/wp-content\/uploads\/2023\/07\/HOTEL-ENCINAR-DE-SOTOGRANDE_0002_GOLF.jpg 1336w, https:\/\/hotelencinardesotogrande.com\/wp-content\/uploads\/2023\/07\/HOTEL-ENCINAR-DE-SOTOGRANDE_0002_GOLF-300x200.jpg 300w, https:\/\/hotelencinardesotogrande.com\/wp-content\/uploads\/2023\/07\/HOTEL-ENCINAR-DE-SOTOGRANDE_0002_GOLF-1024x684.jpg 1024w, https:\/\/hotelencinardesotogrande.com\/wp-content\/uploads\/2023\/07\/HOTEL-ENCINAR-DE-SOTOGRANDE_0002_GOLF-768x513.jpg 768w, https:\/\/hotelencinardesotogrande.com\/wp-content\/uploads\/2023\/07\/HOTEL-ENCINAR-DE-SOTOGRANDE_0002_GOLF-18x12.jpg 18w, https:\/\/hotelencinardesotogrande.com\/wp-content\/uploads\/2023\/07\/HOTEL-ENCINAR-DE-SOTOGRANDE_0002_GOLF-380x254.jpg 380w, https:\/\/hotelencinardesotogrande.com\/wp-content\/uploads\/2023\/07\/HOTEL-ENCINAR-DE-SOTOGRANDE_0002_GOLF-190x127.jpg 190w, https:\/\/hotelencinardesotogrande.com\/wp-content\/uploads\/2023\/07\/HOTEL-ENCINAR-DE-SOTOGRANDE_0002_GOLF-760x507.jpg 760w, https:\/\/hotelencinardesotogrande.com\/wp-content\/uploads\/2023\/07\/HOTEL-ENCINAR-DE-SOTOGRANDE_0002_GOLF-1140x761.jpg 1140w, https:\/\/hotelencinardesotogrande.com\/wp-content\/uploads\/2023\/07\/HOTEL-ENCINAR-DE-SOTOGRANDE_0002_GOLF-20x13.jpg 20w\" sizes=\"auto, (max-width: 1336px) 100vw, 1336px\" \/><\/div>\n\t\t<\/figure>\n\t<\/div>\n\n\t<div class=\"wpb_text_column wpb_content_element\" >\n\t\t<div class=\"wpb_wrapper\">\n\t\t\t<h4 style=\"text-align: center;\">GOLF<\/h4>\n<p style=\"text-align: center;\">Sotogrande est devenue une destination espagnole de golf \u00e0 part enti\u00e8re et abrite 9 des meilleurs terrains de golf du continent, avec des parcours de 9, 18 et 27 trous.<br \/>\nLes nombreux tournois internationaux qui ont lieu chaque ann\u00e9e \u00e0 Sotogrande t\u00e9moignent d'un engagement ferme en faveur de cette pratique.<\/p>\n\n\t\t<\/div>\n\t<\/div>\n<\/div><\/div><\/div><div class=\"wpb_column columns medium-4 thb-dark-column small-12\"><div class=\"vc_column-inner\"><div class=\"wpb_wrapper\">\n\t<div  class=\"wpb_single_image wpb_content_element vc_align_center\">\n\t\t\n\t\t<figure class=\"wpb_wrapper vc_figure\">\n\t\t\t<div class=\"vc_single_image-wrapper   vc_box_border_grey\"><img loading=\"lazy\" decoding=\"async\" width=\"1336\" height=\"892\" src=\"https:\/\/hotelencinardesotogrande.com\/wp-content\/uploads\/2023\/07\/HOTEL-ENCINAR-DE-SOTOGRANDE_0001_POLO.jpg\" class=\"vc_single_image-img attachment-full\" alt=\"\" title=\"HOTEL-ENCINAR-DE-SOTOGRANDE_0001_POLO\" srcset=\"https:\/\/hotelencinardesotogrande.com\/wp-content\/uploads\/2023\/07\/HOTEL-ENCINAR-DE-SOTOGRANDE_0001_POLO.jpg 1336w, https:\/\/hotelencinardesotogrande.com\/wp-content\/uploads\/2023\/07\/HOTEL-ENCINAR-DE-SOTOGRANDE_0001_POLO-300x200.jpg 300w, https:\/\/hotelencinardesotogrande.com\/wp-content\/uploads\/2023\/07\/HOTEL-ENCINAR-DE-SOTOGRANDE_0001_POLO-1024x684.jpg 1024w, https:\/\/hotelencinardesotogrande.com\/wp-content\/uploads\/2023\/07\/HOTEL-ENCINAR-DE-SOTOGRANDE_0001_POLO-768x513.jpg 768w, https:\/\/hotelencinardesotogrande.com\/wp-content\/uploads\/2023\/07\/HOTEL-ENCINAR-DE-SOTOGRANDE_0001_POLO-18x12.jpg 18w, https:\/\/hotelencinardesotogrande.com\/wp-content\/uploads\/2023\/07\/HOTEL-ENCINAR-DE-SOTOGRANDE_0001_POLO-380x254.jpg 380w, https:\/\/hotelencinardesotogrande.com\/wp-content\/uploads\/2023\/07\/HOTEL-ENCINAR-DE-SOTOGRANDE_0001_POLO-190x127.jpg 190w, https:\/\/hotelencinardesotogrande.com\/wp-content\/uploads\/2023\/07\/HOTEL-ENCINAR-DE-SOTOGRANDE_0001_POLO-760x507.jpg 760w, https:\/\/hotelencinardesotogrande.com\/wp-content\/uploads\/2023\/07\/HOTEL-ENCINAR-DE-SOTOGRANDE_0001_POLO-1140x761.jpg 1140w, https:\/\/hotelencinardesotogrande.com\/wp-content\/uploads\/2023\/07\/HOTEL-ENCINAR-DE-SOTOGRANDE_0001_POLO-20x13.jpg 20w\" sizes=\"auto, (max-width: 1336px) 100vw, 1336px\" \/><\/div>\n\t\t<\/figure>\n\t<\/div>\n\n\t<div class=\"wpb_text_column wpb_content_element\" >\n\t\t<div class=\"wpb_wrapper\">\n\t\t\t<h4 style=\"text-align: center;\">POLO<\/h4>\n<p style=\"text-align: center;\">Depuis les ann\u00e9es 1960, Sotogrande est \u00e9troitement li\u00e9e \u00e0 la pratique du polo. Avec de nombreux tournois de renomm\u00e9e internationale, Sotogrande poss\u00e8de l'un des trois clubs les plus importants d'Europe et son tournoi d'\u00e9t\u00e9, qui r\u00e9unit les personnes les plus influentes de la sph\u00e8re internationale, a \u00e9t\u00e9 d\u00e9clar\u00e9 Bien d'int\u00e9r\u00eat touristique en Andalousie.<\/p>\n\n\t\t<\/div>\n\t<\/div>\n<\/div><\/div><\/div><div class=\"wpb_column columns medium-4 thb-dark-column small-12\"><div class=\"vc_column-inner\"><div class=\"wpb_wrapper\">\n\t<div  class=\"wpb_single_image wpb_content_element vc_align_center\">\n\t\t\n\t\t<figure class=\"wpb_wrapper vc_figure\">\n\t\t\t<div class=\"vc_single_image-wrapper   vc_box_border_grey\"><img loading=\"lazy\" decoding=\"async\" width=\"1336\" height=\"892\" src=\"https:\/\/hotelencinardesotogrande.com\/wp-content\/uploads\/2023\/07\/HOTEL-ENCINAR-DE-SOTOGRANDE_0000_NAUTICA.jpg\" class=\"vc_single_image-img attachment-full\" alt=\"\" title=\"HOTEL-ENCINAR-DE-SOTOGRANDE_0000_NAUTICA\" srcset=\"https:\/\/hotelencinardesotogrande.com\/wp-content\/uploads\/2023\/07\/HOTEL-ENCINAR-DE-SOTOGRANDE_0000_NAUTICA.jpg 1336w, https:\/\/hotelencinardesotogrande.com\/wp-content\/uploads\/2023\/07\/HOTEL-ENCINAR-DE-SOTOGRANDE_0000_NAUTICA-300x200.jpg 300w, https:\/\/hotelencinardesotogrande.com\/wp-content\/uploads\/2023\/07\/HOTEL-ENCINAR-DE-SOTOGRANDE_0000_NAUTICA-1024x684.jpg 1024w, https:\/\/hotelencinardesotogrande.com\/wp-content\/uploads\/2023\/07\/HOTEL-ENCINAR-DE-SOTOGRANDE_0000_NAUTICA-768x513.jpg 768w, https:\/\/hotelencinardesotogrande.com\/wp-content\/uploads\/2023\/07\/HOTEL-ENCINAR-DE-SOTOGRANDE_0000_NAUTICA-18x12.jpg 18w, https:\/\/hotelencinardesotogrande.com\/wp-content\/uploads\/2023\/07\/HOTEL-ENCINAR-DE-SOTOGRANDE_0000_NAUTICA-380x254.jpg 380w, https:\/\/hotelencinardesotogrande.com\/wp-content\/uploads\/2023\/07\/HOTEL-ENCINAR-DE-SOTOGRANDE_0000_NAUTICA-190x127.jpg 190w, https:\/\/hotelencinardesotogrande.com\/wp-content\/uploads\/2023\/07\/HOTEL-ENCINAR-DE-SOTOGRANDE_0000_NAUTICA-760x507.jpg 760w, https:\/\/hotelencinardesotogrande.com\/wp-content\/uploads\/2023\/07\/HOTEL-ENCINAR-DE-SOTOGRANDE_0000_NAUTICA-1140x761.jpg 1140w, https:\/\/hotelencinardesotogrande.com\/wp-content\/uploads\/2023\/07\/HOTEL-ENCINAR-DE-SOTOGRANDE_0000_NAUTICA-20x13.jpg 20w\" sizes=\"auto, (max-width: 1336px) 100vw, 1336px\" \/><\/div>\n\t\t<\/figure>\n\t<\/div>\n\n\t<div class=\"wpb_text_column wpb_content_element\" >\n\t\t<div class=\"wpb_wrapper\">\n\t\t\t<h4 style=\"text-align: center;\">NAUTIQUE<\/h4>\n<p style=\"text-align: center;\">Le port de plaisance de Sotogrande, l'un des plus grands ports de plaisance d'Espagne, est une r\u00e9f\u00e9rence en mati\u00e8re d'installations nautiques en Andalousie.<br \/>\nLe port de Sotogrande compl\u00e8te son offre avec un espace de loisirs, des restaurants et des boutiques.<\/p>\n\n\t\t<\/div>\n\t<\/div>\n<\/div><\/div><\/div><\/div><div class=\"row wpb_row row-fluid no-row-padding full-width-row no-column-padding vc_custom_1681144036511 row-has-fill\"><div class=\"wpb_column columns medium-12 thb-dark-column small-12\"><div class=\"vc_column-inner\"><div class=\"wpb_wrapper\"><div class='gambit_row_scroll' data-row-entrance='scale-smaller' data-row-exit='none' data--5p-center-top-entrance=\"transform: scale(1);transform-origin: !50% 0%;opacity: 1;\" data-bottom-top-entrance=\"transform: scale(1.2);transform-origin: !50% 0%;opacity: 0.4;\" ><\/div><div class=\"wpb_gmaps_widget wpb_content_element\"><div class=\"wpb_wrapper\"><div class=\"wpb_map_wraper\"><iframe src=\"https:\/\/www.google.com\/maps\/embed?pb=!1m18!1m12!1m3!1d51456.69693972656!2d-5.353886195810802!3d36.28699297228276!2m3!1f0!2f0!3f0!3m2!1i1024!2i768!4f13.1!3m3!1m2!1s0xd0cc300285cda31%3A0xade00cb47659d6bc!2sHotel%20Encinar%20de%20Sotogrande!5e0!3m2!1ses!2ses!4v1684928280434!5m2!1ses!2ses\" width=\"1200\" height=\"850\" style=\"border:0;\" allowfullscreen=\"\" loading=\"lazy\" referrerpolicy=\"no-referrer-when-downgrade\"><\/iframe><\/div><\/div><\/div><\/div><\/div><\/div><\/div>","protected":false},"excerpt":{"rendered":"L'ENVIRONNEMENT Sotogrande : une destination \u00e0 part enti\u00e8re. UNE OASIS D'EXCLUSIVIT\u00c9 Consid\u00e9r\u00e9e comme l'une des zones les plus privil\u00e9gi\u00e9es de la c\u00f4te du sud de l'Espagne, Sotogrande est devenue synonyme d'avant-garde et d'exclusivit\u00e9 dans une oasis urbaine qui l'a conduite \u00e0 devenir une destination de r\u00e9f\u00e9rence internationale pour les voyageurs du monde entier....","protected":false},"author":1,"featured_media":732,"parent":0,"menu_order":0,"comment_status":"closed","ping_status":"closed","template":"","meta":{"footnotes":""},"class_list":["post-731","page","type-page","status-publish","has-post-thumbnail","hentry"],"_links":{"self":[{"href":"https:\/\/hotelencinardesotogrande.com\/fr\/wp-json\/wp\/v2\/pages\/731","targetHints":{"allow":["GET"]}}],"collection":[{"href":"https:\/\/hotelencinardesotogrande.com\/fr\/wp-json\/wp\/v2\/pages"}],"about":[{"href":"https:\/\/hotelencinardesotogrande.com\/fr\/wp-json\/wp\/v2\/types\/page"}],"author":[{"embeddable":true,"href":"https:\/\/hotelencinardesotogrande.com\/fr\/wp-json\/wp\/v2\/users\/1"}],"replies":[{"embeddable":true,"href":"https:\/\/hotelencinardesotogrande.com\/fr\/wp-json\/wp\/v2\/comments?post=731"}],"version-history":[{"count":21,"href":"https:\/\/hotelencinardesotogrande.com\/fr\/wp-json\/wp\/v2\/pages\/731\/revisions"}],"predecessor-version":[{"id":1568,"href":"https:\/\/hotelencinardesotogrande.com\/fr\/wp-json\/wp\/v2\/pages\/731\/revisions\/1568"}],"wp:featuredmedia":[{"embeddable":true,"href":"https:\/\/hotelencinardesotogrande.com\/fr\/wp-json\/wp\/v2\/media\/732"}],"wp:attachment":[{"href":"https:\/\/hotelencinardesotogrande.com\/fr\/wp-json\/wp\/v2\/media?parent=731"}],"curies":[{"name":"wp","href":"https:\/\/api.w.org\/{rel}","templated":true}]}}