{"id":991,"date":"2023-07-13T09:45:31","date_gmt":"2023-07-13T09:45:31","guid":{"rendered":"https:\/\/hotelencinardesotogrande.com\/?page_id=991"},"modified":"2026-02-02T13:33:08","modified_gmt":"2026-02-02T13:33:08","slug":"legacy-superior","status":"publish","type":"page","link":"https:\/\/hotelencinardesotogrande.com\/fr\/chambres\/legacy-superior\/","title":{"rendered":"LEGACY SUPERIOR"},"content":{"rendered":"<div class=\"row wpb_row row-fluid no-row-padding full-width-row no-column-padding vc_custom_1689241089835 row-has-fill\"><div class=\"wpb_column columns medium-12 thb-dark-column small-12\"><div class=\"vc_column-inner\"><div class=\"wpb_wrapper\"><div class=\"vc_empty_space\" id=\"thb-empty-space-69de235b2bde5\"  style=\"height: 7vh\" ><span class=\"vc_empty_space_inner\"><\/span><\/div>\n\n\t<div class=\"wpb_text_column wpb_content_element\" >\n\t\t<div class=\"wpb_wrapper\">\n\t\t\t<h3 style=\"text-align: center;\">LEGACY SUPERIOR<\/h3>\n<h6 style=\"text-align: center;\"><a href=\"https:\/\/hotelencinardesotogrande.com\/fr\/chambres\/\">&lt; TOUTES LES CHAMBRES<\/a><\/h6>\n\n\t\t<\/div>\n\t<\/div>\n<div class=\"vc_empty_space\" id=\"thb-empty-space-69de235b36340\"  style=\"height: 3vh\" ><span class=\"vc_empty_space_inner\"><\/span><\/div>\n<\/div><\/div><\/div><\/div><div class=\"row wpb_row row-fluid no-row-padding full-width-row no-column-padding vc_custom_1689241236857 row-has-fill row-o-content-top row-flex\"><div class=\"wpb_column columns medium-6 thb-dark-column small-12\"><div class=\"vc_column-inner   vc_custom_1689241035572\"><div class=\"wpb_wrapper\">\n\t<div class=\"wpb_text_column wpb_content_element\" >\n\t\t<div class=\"wpb_wrapper\">\n\t\t\t<p>R\u00e9parties en deux chambres, elles sont l'expression maximale du bien-\u00eatre et du confort. Elles sont \u00e9quip\u00e9es de l'air conditionn\u00e9, du Wifi, d'un d\u00e9tecteur de pr\u00e9sence pour l'\u00e9clairage nocturne, de machines \u00e0 caf\u00e9 et \u00e0 th\u00e9 Nespresso\u00ae, de produits Rituals\u00ae, d'un choix d'oreillers dans la chambre (sur demande), d'un s\u00e8che-cheveux, d'un minibar, d'un coffre-fort, d'un fer et d'une planche \u00e0 repasser, ou d'une t\u00e9l\u00e9vision de 50 pouces avec des cha\u00eenes par satellite.<\/p>\n<p>Taille de la chambre : <strong>32 m\u00b2 env.<\/strong><\/p>\n\n\t\t<\/div>\n\t<\/div>\n<\/div><\/div><\/div><div class=\"wpb_column columns medium-6 thb-dark-column small-12\"><div class=\"vc_column-inner\"><div class=\"wpb_wrapper\"><div class=\"row wpb_row vc_inner row-fluid max_width\"><div class=\"wpb_column columns medium-4 thb-dark-column small-12\"><div class=\"vc_column-inner\"><div class=\"wpb_wrapper\">\n\t<div class=\"wpb_text_column wpb_content_element\" >\n\t\t<div class=\"wpb_wrapper\">\n\t\t\t<ul>\n<li>50\u2033 TV<\/li>\n<li>Le fer<\/li>\n<li>Salon<\/li>\n<li class=\"\">Machine \u00e0 caf\u00e9\/th\u00e9i\u00e8re Nespresso<\/li>\n<li class=\"\">Bureau<\/li>\n<li class=\"\">Balcon<\/li>\n<li class=\"\">T\u00e9l\u00e9phone<\/li>\n<li class=\"\">Climatisation<\/li>\n<li class=\"\">Chauffage<\/li>\n<\/ul>\n\n\t\t<\/div>\n\t<\/div>\n<\/div><\/div><\/div><div class=\"wpb_column columns medium-4 thb-dark-column small-12\"><div class=\"vc_column-inner\"><div class=\"wpb_wrapper\">\n\t<div class=\"wpb_text_column wpb_content_element\" >\n\t\t<div class=\"wpb_wrapper\">\n\t\t\t<ul>\n<li>Minibar payant<\/li>\n<li class=\"\">Coffre-fort gratuit<\/li>\n<li class=\"\">Internet wifi gratuit<\/li>\n<li class=\"\">Sol carrel\u00e9<\/li>\n<li class=\"\">Service de r\u00e9veil<\/li>\n<li class=\"\">Possibilit\u00e9 de petit-d\u00e9jeuner dans la chambre<\/li>\n<li class=\"\">Fen\u00eatres insonoris\u00e9es<\/li>\n<\/ul>\n\n\t\t<\/div>\n\t<\/div>\n<\/div><\/div><\/div><div class=\"wpb_column columns medium-4 thb-dark-column small-12\"><div class=\"vc_column-inner\"><div class=\"wpb_wrapper\">\n\t<div class=\"wpb_text_column wpb_content_element\" >\n\t\t<div class=\"wpb_wrapper\">\n\t\t\t<h6>Salle de bain priv\u00e9e :<\/h6>\n<ul>\n<li class=\"\">Toilettes<\/li>\n<li class=\"\">Douche<\/li>\n<li class=\"\">S\u00e8che-cheveux<\/li>\n<li class=\"\">Miroir de maquillage<\/li>\n<li>Produits de bain Rituals<\/li>\n<li>Peignoir et pantoufles<\/li>\n<\/ul>\n\n\t\t<\/div>\n\t<\/div>\n<\/div><\/div><\/div><\/div><\/div><\/div><\/div><\/div><div class=\"row wpb_row row-fluid no-row-padding full-width-row no-column-padding vc_custom_1689241089835 row-has-fill\"><div class=\"wpb_column columns medium-12 thb-dark-column small-12\"><div class=\"vc_column-inner\"><div class=\"wpb_wrapper\">\t<div id=\"thb-image-slider-890\" class=\"thb-image-slider thb-carousel row  overflow-visible  thb_equal_height\" data-pagination=\"true\" data-center=\"\" data-columns=\"small-12 medium-6\" data-infinite=\"true\" data-autoplay=\"true\" data-autoplay-speed=\"4000\" data-navigation=\"\">\n\t\t\t\t\t\t<figure class=\"columns\">\n\t\t\t\t\t\t\t\t<img loading=\"lazy\" decoding=\"async\" width=\"2560\" height=\"1707\" src=\"https:\/\/hotelencinardesotogrande.com\/wp-content\/uploads\/2026\/02\/241024-HOTEL-ENCINAR-SOTOGRANDE-30-scaled.jpg\" class=\"attachment-full size-full\" alt=\"\" srcset=\"https:\/\/hotelencinardesotogrande.com\/wp-content\/uploads\/2026\/02\/241024-HOTEL-ENCINAR-SOTOGRANDE-30-scaled.jpg 2560w, https:\/\/hotelencinardesotogrande.com\/wp-content\/uploads\/2026\/02\/241024-HOTEL-ENCINAR-SOTOGRANDE-30-300x200.jpg 300w, https:\/\/hotelencinardesotogrande.com\/wp-content\/uploads\/2026\/02\/241024-HOTEL-ENCINAR-SOTOGRANDE-30-1024x683.jpg 1024w, https:\/\/hotelencinardesotogrande.com\/wp-content\/uploads\/2026\/02\/241024-HOTEL-ENCINAR-SOTOGRANDE-30-768x512.jpg 768w, https:\/\/hotelencinardesotogrande.com\/wp-content\/uploads\/2026\/02\/241024-HOTEL-ENCINAR-SOTOGRANDE-30-1536x1024.jpg 1536w, https:\/\/hotelencinardesotogrande.com\/wp-content\/uploads\/2026\/02\/241024-HOTEL-ENCINAR-SOTOGRANDE-30-2048x1365.jpg 2048w, https:\/\/hotelencinardesotogrande.com\/wp-content\/uploads\/2026\/02\/241024-HOTEL-ENCINAR-SOTOGRANDE-30-18x12.jpg 18w, https:\/\/hotelencinardesotogrande.com\/wp-content\/uploads\/2026\/02\/241024-HOTEL-ENCINAR-SOTOGRANDE-30-380x253.jpg 380w, https:\/\/hotelencinardesotogrande.com\/wp-content\/uploads\/2026\/02\/241024-HOTEL-ENCINAR-SOTOGRANDE-30-190x127.jpg 190w, https:\/\/hotelencinardesotogrande.com\/wp-content\/uploads\/2026\/02\/241024-HOTEL-ENCINAR-SOTOGRANDE-30-760x507.jpg 760w, https:\/\/hotelencinardesotogrande.com\/wp-content\/uploads\/2026\/02\/241024-HOTEL-ENCINAR-SOTOGRANDE-30-1140x760.jpg 1140w, https:\/\/hotelencinardesotogrande.com\/wp-content\/uploads\/2026\/02\/241024-HOTEL-ENCINAR-SOTOGRANDE-30-20x13.jpg 20w\" sizes=\"auto, (max-width: 2560px) 100vw, 2560px\" \/>\t\t\t\t\t\t\t\t<\/figure>\n\t\t\t\t\t\t\t<figure class=\"columns\">\n\t\t\t\t\t\t\t\t<img loading=\"lazy\" decoding=\"async\" width=\"2560\" height=\"1707\" src=\"https:\/\/hotelencinardesotogrande.com\/wp-content\/uploads\/2026\/02\/241024-HOTEL-ENCINAR-SOTOGRANDE-31-scaled.jpg\" class=\"attachment-full size-full\" alt=\"\" srcset=\"https:\/\/hotelencinardesotogrande.com\/wp-content\/uploads\/2026\/02\/241024-HOTEL-ENCINAR-SOTOGRANDE-31-scaled.jpg 2560w, https:\/\/hotelencinardesotogrande.com\/wp-content\/uploads\/2026\/02\/241024-HOTEL-ENCINAR-SOTOGRANDE-31-300x200.jpg 300w, https:\/\/hotelencinardesotogrande.com\/wp-content\/uploads\/2026\/02\/241024-HOTEL-ENCINAR-SOTOGRANDE-31-1024x683.jpg 1024w, https:\/\/hotelencinardesotogrande.com\/wp-content\/uploads\/2026\/02\/241024-HOTEL-ENCINAR-SOTOGRANDE-31-768x512.jpg 768w, https:\/\/hotelencinardesotogrande.com\/wp-content\/uploads\/2026\/02\/241024-HOTEL-ENCINAR-SOTOGRANDE-31-1536x1024.jpg 1536w, https:\/\/hotelencinardesotogrande.com\/wp-content\/uploads\/2026\/02\/241024-HOTEL-ENCINAR-SOTOGRANDE-31-2048x1365.jpg 2048w, https:\/\/hotelencinardesotogrande.com\/wp-content\/uploads\/2026\/02\/241024-HOTEL-ENCINAR-SOTOGRANDE-31-18x12.jpg 18w, https:\/\/hotelencinardesotogrande.com\/wp-content\/uploads\/2026\/02\/241024-HOTEL-ENCINAR-SOTOGRANDE-31-380x253.jpg 380w, https:\/\/hotelencinardesotogrande.com\/wp-content\/uploads\/2026\/02\/241024-HOTEL-ENCINAR-SOTOGRANDE-31-190x127.jpg 190w, https:\/\/hotelencinardesotogrande.com\/wp-content\/uploads\/2026\/02\/241024-HOTEL-ENCINAR-SOTOGRANDE-31-760x507.jpg 760w, https:\/\/hotelencinardesotogrande.com\/wp-content\/uploads\/2026\/02\/241024-HOTEL-ENCINAR-SOTOGRANDE-31-1140x760.jpg 1140w, https:\/\/hotelencinardesotogrande.com\/wp-content\/uploads\/2026\/02\/241024-HOTEL-ENCINAR-SOTOGRANDE-31-20x13.jpg 20w\" sizes=\"auto, (max-width: 2560px) 100vw, 2560px\" \/>\t\t\t\t\t\t\t\t<\/figure>\n\t\t\t\t\t\t\t<figure class=\"columns\">\n\t\t\t\t\t\t\t\t<img loading=\"lazy\" decoding=\"async\" width=\"2560\" height=\"1707\" src=\"https:\/\/hotelencinardesotogrande.com\/wp-content\/uploads\/2026\/02\/241024-HOTEL-ENCINAR-SOTOGRANDE-33-scaled.jpg\" class=\"attachment-full size-full\" alt=\"\" srcset=\"https:\/\/hotelencinardesotogrande.com\/wp-content\/uploads\/2026\/02\/241024-HOTEL-ENCINAR-SOTOGRANDE-33-scaled.jpg 2560w, https:\/\/hotelencinardesotogrande.com\/wp-content\/uploads\/2026\/02\/241024-HOTEL-ENCINAR-SOTOGRANDE-33-300x200.jpg 300w, https:\/\/hotelencinardesotogrande.com\/wp-content\/uploads\/2026\/02\/241024-HOTEL-ENCINAR-SOTOGRANDE-33-1024x683.jpg 1024w, https:\/\/hotelencinardesotogrande.com\/wp-content\/uploads\/2026\/02\/241024-HOTEL-ENCINAR-SOTOGRANDE-33-768x512.jpg 768w, https:\/\/hotelencinardesotogrande.com\/wp-content\/uploads\/2026\/02\/241024-HOTEL-ENCINAR-SOTOGRANDE-33-1536x1024.jpg 1536w, https:\/\/hotelencinardesotogrande.com\/wp-content\/uploads\/2026\/02\/241024-HOTEL-ENCINAR-SOTOGRANDE-33-2048x1365.jpg 2048w, https:\/\/hotelencinardesotogrande.com\/wp-content\/uploads\/2026\/02\/241024-HOTEL-ENCINAR-SOTOGRANDE-33-18x12.jpg 18w, https:\/\/hotelencinardesotogrande.com\/wp-content\/uploads\/2026\/02\/241024-HOTEL-ENCINAR-SOTOGRANDE-33-380x253.jpg 380w, https:\/\/hotelencinardesotogrande.com\/wp-content\/uploads\/2026\/02\/241024-HOTEL-ENCINAR-SOTOGRANDE-33-190x127.jpg 190w, https:\/\/hotelencinardesotogrande.com\/wp-content\/uploads\/2026\/02\/241024-HOTEL-ENCINAR-SOTOGRANDE-33-760x507.jpg 760w, https:\/\/hotelencinardesotogrande.com\/wp-content\/uploads\/2026\/02\/241024-HOTEL-ENCINAR-SOTOGRANDE-33-1140x760.jpg 1140w, https:\/\/hotelencinardesotogrande.com\/wp-content\/uploads\/2026\/02\/241024-HOTEL-ENCINAR-SOTOGRANDE-33-20x13.jpg 20w\" sizes=\"auto, (max-width: 2560px) 100vw, 2560px\" \/>\t\t\t\t\t\t\t\t<\/figure>\n\t\t\t\t\t\t\t<figure class=\"columns\">\n\t\t\t\t\t\t\t\t<img loading=\"lazy\" decoding=\"async\" width=\"2560\" height=\"1707\" src=\"https:\/\/hotelencinardesotogrande.com\/wp-content\/uploads\/2026\/02\/241024-HOTEL-ENCINAR-SOTOGRANDE-32-scaled.jpg\" class=\"attachment-full size-full\" alt=\"\" srcset=\"https:\/\/hotelencinardesotogrande.com\/wp-content\/uploads\/2026\/02\/241024-HOTEL-ENCINAR-SOTOGRANDE-32-scaled.jpg 2560w, https:\/\/hotelencinardesotogrande.com\/wp-content\/uploads\/2026\/02\/241024-HOTEL-ENCINAR-SOTOGRANDE-32-300x200.jpg 300w, https:\/\/hotelencinardesotogrande.com\/wp-content\/uploads\/2026\/02\/241024-HOTEL-ENCINAR-SOTOGRANDE-32-1024x683.jpg 1024w, https:\/\/hotelencinardesotogrande.com\/wp-content\/uploads\/2026\/02\/241024-HOTEL-ENCINAR-SOTOGRANDE-32-768x512.jpg 768w, https:\/\/hotelencinardesotogrande.com\/wp-content\/uploads\/2026\/02\/241024-HOTEL-ENCINAR-SOTOGRANDE-32-1536x1024.jpg 1536w, https:\/\/hotelencinardesotogrande.com\/wp-content\/uploads\/2026\/02\/241024-HOTEL-ENCINAR-SOTOGRANDE-32-2048x1365.jpg 2048w, https:\/\/hotelencinardesotogrande.com\/wp-content\/uploads\/2026\/02\/241024-HOTEL-ENCINAR-SOTOGRANDE-32-18x12.jpg 18w, https:\/\/hotelencinardesotogrande.com\/wp-content\/uploads\/2026\/02\/241024-HOTEL-ENCINAR-SOTOGRANDE-32-380x253.jpg 380w, https:\/\/hotelencinardesotogrande.com\/wp-content\/uploads\/2026\/02\/241024-HOTEL-ENCINAR-SOTOGRANDE-32-190x127.jpg 190w, https:\/\/hotelencinardesotogrande.com\/wp-content\/uploads\/2026\/02\/241024-HOTEL-ENCINAR-SOTOGRANDE-32-760x507.jpg 760w, https:\/\/hotelencinardesotogrande.com\/wp-content\/uploads\/2026\/02\/241024-HOTEL-ENCINAR-SOTOGRANDE-32-1140x760.jpg 1140w, https:\/\/hotelencinardesotogrande.com\/wp-content\/uploads\/2026\/02\/241024-HOTEL-ENCINAR-SOTOGRANDE-32-20x13.jpg 20w\" sizes=\"auto, (max-width: 2560px) 100vw, 2560px\" \/>\t\t\t\t\t\t\t\t<\/figure>\n\t\t\t\t\t\t\t<figure class=\"columns\">\n\t\t\t\t\t\t\t\t<img loading=\"lazy\" decoding=\"async\" width=\"1707\" height=\"2560\" src=\"https:\/\/hotelencinardesotogrande.com\/wp-content\/uploads\/2026\/02\/241024-HOTEL-ENCINAR-SOTOGRANDE-46-scaled.jpg\" class=\"attachment-full size-full\" alt=\"\" srcset=\"https:\/\/hotelencinardesotogrande.com\/wp-content\/uploads\/2026\/02\/241024-HOTEL-ENCINAR-SOTOGRANDE-46-scaled.jpg 1707w, https:\/\/hotelencinardesotogrande.com\/wp-content\/uploads\/2026\/02\/241024-HOTEL-ENCINAR-SOTOGRANDE-46-200x300.jpg 200w, https:\/\/hotelencinardesotogrande.com\/wp-content\/uploads\/2026\/02\/241024-HOTEL-ENCINAR-SOTOGRANDE-46-683x1024.jpg 683w, https:\/\/hotelencinardesotogrande.com\/wp-content\/uploads\/2026\/02\/241024-HOTEL-ENCINAR-SOTOGRANDE-46-768x1152.jpg 768w, https:\/\/hotelencinardesotogrande.com\/wp-content\/uploads\/2026\/02\/241024-HOTEL-ENCINAR-SOTOGRANDE-46-1024x1536.jpg 1024w, https:\/\/hotelencinardesotogrande.com\/wp-content\/uploads\/2026\/02\/241024-HOTEL-ENCINAR-SOTOGRANDE-46-1365x2048.jpg 1365w, https:\/\/hotelencinardesotogrande.com\/wp-content\/uploads\/2026\/02\/241024-HOTEL-ENCINAR-SOTOGRANDE-46-8x12.jpg 8w, https:\/\/hotelencinardesotogrande.com\/wp-content\/uploads\/2026\/02\/241024-HOTEL-ENCINAR-SOTOGRANDE-46-380x570.jpg 380w, https:\/\/hotelencinardesotogrande.com\/wp-content\/uploads\/2026\/02\/241024-HOTEL-ENCINAR-SOTOGRANDE-46-20x30.jpg 20w, https:\/\/hotelencinardesotogrande.com\/wp-content\/uploads\/2026\/02\/241024-HOTEL-ENCINAR-SOTOGRANDE-46-190x285.jpg 190w, https:\/\/hotelencinardesotogrande.com\/wp-content\/uploads\/2026\/02\/241024-HOTEL-ENCINAR-SOTOGRANDE-46-760x1140.jpg 760w, https:\/\/hotelencinardesotogrande.com\/wp-content\/uploads\/2026\/02\/241024-HOTEL-ENCINAR-SOTOGRANDE-46-1140x1710.jpg 1140w\" sizes=\"auto, (max-width: 1707px) 100vw, 1707px\" \/>\t\t\t\t\t\t\t\t<\/figure>\n\t\t\t\t<\/div>\n\t<\/div><\/div><\/div><\/div>","protected":false},"excerpt":{"rendered":"LEGACY SUPERIOR &lt; ALL ROOMS Distribu\u00e9es en deux chambres, elles sont l&#039;expression maximale du bien-\u00eatre et du confort. Elles compl\u00e8tent leur distribution par une grande terrasse avec table et chaises o\u00f9 vous pourrez vous d\u00e9tendre et vous laisser porter par la chaude brise de Sotogrande. Elles compl\u00e8tent leur distribution par une grande terrasse avec table et chaises o\u00f9 vous pourrez vous d\u00e9tendre et vous laisser porter par la chaude brise de Sotogrande. \u00c9quip\u00e9es de l&#039;air conditionn\u00e9, du Wifi, d&#039;un d\u00e9tecteur de pr\u00e9sence pour l&#039;\u00e9clairage nocturne, de caf\u00e9 et de th\u00e9 Nespresso\u00ae...","protected":false},"author":1,"featured_media":985,"parent":578,"menu_order":0,"comment_status":"closed","ping_status":"closed","template":"","meta":{"footnotes":""},"class_list":["post-991","page","type-page","status-publish","has-post-thumbnail","hentry"],"_links":{"self":[{"href":"https:\/\/hotelencinardesotogrande.com\/fr\/wp-json\/wp\/v2\/pages\/991","targetHints":{"allow":["GET"]}}],"collection":[{"href":"https:\/\/hotelencinardesotogrande.com\/fr\/wp-json\/wp\/v2\/pages"}],"about":[{"href":"https:\/\/hotelencinardesotogrande.com\/fr\/wp-json\/wp\/v2\/types\/page"}],"author":[{"embeddable":true,"href":"https:\/\/hotelencinardesotogrande.com\/fr\/wp-json\/wp\/v2\/users\/1"}],"replies":[{"embeddable":true,"href":"https:\/\/hotelencinardesotogrande.com\/fr\/wp-json\/wp\/v2\/comments?post=991"}],"version-history":[{"count":7,"href":"https:\/\/hotelencinardesotogrande.com\/fr\/wp-json\/wp\/v2\/pages\/991\/revisions"}],"predecessor-version":[{"id":1813,"href":"https:\/\/hotelencinardesotogrande.com\/fr\/wp-json\/wp\/v2\/pages\/991\/revisions\/1813"}],"up":[{"embeddable":true,"href":"https:\/\/hotelencinardesotogrande.com\/fr\/wp-json\/wp\/v2\/pages\/578"}],"wp:featuredmedia":[{"embeddable":true,"href":"https:\/\/hotelencinardesotogrande.com\/fr\/wp-json\/wp\/v2\/media\/985"}],"wp:attachment":[{"href":"https:\/\/hotelencinardesotogrande.com\/fr\/wp-json\/wp\/v2\/media?parent=991"}],"curies":[{"name":"wp","href":"https:\/\/api.w.org\/{rel}","templated":true}]}}