{"id":995,"date":"2023-07-13T09:46:54","date_gmt":"2023-07-13T09:46:54","guid":{"rendered":"https:\/\/hotelencinardesotogrande.com\/?page_id=995"},"modified":"2023-07-13T09:46:54","modified_gmt":"2023-07-13T09:46:54","slug":"superior","status":"publish","type":"page","link":"https:\/\/hotelencinardesotogrande.com\/fr\/chambres\/superior\/","title":{"rendered":"SUP\u00c9RIEUR"},"content":{"rendered":"<div class=\"row wpb_row row-fluid no-row-padding full-width-row no-column-padding vc_custom_1689241089835 row-has-fill\"><div class=\"wpb_column columns medium-12 thb-dark-column small-12\"><div class=\"vc_column-inner\"><div class=\"wpb_wrapper\"><div class=\"vc_empty_space\" id=\"thb-empty-space-69f56ac93837e\"  style=\"height: 7vh\" ><span class=\"vc_empty_space_inner\"><\/span><\/div>\n\n\t<div class=\"wpb_text_column wpb_content_element\" >\n\t\t<div class=\"wpb_wrapper\">\n\t\t\t<h3 style=\"text-align: center;\">SUP\u00c9RIEUR<\/h3>\n<h6 style=\"text-align: center;\"><a href=\"https:\/\/hotelencinardesotogrande.com\/fr\/chambres\/\">&lt; TOUTES LES CHAMBRES<\/a><\/h6>\n\n\t\t<\/div>\n\t<\/div>\n<div class=\"vc_empty_space\" id=\"thb-empty-space-69f56ac93848c\"  style=\"height: 3vh\" ><span class=\"vc_empty_space_inner\"><\/span><\/div>\n<\/div><\/div><\/div><\/div><div class=\"row wpb_row row-fluid no-row-padding full-width-row no-column-padding vc_custom_1689241236857 row-has-fill row-o-content-top row-flex\"><div class=\"wpb_column columns medium-6 thb-dark-column small-12\"><div class=\"vc_column-inner   vc_custom_1689241035572\"><div class=\"wpb_wrapper\">\n\t<div class=\"wpb_text_column wpb_content_element\" >\n\t\t<div class=\"wpb_wrapper\">\n\t\t\t<p>Chambre spacieuse en 2 pi\u00e8ces avec un total de 32m2. Elles disposent d'une terrasse avec table et 2 chaises. Enti\u00e8rement \u00e9quip\u00e9e. Air conditionn\u00e9, Wifi, Terrasse, Peignoir, Commodit\u00e9s, S\u00e9lection d'oreillers dans la chambre (sur demande), S\u00e8che-cheveux, Miroir grossissant, Minibar, Coffre-fort, TV 50\" avec cha\u00eenes satellite, Fer \u00e0 repasser et Planche \u00e0 repasser, Douche.<\/p>\n<p>Taille de la chambre : <strong>32 m\u00b2 env.<\/strong><\/p>\n\n\t\t<\/div>\n\t<\/div>\n<\/div><\/div><\/div><div class=\"wpb_column columns medium-6 thb-dark-column small-12\"><div class=\"vc_column-inner\"><div class=\"wpb_wrapper\"><div class=\"row wpb_row vc_inner row-fluid max_width\"><div class=\"wpb_column columns medium-4 thb-dark-column small-12\"><div class=\"vc_column-inner\"><div class=\"wpb_wrapper\">\n\t<div class=\"wpb_text_column wpb_content_element\" >\n\t\t<div class=\"wpb_wrapper\">\n\t\t\t<ul>\n<li>Le fer<\/li>\n<li>Salon<\/li>\n<li class=\"\">Cafeti\u00e8re\/th\u00e9i\u00e8re<\/li>\n<li class=\"\">Bureau<\/li>\n<li class=\"\">Balcon<\/li>\n<li class=\"\">T\u00e9l\u00e9phone<\/li>\n<li class=\"\">Climatisation<\/li>\n<li class=\"\">Chauffage<\/li>\n<\/ul>\n\n\t\t<\/div>\n\t<\/div>\n<\/div><\/div><\/div><div class=\"wpb_column columns medium-4 thb-dark-column small-12\"><div class=\"vc_column-inner\"><div class=\"wpb_wrapper\">\n\t<div class=\"wpb_text_column wpb_content_element\" >\n\t\t<div class=\"wpb_wrapper\">\n\t\t\t<ul>\n<li>Minibar payant<\/li>\n<li class=\"\">Coffre-fort gratuit<\/li>\n<li class=\"\">Internet wifi gratuit<\/li>\n<li class=\"\">Sol carrel\u00e9<\/li>\n<li class=\"\">Service de r\u00e9veil<\/li>\n<li class=\"\">Possibilit\u00e9 de petit-d\u00e9jeuner dans la chambre<\/li>\n<li class=\"\">Fen\u00eatres insonoris\u00e9es<\/li>\n<\/ul>\n\n\t\t<\/div>\n\t<\/div>\n<\/div><\/div><\/div><div class=\"wpb_column columns medium-4 thb-dark-column small-12\"><div class=\"vc_column-inner\"><div class=\"wpb_wrapper\">\n\t<div class=\"wpb_text_column wpb_content_element\" >\n\t\t<div class=\"wpb_wrapper\">\n\t\t\t<h6>Salle de bain priv\u00e9e :<\/h6>\n<ul>\n<li class=\"\">Toilettes<\/li>\n<li class=\"\">Douche<\/li>\n<li class=\"\">S\u00e8che-cheveux<\/li>\n<li class=\"\">Miroir de maquillage<\/li>\n<li>\u00c9quipements de salle de bains<\/li>\n<\/ul>\n\n\t\t<\/div>\n\t<\/div>\n<\/div><\/div><\/div><\/div><\/div><\/div><\/div><\/div><div class=\"row wpb_row row-fluid no-row-padding full-width-row no-column-padding vc_custom_1689241089835 row-has-fill\"><div class=\"wpb_column columns medium-12 thb-dark-column small-12\"><div class=\"vc_column-inner\"><div class=\"wpb_wrapper\">\t<div id=\"thb-image-slider-637\" class=\"thb-image-slider thb-carousel row  overflow-visible  thb_equal_height\" data-pagination=\"true\" data-center=\"\" data-columns=\"small-12 medium-6\" data-infinite=\"true\" data-autoplay=\"true\" data-autoplay-speed=\"4000\" data-navigation=\"\">\n\t\t\t\t\t\t<figure class=\"columns\">\n\t\t\t\t\t\t\t\t<img loading=\"lazy\" decoding=\"async\" width=\"1024\" height=\"699\" src=\"https:\/\/hotelencinardesotogrande.com\/wp-content\/uploads\/2023\/07\/N1ubp3OlYPy8bvoytJrm_large.jpg\" class=\"attachment-full size-full\" alt=\"\" srcset=\"https:\/\/hotelencinardesotogrande.com\/wp-content\/uploads\/2023\/07\/N1ubp3OlYPy8bvoytJrm_large.jpg 1024w, https:\/\/hotelencinardesotogrande.com\/wp-content\/uploads\/2023\/07\/N1ubp3OlYPy8bvoytJrm_large-300x205.jpg 300w, https:\/\/hotelencinardesotogrande.com\/wp-content\/uploads\/2023\/07\/N1ubp3OlYPy8bvoytJrm_large-768x524.jpg 768w, https:\/\/hotelencinardesotogrande.com\/wp-content\/uploads\/2023\/07\/N1ubp3OlYPy8bvoytJrm_large-18x12.jpg 18w, https:\/\/hotelencinardesotogrande.com\/wp-content\/uploads\/2023\/07\/N1ubp3OlYPy8bvoytJrm_large-380x259.jpg 380w, https:\/\/hotelencinardesotogrande.com\/wp-content\/uploads\/2023\/07\/N1ubp3OlYPy8bvoytJrm_large-20x14.jpg 20w, https:\/\/hotelencinardesotogrande.com\/wp-content\/uploads\/2023\/07\/N1ubp3OlYPy8bvoytJrm_large-190x130.jpg 190w, https:\/\/hotelencinardesotogrande.com\/wp-content\/uploads\/2023\/07\/N1ubp3OlYPy8bvoytJrm_large-760x519.jpg 760w\" sizes=\"auto, (max-width: 1024px) 100vw, 1024px\" \/>\t\t\t\t\t\t\t\t<\/figure>\n\t\t\t\t\t\t\t<figure class=\"columns\">\n\t\t\t\t\t\t\t\t<img loading=\"lazy\" decoding=\"async\" width=\"1024\" height=\"683\" src=\"https:\/\/hotelencinardesotogrande.com\/wp-content\/uploads\/2023\/07\/TXW0MdRmTnvtTpHbkZFC_large.jpg\" class=\"attachment-full size-full\" alt=\"\" srcset=\"https:\/\/hotelencinardesotogrande.com\/wp-content\/uploads\/2023\/07\/TXW0MdRmTnvtTpHbkZFC_large.jpg 1024w, https:\/\/hotelencinardesotogrande.com\/wp-content\/uploads\/2023\/07\/TXW0MdRmTnvtTpHbkZFC_large-300x200.jpg 300w, https:\/\/hotelencinardesotogrande.com\/wp-content\/uploads\/2023\/07\/TXW0MdRmTnvtTpHbkZFC_large-768x512.jpg 768w, https:\/\/hotelencinardesotogrande.com\/wp-content\/uploads\/2023\/07\/TXW0MdRmTnvtTpHbkZFC_large-18x12.jpg 18w, https:\/\/hotelencinardesotogrande.com\/wp-content\/uploads\/2023\/07\/TXW0MdRmTnvtTpHbkZFC_large-380x253.jpg 380w, https:\/\/hotelencinardesotogrande.com\/wp-content\/uploads\/2023\/07\/TXW0MdRmTnvtTpHbkZFC_large-190x127.jpg 190w, https:\/\/hotelencinardesotogrande.com\/wp-content\/uploads\/2023\/07\/TXW0MdRmTnvtTpHbkZFC_large-760x507.jpg 760w, https:\/\/hotelencinardesotogrande.com\/wp-content\/uploads\/2023\/07\/TXW0MdRmTnvtTpHbkZFC_large-20x13.jpg 20w\" sizes=\"auto, (max-width: 1024px) 100vw, 1024px\" \/>\t\t\t\t\t\t\t\t<\/figure>\n\t\t\t\t<\/div>\n\t<\/div><\/div><\/div><\/div>","protected":false},"excerpt":{"rendered":"SUP\u00c9RIEUR &lt; TOUTES LES CHAMBRES Chambre spacieuse dans 2 chambres avec un total de 32m2. Elles disposent d&#039;une terrasse avec une table et 2 chaises. Enti\u00e8rement \u00e9quip\u00e9e. Air conditionn\u00e9, Wifi, Terrasse, Peignoir, Commodit\u00e9s, S\u00e9lection d&#039;oreillers dans la chambre (sur demande), S\u00e8che-cheveux, Miroir grossissant, Minibar, Coffre-fort, TV 50&quot; avec cha\u00eenes satellite, Fer et planche \u00e0 repasser,...","protected":false},"author":1,"featured_media":996,"parent":578,"menu_order":0,"comment_status":"closed","ping_status":"closed","template":"","meta":{"footnotes":""},"class_list":["post-995","page","type-page","status-publish","has-post-thumbnail","hentry"],"_links":{"self":[{"href":"https:\/\/hotelencinardesotogrande.com\/fr\/wp-json\/wp\/v2\/pages\/995","targetHints":{"allow":["GET"]}}],"collection":[{"href":"https:\/\/hotelencinardesotogrande.com\/fr\/wp-json\/wp\/v2\/pages"}],"about":[{"href":"https:\/\/hotelencinardesotogrande.com\/fr\/wp-json\/wp\/v2\/types\/page"}],"author":[{"embeddable":true,"href":"https:\/\/hotelencinardesotogrande.com\/fr\/wp-json\/wp\/v2\/users\/1"}],"replies":[{"embeddable":true,"href":"https:\/\/hotelencinardesotogrande.com\/fr\/wp-json\/wp\/v2\/comments?post=995"}],"version-history":[{"count":1,"href":"https:\/\/hotelencinardesotogrande.com\/fr\/wp-json\/wp\/v2\/pages\/995\/revisions"}],"predecessor-version":[{"id":997,"href":"https:\/\/hotelencinardesotogrande.com\/fr\/wp-json\/wp\/v2\/pages\/995\/revisions\/997"}],"up":[{"embeddable":true,"href":"https:\/\/hotelencinardesotogrande.com\/fr\/wp-json\/wp\/v2\/pages\/578"}],"wp:featuredmedia":[{"embeddable":true,"href":"https:\/\/hotelencinardesotogrande.com\/fr\/wp-json\/wp\/v2\/media\/996"}],"wp:attachment":[{"href":"https:\/\/hotelencinardesotogrande.com\/fr\/wp-json\/wp\/v2\/media?parent=995"}],"curies":[{"name":"wp","href":"https:\/\/api.w.org\/{rel}","templated":true}]}}